{"id":5244,"date":"2023-07-24T09:27:03","date_gmt":"2023-07-24T06:27:03","guid":{"rendered":"https:\/\/yeni.vasel.com.tr\/?post_type=product&#038;p=5244"},"modified":"2023-07-24T09:54:32","modified_gmt":"2023-07-24T06:54:32","slug":"220-vs1040t5-86-4-vasel-vinc-crane-cable-festoon-system-kablo-arabasi-cable-trolley-carrier","status":"publish","type":"product","link":"https:\/\/yeni.vasel.com.tr\/ru\/220-vs1040t5-86-4-vasel-vinc-crane-cable-festoon-system-kablo-arabasi-cable-trolley-carrier\/","title":{"rendered":"\u00c7elik Araba (komple \u00e7elik)"},"content":{"rendered":"<table width=\"428\">\n<tbody>\n<tr>\n<td width=\"219\">Ta\u015f\u0131c\u0131 Tekerlek<\/td>\n<td width=\"209\">\u00c7elik Ta\u015f\u0131y\u0131c\u0131 Tekerlek<\/td>\n<\/tr>\n<tr>\n<td>\u041c\u0430\u0442\u0435\u0440\u0438\u0430\u043b<\/td>\n<td width=\"209\">\u00c7elik G\u00f6vde<br \/>\n\u00c7elik Kablo Ba\u011flant\u0131 Aparat\u0131<br \/>\nGalvanizli G\u00f6vde<\/td>\n<\/tr>\n<tr>\n<td>\u00c7al\u0131\u015fma S\u0131cakl\u0131\u011f\u0131<\/td>\n<td width=\"209\">\u00a0-30\u00b0C to +70\u00b0C<\/td>\n<\/tr>\n<tr>\n<td>Max. Kablo Ta\u015f\u0131ma Kapasitesi<\/td>\n<td width=\"209\">25 kg<\/td>\n<\/tr>\n<tr>\n<td>A\u011f\u0131rl\u0131k (kg)<\/td>\n<td>0,5<\/td>\n<\/tr>\n<\/tbody>\n<\/table>","protected":false},"excerpt":{"rendered":"<table width=\"288\">\n<tbody>\n<tr>\n<td width=\"32\">a1<\/td>\n<td width=\"32\">a2<\/td>\n<td width=\"32\">b1<\/td>\n<td width=\"32\">b2<\/td>\n<td width=\"32\">s<\/td>\n<td width=\"32\">h<\/td>\n<td width=\"32\">w1<\/td>\n<td width=\"32\">w2<\/td>\n<td width=\"32\">\u00d8D<\/td>\n<\/tr>\n<tr>\n<td>64<\/td>\n<td>87<\/td>\n<td>85<\/td>\n<td>44<\/td>\n<td>17<\/td>\n<td>22<\/td>\n<td>31<\/td>\n<td>32<\/td>\n<td>50<\/td>\n<\/tr>\n<\/tbody>\n<\/table>","protected":false},"featured_media":5245,"comment_status":"closed","ping_status":"closed","template":"","meta":{"_et_pb_use_builder":"","_et_pb_old_content":"","_et_gb_content_width":""},"product_brand":[],"product_cat":[221,218],"product_tag":[],"class_list":{"0":"post-5244","1":"product","2":"type-product","3":"status-publish","4":"has-post-thumbnail","6":"product_cat-1040-vasel-vinc-c-profil-kablo-tasima-sistemleri-crane-cable-festoon-system-c-rail-c-profil-c-track","7":"product_cat-vasel-vinc-c-profil-kablo-tasima-sistemleri-crane-cable-festoon-system-c-rail-c-profil-c-track","9":"first","10":"instock","11":"shipping-taxable","12":"product-type-simple"},"_links":{"self":[{"href":"https:\/\/yeni.vasel.com.tr\/ru\/wp-json\/wp\/v2\/product\/5244","targetHints":{"allow":["GET"]}}],"collection":[{"href":"https:\/\/yeni.vasel.com.tr\/ru\/wp-json\/wp\/v2\/product"}],"about":[{"href":"https:\/\/yeni.vasel.com.tr\/ru\/wp-json\/wp\/v2\/types\/product"}],"replies":[{"embeddable":true,"href":"https:\/\/yeni.vasel.com.tr\/ru\/wp-json\/wp\/v2\/comments?post=5244"}],"wp:featuredmedia":[{"embeddable":true,"href":"https:\/\/yeni.vasel.com.tr\/ru\/wp-json\/wp\/v2\/media\/5245"}],"wp:attachment":[{"href":"https:\/\/yeni.vasel.com.tr\/ru\/wp-json\/wp\/v2\/media?parent=5244"}],"wp:term":[{"taxonomy":"product_brand","embeddable":true,"href":"https:\/\/yeni.vasel.com.tr\/ru\/wp-json\/wp\/v2\/product_brand?post=5244"},{"taxonomy":"product_cat","embeddable":true,"href":"https:\/\/yeni.vasel.com.tr\/ru\/wp-json\/wp\/v2\/product_cat?post=5244"},{"taxonomy":"product_tag","embeddable":true,"href":"https:\/\/yeni.vasel.com.tr\/ru\/wp-json\/wp\/v2\/product_tag?post=5244"}],"curies":[{"name":"wp","href":"https:\/\/api.w.org\/{rel}","templated":true}]}}