{"id":5159,"date":"2023-07-19T13:04:41","date_gmt":"2023-07-19T10:04:41","guid":{"rendered":"https:\/\/yeni.vasel.com.tr\/?post_type=product&#038;p=5159"},"modified":"2023-07-19T13:04:41","modified_gmt":"2023-07-19T10:04:41","slug":"640-vs1032p9-vasel-vinc-crane-cable-festoon-system-kablo-on-araba-cable-tow-trolley-u-bolt","status":"publish","type":"product","link":"https:\/\/yeni.vasel.com.tr\/ru\/640-vs1032p9-vasel-vinc-crane-cable-festoon-system-kablo-on-araba-cable-tow-trolley-u-bolt\/","title":{"rendered":"\u00d6n Araba (u-bolt)"},"content":{"rendered":"<table width=\"360\">\n<tbody>\n<tr>\n<td width=\"215\">Ta\u015f\u0131c\u0131 Tekerlek<\/td>\n<td width=\"145\">\u00c7elik Ta\u015f\u0131y\u0131c\u0131 Tekerlek<\/td>\n<\/tr>\n<tr>\n<td>\u041c\u0430\u0442\u0435\u0440\u0438\u0430\u043b<\/td>\n<td width=\"145\">\u00c7elik G\u00f6vde<br \/>\nGalvanizli G\u00f6vde<\/td>\n<\/tr>\n<tr>\n<td>\u00c7al\u0131\u015fma S\u0131cakl\u0131\u011f\u0131<\/td>\n<td width=\"145\">\u00a0-30\u00b0C to +70\u00b0C<\/td>\n<\/tr>\n<tr>\n<td>Max. Kablo Ta\u015f\u0131ma Kapasitesi<\/td>\n<td>16 kg<\/td>\n<\/tr>\n<tr>\n<td>A\u011f\u0131rl\u0131k (kg)<\/td>\n<td width=\"145\">0,56<\/td>\n<\/tr>\n<\/tbody>\n<\/table>","protected":false},"excerpt":{"rendered":"<table width=\"315\">\n<tbody>\n<tr>\n<td width=\"35\">a<\/td>\n<td width=\"35\">b1<\/td>\n<td width=\"35\">b2<\/td>\n<td width=\"35\">b3<\/td>\n<td width=\"35\">t<\/td>\n<td width=\"35\">h1<\/td>\n<td width=\"35\">h2<\/td>\n<td width=\"35\">w1<\/td>\n<td width=\"35\">w2<\/td>\n<\/tr>\n<tr>\n<td width=\"35\">87<\/td>\n<td width=\"35\">85<\/td>\n<td width=\"35\">50<\/td>\n<td width=\"35\">35<\/td>\n<td width=\"35\">2,5<\/td>\n<td width=\"35\">53<\/td>\n<td>48<\/td>\n<td>25<\/td>\n<td>24<\/td>\n<\/tr>\n<\/tbody>\n<\/table>","protected":false},"featured_media":5160,"comment_status":"closed","ping_status":"closed","template":"","meta":{"_et_pb_use_builder":"","_et_pb_old_content":"","_et_gb_content_width":""},"product_brand":[],"product_cat":[220,218],"product_tag":[],"class_list":{"0":"post-5159","1":"product","2":"type-product","3":"status-publish","4":"has-post-thumbnail","6":"product_cat-1032-vasel-vinc-c-profil-kablo-tasima-sistemleri-crane-cable-festoon-system-c-rail-c-profil-c-track","7":"product_cat-vasel-vinc-c-profil-kablo-tasima-sistemleri-crane-cable-festoon-system-c-rail-c-profil-c-track","9":"first","10":"instock","11":"shipping-taxable","12":"product-type-simple"},"_links":{"self":[{"href":"https:\/\/yeni.vasel.com.tr\/ru\/wp-json\/wp\/v2\/product\/5159","targetHints":{"allow":["GET"]}}],"collection":[{"href":"https:\/\/yeni.vasel.com.tr\/ru\/wp-json\/wp\/v2\/product"}],"about":[{"href":"https:\/\/yeni.vasel.com.tr\/ru\/wp-json\/wp\/v2\/types\/product"}],"replies":[{"embeddable":true,"href":"https:\/\/yeni.vasel.com.tr\/ru\/wp-json\/wp\/v2\/comments?post=5159"}],"wp:featuredmedia":[{"embeddable":true,"href":"https:\/\/yeni.vasel.com.tr\/ru\/wp-json\/wp\/v2\/media\/5160"}],"wp:attachment":[{"href":"https:\/\/yeni.vasel.com.tr\/ru\/wp-json\/wp\/v2\/media?parent=5159"}],"wp:term":[{"taxonomy":"product_brand","embeddable":true,"href":"https:\/\/yeni.vasel.com.tr\/ru\/wp-json\/wp\/v2\/product_brand?post=5159"},{"taxonomy":"product_cat","embeddable":true,"href":"https:\/\/yeni.vasel.com.tr\/ru\/wp-json\/wp\/v2\/product_cat?post=5159"},{"taxonomy":"product_tag","embeddable":true,"href":"https:\/\/yeni.vasel.com.tr\/ru\/wp-json\/wp\/v2\/product_tag?post=5159"}],"curies":[{"name":"wp","href":"https:\/\/api.w.org\/{rel}","templated":true}]}}