{"id":5140,"date":"2023-07-17T16:00:40","date_gmt":"2023-07-17T13:00:40","guid":{"rendered":"https:\/\/yeni.vasel.com.tr\/?post_type=product&#038;p=5140"},"modified":"2023-07-17T17:22:17","modified_gmt":"2023-07-17T14:22:17","slug":"600-vs1032t6-vasel-vinc-crane-cable-festoon-system-kablo-arabasi-cable-trolley-ball-joint-round","status":"publish","type":"product","link":"https:\/\/yeni.vasel.com.tr\/ru\/600-vs1032t6-vasel-vinc-crane-cable-festoon-system-kablo-arabasi-cable-trolley-ball-joint-round\/","title":{"rendered":"Poliamid Kablo Arabas\u0131 (ball joint)"},"content":{"rendered":"<table width=\"441\">\n<tbody>\n<tr>\n<td width=\"215\">Ta\u015f\u0131c\u0131 Tekerlek<\/td>\n<td width=\"226\">\u00c7elik Ta\u015f\u0131y\u0131c\u0131 Tekerlek<\/td>\n<\/tr>\n<tr>\n<td>\u041c\u0430\u0442\u0435\u0440\u0438\u0430\u043b<\/td>\n<td width=\"226\">Plastik Ta\u015f\u0131y\u0131c\u0131 G\u00f6vde<br \/>\nPlastik Ball Joint<br \/>\nGalvanizli G\u00f6vde<\/td>\n<\/tr>\n<tr>\n<td>\u00c7al\u0131\u015fma S\u0131cakl\u0131\u011f\u0131<\/td>\n<td width=\"226\">\u00a0-30\u00b0C to +70\u00b0C<\/td>\n<\/tr>\n<tr>\n<td>Max. Kablo Ta\u015f\u0131ma Kapasitesi<\/td>\n<td>8 kg<\/td>\n<\/tr>\n<tr>\n<td>A\u011f\u0131rl\u0131k (kg)<\/td>\n<td>0,15<\/td>\n<\/tr>\n<\/tbody>\n<\/table>","protected":false},"excerpt":{"rendered":"<table width=\"143\">\n<tbody>\n<tr>\n<td width=\"21\">a<\/td>\n<td width=\"28\">b1<\/td>\n<td width=\"28\">b2<\/td>\n<td width=\"21\">h<\/td>\n<td width=\"21\">w1<\/td>\n<td width=\"24\">w2<\/td>\n<\/tr>\n<tr>\n<td width=\"21\">86<\/td>\n<td width=\"28\">82<\/td>\n<td width=\"28\">56<\/td>\n<td width=\"21\">52<\/td>\n<td width=\"21\">25<\/td>\n<td width=\"24\">24<\/td>\n<\/tr>\n<\/tbody>\n<\/table>","protected":false},"featured_media":5141,"comment_status":"closed","ping_status":"closed","template":"","meta":{"_et_pb_use_builder":"","_et_pb_old_content":"","_et_gb_content_width":""},"product_brand":[],"product_cat":[220,218],"product_tag":[],"class_list":{"0":"post-5140","1":"product","2":"type-product","3":"status-publish","4":"has-post-thumbnail","6":"product_cat-1032-vasel-vinc-c-profil-kablo-tasima-sistemleri-crane-cable-festoon-system-c-rail-c-profil-c-track","7":"product_cat-vasel-vinc-c-profil-kablo-tasima-sistemleri-crane-cable-festoon-system-c-rail-c-profil-c-track","9":"first","10":"instock","11":"shipping-taxable","12":"product-type-simple"},"_links":{"self":[{"href":"https:\/\/yeni.vasel.com.tr\/ru\/wp-json\/wp\/v2\/product\/5140","targetHints":{"allow":["GET"]}}],"collection":[{"href":"https:\/\/yeni.vasel.com.tr\/ru\/wp-json\/wp\/v2\/product"}],"about":[{"href":"https:\/\/yeni.vasel.com.tr\/ru\/wp-json\/wp\/v2\/types\/product"}],"replies":[{"embeddable":true,"href":"https:\/\/yeni.vasel.com.tr\/ru\/wp-json\/wp\/v2\/comments?post=5140"}],"wp:featuredmedia":[{"embeddable":true,"href":"https:\/\/yeni.vasel.com.tr\/ru\/wp-json\/wp\/v2\/media\/5141"}],"wp:attachment":[{"href":"https:\/\/yeni.vasel.com.tr\/ru\/wp-json\/wp\/v2\/media?parent=5140"}],"wp:term":[{"taxonomy":"product_brand","embeddable":true,"href":"https:\/\/yeni.vasel.com.tr\/ru\/wp-json\/wp\/v2\/product_brand?post=5140"},{"taxonomy":"product_cat","embeddable":true,"href":"https:\/\/yeni.vasel.com.tr\/ru\/wp-json\/wp\/v2\/product_cat?post=5140"},{"taxonomy":"product_tag","embeddable":true,"href":"https:\/\/yeni.vasel.com.tr\/ru\/wp-json\/wp\/v2\/product_tag?post=5140"}],"curies":[{"name":"wp","href":"https:\/\/api.w.org\/{rel}","templated":true}]}}