{"id":4557,"date":"2023-06-26T11:22:48","date_gmt":"2023-06-26T08:22:48","guid":{"rendered":"https:\/\/yeni.vasel.com.tr\/?post_type=product&#038;p=4557"},"modified":"2023-06-26T11:22:48","modified_gmt":"2023-06-26T08:22:48","slug":"130-vs1011s4-vasel-vinc-crane-cable-festoon-system-sasi-baglanti-kolu-support-towing-arm","status":"publish","type":"product","link":"https:\/\/yeni.vasel.com.tr\/ru\/130-vs1011s4-vasel-vinc-crane-cable-festoon-system-sasi-baglanti-kolu-support-towing-arm\/","title":{"rendered":"\u015easi Ba\u011flant\u0131 Kolu\/\u2026\u2026mm(1011 Serisi)"},"content":{"rendered":"<table width=\"219\">\n<tbody>\n<tr>\n<td width=\"82\">\u041c\u0430\u0442\u0435\u0440\u0438\u0430\u043b<\/td>\n<td width=\"137\">\u00c7elik (galvanizli)<\/td>\n<\/tr>\n<\/tbody>\n<\/table>","protected":false},"excerpt":{"rendered":"<table width=\"175\">\n<tbody>\n<tr>\n<td width=\"35\">a1<\/td>\n<td width=\"35\">a2<\/td>\n<td width=\"35\">b1<\/td>\n<td width=\"35\">b2<\/td>\n<td width=\"35\">t<\/td>\n<\/tr>\n<tr>\n<td width=\"35\">80<\/td>\n<td width=\"35\">60<\/td>\n<td width=\"35\">80<\/td>\n<td width=\"35\">60<\/td>\n<td width=\"35\">5<\/td>\n<\/tr>\n<\/tbody>\n<\/table>","protected":false},"featured_media":4558,"comment_status":"closed","ping_status":"closed","template":"","meta":{"_et_pb_use_builder":"","_et_pb_old_content":"","_et_gb_content_width":""},"product_brand":[],"product_cat":[220,218],"product_tag":[],"class_list":{"0":"post-4557","1":"product","2":"type-product","3":"status-publish","4":"has-post-thumbnail","6":"product_cat-1032-vasel-vinc-c-profil-kablo-tasima-sistemleri-crane-cable-festoon-system-c-rail-c-profil-c-track","7":"product_cat-vasel-vinc-c-profil-kablo-tasima-sistemleri-crane-cable-festoon-system-c-rail-c-profil-c-track","9":"first","10":"instock","11":"shipping-taxable","12":"product-type-simple"},"_links":{"self":[{"href":"https:\/\/yeni.vasel.com.tr\/ru\/wp-json\/wp\/v2\/product\/4557","targetHints":{"allow":["GET"]}}],"collection":[{"href":"https:\/\/yeni.vasel.com.tr\/ru\/wp-json\/wp\/v2\/product"}],"about":[{"href":"https:\/\/yeni.vasel.com.tr\/ru\/wp-json\/wp\/v2\/types\/product"}],"replies":[{"embeddable":true,"href":"https:\/\/yeni.vasel.com.tr\/ru\/wp-json\/wp\/v2\/comments?post=4557"}],"wp:featuredmedia":[{"embeddable":true,"href":"https:\/\/yeni.vasel.com.tr\/ru\/wp-json\/wp\/v2\/media\/4558"}],"wp:attachment":[{"href":"https:\/\/yeni.vasel.com.tr\/ru\/wp-json\/wp\/v2\/media?parent=4557"}],"wp:term":[{"taxonomy":"product_brand","embeddable":true,"href":"https:\/\/yeni.vasel.com.tr\/ru\/wp-json\/wp\/v2\/product_brand?post=4557"},{"taxonomy":"product_cat","embeddable":true,"href":"https:\/\/yeni.vasel.com.tr\/ru\/wp-json\/wp\/v2\/product_cat?post=4557"},{"taxonomy":"product_tag","embeddable":true,"href":"https:\/\/yeni.vasel.com.tr\/ru\/wp-json\/wp\/v2\/product_tag?post=4557"}],"curies":[{"name":"wp","href":"https:\/\/api.w.org\/{rel}","templated":true}]}}