{"id":4545,"date":"2023-06-26T10:53:41","date_gmt":"2023-06-26T07:53:41","guid":{"rendered":"https:\/\/yeni.vasel.com.tr\/?post_type=product&#038;p=4545"},"modified":"2023-06-26T10:53:41","modified_gmt":"2023-06-26T07:53:41","slug":"90-vs1011b-vasel-vinc-crane-cable-festoon-system-baglanti-profili-support-bar-arm","status":"publish","type":"product","link":"https:\/\/yeni.vasel.com.tr\/ru\/90-vs1011b-vasel-vinc-crane-cable-festoon-system-baglanti-profili-support-bar-arm\/","title":{"rendered":"Ba\u011flant\u0131 Profili (1011 serisi)"},"content":{"rendered":"<table width=\"225\">\n<tbody>\n<tr>\n<td width=\"88\">\u041c\u0430\u0442\u0435\u0440\u0438\u0430\u043b<\/td>\n<td width=\"137\">\u00c7elik (galvanizli)<\/td>\n<\/tr>\n<tr>\n<td>A\u011f\u0131rl\u0131k(kg\/m)<\/td>\n<td>1,58<\/td>\n<\/tr>\n<\/tbody>\n<\/table>","protected":false},"excerpt":{"rendered":"<table style=\"border-collapse: collapse;width: 144pt\" border=\"0\" width=\"192\" cellspacing=\"0\" cellpadding=\"0\">\n<tbody>\n<tr style=\"height: 15.0pt\">\n<td class=\"xl66\" style=\"height: 15.0pt;width: 48pt\" width=\"64\" height=\"20\">a<\/td>\n<td class=\"xl66\" style=\"border-left: none;width: 48pt\" width=\"64\">h<\/td>\n<td class=\"xl66\" style=\"border-left: none;width: 48pt\" width=\"64\">t<\/td>\n<\/tr>\n<tr style=\"height: 15.0pt\">\n<td class=\"xl65\" style=\"height: 15.0pt;border-top: none;width: 48pt\" width=\"64\" height=\"20\">32<\/td>\n<td class=\"xl65\" style=\"border-top: none;border-left: none;width: 48pt\" width=\"64\">30<\/td>\n<td class=\"xl65\" style=\"border-top: none;border-left: none;width: 48pt\" width=\"64\">2<\/td>\n<\/tr>\n<\/tbody>\n<\/table>","protected":false},"featured_media":4546,"comment_status":"closed","ping_status":"closed","template":"","meta":{"_et_pb_use_builder":"","_et_pb_old_content":"","_et_gb_content_width":""},"product_brand":[],"product_cat":[220,218],"product_tag":[],"class_list":{"0":"post-4545","1":"product","2":"type-product","3":"status-publish","4":"has-post-thumbnail","6":"product_cat-1032-vasel-vinc-c-profil-kablo-tasima-sistemleri-crane-cable-festoon-system-c-rail-c-profil-c-track","7":"product_cat-vasel-vinc-c-profil-kablo-tasima-sistemleri-crane-cable-festoon-system-c-rail-c-profil-c-track","9":"first","10":"instock","11":"shipping-taxable","12":"product-type-simple"},"_links":{"self":[{"href":"https:\/\/yeni.vasel.com.tr\/ru\/wp-json\/wp\/v2\/product\/4545","targetHints":{"allow":["GET"]}}],"collection":[{"href":"https:\/\/yeni.vasel.com.tr\/ru\/wp-json\/wp\/v2\/product"}],"about":[{"href":"https:\/\/yeni.vasel.com.tr\/ru\/wp-json\/wp\/v2\/types\/product"}],"replies":[{"embeddable":true,"href":"https:\/\/yeni.vasel.com.tr\/ru\/wp-json\/wp\/v2\/comments?post=4545"}],"wp:featuredmedia":[{"embeddable":true,"href":"https:\/\/yeni.vasel.com.tr\/ru\/wp-json\/wp\/v2\/media\/4546"}],"wp:attachment":[{"href":"https:\/\/yeni.vasel.com.tr\/ru\/wp-json\/wp\/v2\/media?parent=4545"}],"wp:term":[{"taxonomy":"product_brand","embeddable":true,"href":"https:\/\/yeni.vasel.com.tr\/ru\/wp-json\/wp\/v2\/product_brand?post=4545"},{"taxonomy":"product_cat","embeddable":true,"href":"https:\/\/yeni.vasel.com.tr\/ru\/wp-json\/wp\/v2\/product_cat?post=4545"},{"taxonomy":"product_tag","embeddable":true,"href":"https:\/\/yeni.vasel.com.tr\/ru\/wp-json\/wp\/v2\/product_tag?post=4545"}],"curies":[{"name":"wp","href":"https:\/\/api.w.org\/{rel}","templated":true}]}}