{"id":4499,"date":"2023-06-24T12:41:57","date_gmt":"2023-06-24T09:41:57","guid":{"rendered":"https:\/\/yeni.vasel.com.tr\/?post_type=product&#038;p=4499"},"modified":"2023-07-31T16:23:10","modified_gmt":"2023-07-31T13:23:10","slug":"850-vs1005c-50x55-75x60-100x100-vasel-crane-cable-festoon-system-rubber-buffer-kaucuk-tampon","status":"publish","type":"product","link":"https:\/\/yeni.vasel.com.tr\/ru\/850-vs1005c-50x55-75x60-100x100-vasel-crane-cable-festoon-system-rubber-buffer-kaucuk-tampon\/","title":{"rendered":"Kau\u00e7uk Tampon"},"content":{"rendered":"<table style=\"height: 172px\" width=\"526\">\n<tbody>\n<tr style=\"height: 23px\">\n<td style=\"width: 155.521px;height: 23px\">\u041a\u043e\u0434 \u043f\u0440\u043e\u0434\u0443\u043a\u0442\u0430<\/td>\n<td style=\"width: 192.812px;height: 23px\">\u00dcr\u00fcn<\/td>\n<td style=\"width: 23.941px;height: 23px\">a<\/td>\n<td style=\"width: 61.2674px;height: 23px\">b<\/td>\n<td style=\"width: 62.5521px;height: 23px\">d<\/td>\n<\/tr>\n<tr style=\"height: 23px\">\n<td style=\"width: 155.521px;height: 23px\">VS1005C-20&#215;20<\/td>\n<td style=\"width: 192.812px;height: 23px\">Kau\u00e7uk Tampon C20x20<\/td>\n<td style=\"width: 23.941px;height: 23px\">20<\/td>\n<td style=\"width: 61.2674px;height: 23px\">20<\/td>\n<td style=\"width: 62.5521px;height: 23px\">m6<\/td>\n<\/tr>\n<tr style=\"height: 23px\">\n<td style=\"width: 155.521px;height: 23px\">VS1005C-25&#215;20<\/td>\n<td style=\"width: 192.812px;height: 23px\">Kau\u00e7uk Tampon C25x20<\/td>\n<td style=\"width: 23.941px;height: 23px\">25<\/td>\n<td style=\"width: 61.2674px;height: 23px\">20<\/td>\n<td style=\"width: 62.5521px;height: 23px\">m6<\/td>\n<\/tr>\n<tr style=\"height: 23px\">\n<td style=\"width: 155.521px;height: 23px\">VS1005C-30&#215;30<\/td>\n<td style=\"width: 192.812px;height: 23px\">Kau\u00e7uk Tampon C30x30<\/td>\n<td style=\"width: 23.941px;height: 23px\">30<\/td>\n<td style=\"width: 61.2674px;height: 23px\">30<\/td>\n<td style=\"width: 62.5521px;height: 23px\">m6<\/td>\n<\/tr>\n<tr style=\"height: 23px\">\n<td style=\"width: 155.521px;height: 23px\">VS1005C-50&#215;55<\/td>\n<td style=\"width: 192.812px;height: 23px\">Kau\u00e7uk Tampon C50x55<\/td>\n<td style=\"width: 23.941px;height: 23px\">50<\/td>\n<td style=\"width: 61.2674px;height: 23px\">55<\/td>\n<td style=\"width: 62.5521px;height: 23px\">m8<\/td>\n<\/tr>\n<tr style=\"height: 23px\">\n<td style=\"width: 155.521px;height: 23px\">VS1005C-75&#215;60<\/td>\n<td style=\"width: 192.812px;height: 23px\">Kau\u00e7uk Tampon C75x60<\/td>\n<td style=\"width: 23.941px;height: 23px\">75<\/td>\n<td style=\"width: 61.2674px;height: 23px\">60<\/td>\n<td style=\"width: 62.5521px;height: 23px\">m12<\/td>\n<\/tr>\n<tr style=\"height: 34px\">\n<td style=\"width: 155.521px;height: 34px\">VS1005C-100&#215;100<\/td>\n<td style=\"width: 192.812px;height: 34px\">Kau\u00e7uk Tampon C100x100<\/td>\n<td style=\"width: 23.941px;height: 34px\">100<\/td>\n<td style=\"width: 61.2674px;height: 34px\">100<\/td>\n<td style=\"width: 62.5521px;height: 34px\">m14<\/td>\n<\/tr>\n<\/tbody>\n<\/table>","protected":false},"excerpt":{"rendered":"<p>\u00dcr\u00fcn Kodu \u00dcr\u00fcn a b d VS1005C-20&#215;20 Kau\u00e7uk Tampon C20x20 20 20 m6 VS1005C-25&#215;20 Kau\u00e7uk Tampon C25x20 25 20 m6 VS1005C-30&#215;30 Kau\u00e7uk Tampon C30x30 30 30 m6 VS1005C-50&#215;55 Kau\u00e7uk Tampon C50x55 50 55 m8 VS1005C-75&#215;60 Kau\u00e7uk Tampon C75x60 75 60 m12 VS1005C-100&#215;100 Kau\u00e7uk Tampon C100x100 100 100 m14<\/p>","protected":false},"featured_media":4500,"comment_status":"closed","ping_status":"closed","template":"","meta":{"_et_pb_use_builder":"","_et_pb_old_content":"","_et_gb_content_width":""},"product_brand":[],"product_cat":[219,220,221,218],"product_tag":[],"class_list":{"0":"post-4499","1":"product","2":"type-product","3":"status-publish","4":"has-post-thumbnail","6":"product_cat-1028-vasel-vinc-c-profil-kablo-tasima-sistemleri-crane-cable-festoon-system-c-rail-c-profil-c-track","7":"product_cat-1032-vasel-vinc-c-profil-kablo-tasima-sistemleri-crane-cable-festoon-system-c-rail-c-profil-c-track","8":"product_cat-1040-vasel-vinc-c-profil-kablo-tasima-sistemleri-crane-cable-festoon-system-c-rail-c-profil-c-track","9":"product_cat-vasel-vinc-c-profil-kablo-tasima-sistemleri-crane-cable-festoon-system-c-rail-c-profil-c-track","11":"first","12":"instock","13":"shipping-taxable","14":"product-type-simple"},"_links":{"self":[{"href":"https:\/\/yeni.vasel.com.tr\/ru\/wp-json\/wp\/v2\/product\/4499","targetHints":{"allow":["GET"]}}],"collection":[{"href":"https:\/\/yeni.vasel.com.tr\/ru\/wp-json\/wp\/v2\/product"}],"about":[{"href":"https:\/\/yeni.vasel.com.tr\/ru\/wp-json\/wp\/v2\/types\/product"}],"replies":[{"embeddable":true,"href":"https:\/\/yeni.vasel.com.tr\/ru\/wp-json\/wp\/v2\/comments?post=4499"}],"wp:featuredmedia":[{"embeddable":true,"href":"https:\/\/yeni.vasel.com.tr\/ru\/wp-json\/wp\/v2\/media\/4500"}],"wp:attachment":[{"href":"https:\/\/yeni.vasel.com.tr\/ru\/wp-json\/wp\/v2\/media?parent=4499"}],"wp:term":[{"taxonomy":"product_brand","embeddable":true,"href":"https:\/\/yeni.vasel.com.tr\/ru\/wp-json\/wp\/v2\/product_brand?post=4499"},{"taxonomy":"product_cat","embeddable":true,"href":"https:\/\/yeni.vasel.com.tr\/ru\/wp-json\/wp\/v2\/product_cat?post=4499"},{"taxonomy":"product_tag","embeddable":true,"href":"https:\/\/yeni.vasel.com.tr\/ru\/wp-json\/wp\/v2\/product_tag?post=4499"}],"curies":[{"name":"wp","href":"https:\/\/api.w.org\/{rel}","templated":true}]}}