{"id":4449,"date":"2023-06-24T10:04:32","date_gmt":"2023-06-24T07:04:32","guid":{"rendered":"https:\/\/yeni.vasel.com.tr\/?post_type=product&#038;p=4449"},"modified":"2023-07-28T16:14:28","modified_gmt":"2023-07-28T13:14:28","slug":"730-vs1014z-25-vasel-vinc-crane-cable-festoon-system-yuvarlak-kablo-kelepcesi-round-cable-banana-clips","status":"publish","type":"product","link":"https:\/\/yeni.vasel.com.tr\/ru\/730-vs1014z-25-vasel-vinc-crane-cable-festoon-system-yuvarlak-kablo-kelepcesi-round-cable-banana-clips\/","title":{"rendered":"Kablo Kelep\u00e7esi 17-25 (u-bolt)"},"content":{"rendered":"<table style=\"width: 273px\" width=\"252\">\n<tbody>\n<tr>\n<td style=\"width: 136.424px\">\u041c\u0430\u0442\u0435\u0440\u0438\u0430\u043b<\/td>\n<td style=\"width: 122.604px\">Plastik<\/td>\n<\/tr>\n<tr>\n<td style=\"width: 136.424px\">Kablo Ba\u011flama Kapasitesi<\/td>\n<td style=\"width: 122.604px\">17 mm \/ 25 mm<\/td>\n<\/tr>\n<tr>\n<td style=\"width: 136.424px\">A\u011f\u0131rl\u0131k (kg)<\/td>\n<td style=\"width: 122.604px\">0,07<\/td>\n<\/tr>\n<\/tbody>\n<\/table>","protected":false},"excerpt":{"rendered":"<table style=\"border-collapse: collapse;width: 144pt\" border=\"0\" width=\"192\" cellspacing=\"0\" cellpadding=\"0\">\n<tbody>\n<tr style=\"height: 15.0pt\">\n<td class=\"xl65\" style=\"height: 15.0pt;width: 48pt\" width=\"64\" height=\"20\">a1<\/td>\n<td class=\"xl65\" style=\"border-left: none;width: 48pt\" width=\"64\">a2<\/td>\n<td class=\"xl65\" style=\"border-left: none;width: 48pt\" width=\"64\">b<\/td>\n<\/tr>\n<tr style=\"height: 15.0pt\">\n<td class=\"xl66\" style=\"height: 15.0pt;border-top: none\" height=\"20\">98<\/td>\n<td class=\"xl66\" style=\"border-top: none;border-left: none\">49<\/td>\n<td class=\"xl66\" style=\"border-top: none;border-left: none\">50<\/td>\n<\/tr>\n<\/tbody>\n<\/table>","protected":false},"featured_media":4450,"comment_status":"closed","ping_status":"closed","template":"","meta":{"_et_pb_use_builder":"","_et_pb_old_content":"","_et_gb_content_width":""},"product_brand":[],"product_cat":[219,220,221,218],"product_tag":[],"class_list":{"0":"post-4449","1":"product","2":"type-product","3":"status-publish","4":"has-post-thumbnail","6":"product_cat-1028-vasel-vinc-c-profil-kablo-tasima-sistemleri-crane-cable-festoon-system-c-rail-c-profil-c-track","7":"product_cat-1032-vasel-vinc-c-profil-kablo-tasima-sistemleri-crane-cable-festoon-system-c-rail-c-profil-c-track","8":"product_cat-1040-vasel-vinc-c-profil-kablo-tasima-sistemleri-crane-cable-festoon-system-c-rail-c-profil-c-track","9":"product_cat-vasel-vinc-c-profil-kablo-tasima-sistemleri-crane-cable-festoon-system-c-rail-c-profil-c-track","11":"first","12":"instock","13":"shipping-taxable","14":"product-type-simple"},"_links":{"self":[{"href":"https:\/\/yeni.vasel.com.tr\/ru\/wp-json\/wp\/v2\/product\/4449","targetHints":{"allow":["GET"]}}],"collection":[{"href":"https:\/\/yeni.vasel.com.tr\/ru\/wp-json\/wp\/v2\/product"}],"about":[{"href":"https:\/\/yeni.vasel.com.tr\/ru\/wp-json\/wp\/v2\/types\/product"}],"replies":[{"embeddable":true,"href":"https:\/\/yeni.vasel.com.tr\/ru\/wp-json\/wp\/v2\/comments?post=4449"}],"wp:featuredmedia":[{"embeddable":true,"href":"https:\/\/yeni.vasel.com.tr\/ru\/wp-json\/wp\/v2\/media\/4450"}],"wp:attachment":[{"href":"https:\/\/yeni.vasel.com.tr\/ru\/wp-json\/wp\/v2\/media?parent=4449"}],"wp:term":[{"taxonomy":"product_brand","embeddable":true,"href":"https:\/\/yeni.vasel.com.tr\/ru\/wp-json\/wp\/v2\/product_brand?post=4449"},{"taxonomy":"product_cat","embeddable":true,"href":"https:\/\/yeni.vasel.com.tr\/ru\/wp-json\/wp\/v2\/product_cat?post=4449"},{"taxonomy":"product_tag","embeddable":true,"href":"https:\/\/yeni.vasel.com.tr\/ru\/wp-json\/wp\/v2\/product_tag?post=4449"}],"curies":[{"name":"wp","href":"https:\/\/api.w.org\/{rel}","templated":true}]}}