{"id":4445,"date":"2023-06-24T10:03:03","date_gmt":"2023-06-24T07:03:03","guid":{"rendered":"https:\/\/yeni.vasel.com.tr\/?post_type=product&#038;p=4445"},"modified":"2023-07-28T16:14:12","modified_gmt":"2023-07-28T13:14:12","slug":"720-vs1014z-16-vasel-vinc-crane-cable-festoon-system-yuvarlak-kablo-kelepcesi-round-cable-banana-clips","status":"publish","type":"product","link":"https:\/\/yeni.vasel.com.tr\/ru\/720-vs1014z-16-vasel-vinc-crane-cable-festoon-system-yuvarlak-kablo-kelepcesi-round-cable-banana-clips\/","title":{"rendered":"Kablo Kelep\u00e7esi 10-16 (u-bolt)"},"content":{"rendered":"<table style=\"width: 259px\" width=\"252\">\n<tbody>\n<tr>\n<td style=\"width: 144.028px\">\u041c\u0430\u0442\u0435\u0440\u0438\u0430\u043b<\/td>\n<td style=\"width: 101.007px\">Plastik<\/td>\n<\/tr>\n<tr>\n<td style=\"width: 144.028px\">Kablo Ba\u011flama Kapasitesi<\/td>\n<td style=\"width: 101.007px\">10 mm \/ 16 mm<\/td>\n<\/tr>\n<tr>\n<td style=\"width: 144.028px\">A\u011f\u0131rl\u0131k (kg)<\/td>\n<td style=\"width: 101.007px\">0,04<\/td>\n<\/tr>\n<\/tbody>\n<\/table>","protected":false},"excerpt":{"rendered":"<table width=\"120\">\n<tbody>\n<tr>\n<td width=\"40\">a1<\/td>\n<td width=\"40\">a2<\/td>\n<td width=\"40\">b<\/td>\n<\/tr>\n<tr>\n<td>70<\/td>\n<td>35<\/td>\n<td>42<\/td>\n<\/tr>\n<\/tbody>\n<\/table>","protected":false},"featured_media":4446,"comment_status":"closed","ping_status":"closed","template":"","meta":{"_et_pb_use_builder":"","_et_pb_old_content":"","_et_gb_content_width":""},"product_brand":[],"product_cat":[219,220,221,218],"product_tag":[],"class_list":{"0":"post-4445","1":"product","2":"type-product","3":"status-publish","4":"has-post-thumbnail","6":"product_cat-1028-vasel-vinc-c-profil-kablo-tasima-sistemleri-crane-cable-festoon-system-c-rail-c-profil-c-track","7":"product_cat-1032-vasel-vinc-c-profil-kablo-tasima-sistemleri-crane-cable-festoon-system-c-rail-c-profil-c-track","8":"product_cat-1040-vasel-vinc-c-profil-kablo-tasima-sistemleri-crane-cable-festoon-system-c-rail-c-profil-c-track","9":"product_cat-vasel-vinc-c-profil-kablo-tasima-sistemleri-crane-cable-festoon-system-c-rail-c-profil-c-track","11":"first","12":"instock","13":"shipping-taxable","14":"product-type-simple"},"_links":{"self":[{"href":"https:\/\/yeni.vasel.com.tr\/ru\/wp-json\/wp\/v2\/product\/4445","targetHints":{"allow":["GET"]}}],"collection":[{"href":"https:\/\/yeni.vasel.com.tr\/ru\/wp-json\/wp\/v2\/product"}],"about":[{"href":"https:\/\/yeni.vasel.com.tr\/ru\/wp-json\/wp\/v2\/types\/product"}],"replies":[{"embeddable":true,"href":"https:\/\/yeni.vasel.com.tr\/ru\/wp-json\/wp\/v2\/comments?post=4445"}],"wp:featuredmedia":[{"embeddable":true,"href":"https:\/\/yeni.vasel.com.tr\/ru\/wp-json\/wp\/v2\/media\/4446"}],"wp:attachment":[{"href":"https:\/\/yeni.vasel.com.tr\/ru\/wp-json\/wp\/v2\/media?parent=4445"}],"wp:term":[{"taxonomy":"product_brand","embeddable":true,"href":"https:\/\/yeni.vasel.com.tr\/ru\/wp-json\/wp\/v2\/product_brand?post=4445"},{"taxonomy":"product_cat","embeddable":true,"href":"https:\/\/yeni.vasel.com.tr\/ru\/wp-json\/wp\/v2\/product_cat?post=4445"},{"taxonomy":"product_tag","embeddable":true,"href":"https:\/\/yeni.vasel.com.tr\/ru\/wp-json\/wp\/v2\/product_tag?post=4445"}],"curies":[{"name":"wp","href":"https:\/\/api.w.org\/{rel}","templated":true}]}}