{"id":4350,"date":"2023-06-23T14:31:58","date_gmt":"2023-06-23T11:31:58","guid":{"rendered":"https:\/\/yeni.vasel.com.tr\/?post_type=product&#038;p=4350"},"modified":"2023-06-23T14:31:58","modified_gmt":"2023-06-23T11:31:58","slug":"480-vs1028p5-86-4-vasel-vinc-crane-cable-festoon-system-on-araba-towing-trolley-lead-carrier","status":"publish","type":"product","link":"https:\/\/yeni.vasel.com.tr\/ru\/480-vs1028p5-86-4-vasel-vinc-crane-cable-festoon-system-on-araba-towing-trolley-lead-carrier\/","title":{"rendered":"\u00d6n Araba (komple \u00e7elik)"},"content":{"rendered":"<table width=\"418\">\n<tbody>\n<tr>\n<td width=\"218\">Ta\u015f\u0131c\u0131 Tekerlek<\/td>\n<td width=\"200\">\u00c7elik Ta\u015f\u0131y\u0131c\u0131 Tekerlek<\/td>\n<\/tr>\n<tr>\n<td>\u041c\u0430\u0442\u0435\u0440\u0438\u0430\u043b<\/td>\n<td width=\"200\">\u00c7elik G\u00f6vde<br \/>\n\u00c7elik Kablo Ba\u011flant\u0131 Aparat\u0131<br \/>\nGalvanizli G\u00f6vdee<\/td>\n<\/tr>\n<tr>\n<td>\u00c7al\u0131\u015fma S\u0131cakl\u0131\u011f\u0131<\/td>\n<td width=\"200\">\u00a0-30\u00b0C to +70\u00b0C<\/td>\n<\/tr>\n<tr>\n<td>Max. Kablo Ta\u015f\u0131ma Kapasitesi<\/td>\n<td>16 kg<\/td>\n<\/tr>\n<tr>\n<td>A\u011f\u0131rl\u0131k (kg)<\/td>\n<td>0,64<\/td>\n<\/tr>\n<\/tbody>\n<\/table>","protected":false},"excerpt":{"rendered":"<table width=\"504\">\n<tbody>\n<tr>\n<td width=\"42\">a1<\/td>\n<td width=\"42\">a2<\/td>\n<td width=\"42\">b1<\/td>\n<td width=\"42\">b2<\/td>\n<td width=\"42\">b3<\/td>\n<td width=\"42\">h1<\/td>\n<td width=\"42\">h2<\/td>\n<td width=\"42\">w1<\/td>\n<td width=\"42\">w2<\/td>\n<td width=\"42\">s<\/td>\n<td width=\"42\">\u00f8D<\/td>\n<td width=\"42\">t<\/td>\n<\/tr>\n<tr>\n<td width=\"42\">64<\/td>\n<td width=\"42\">87<\/td>\n<td width=\"42\">85<\/td>\n<td width=\"42\">50<\/td>\n<td width=\"42\">35<\/td>\n<td width=\"42\">54<\/td>\n<td width=\"42\">48<\/td>\n<td width=\"42\">21<\/td>\n<td width=\"42\">22<\/td>\n<td width=\"42\">17<\/td>\n<td width=\"42\">50<\/td>\n<td width=\"42\">2,5<\/td>\n<\/tr>\n<\/tbody>\n<\/table>","protected":false},"featured_media":4351,"comment_status":"closed","ping_status":"closed","template":"","meta":{"_et_pb_use_builder":"","_et_pb_old_content":"","_et_gb_content_width":""},"product_brand":[],"product_cat":[219,218],"product_tag":[],"class_list":{"0":"post-4350","1":"product","2":"type-product","3":"status-publish","4":"has-post-thumbnail","6":"product_cat-1028-vasel-vinc-c-profil-kablo-tasima-sistemleri-crane-cable-festoon-system-c-rail-c-profil-c-track","7":"product_cat-vasel-vinc-c-profil-kablo-tasima-sistemleri-crane-cable-festoon-system-c-rail-c-profil-c-track","9":"first","10":"instock","11":"shipping-taxable","12":"product-type-simple"},"_links":{"self":[{"href":"https:\/\/yeni.vasel.com.tr\/ru\/wp-json\/wp\/v2\/product\/4350","targetHints":{"allow":["GET"]}}],"collection":[{"href":"https:\/\/yeni.vasel.com.tr\/ru\/wp-json\/wp\/v2\/product"}],"about":[{"href":"https:\/\/yeni.vasel.com.tr\/ru\/wp-json\/wp\/v2\/types\/product"}],"replies":[{"embeddable":true,"href":"https:\/\/yeni.vasel.com.tr\/ru\/wp-json\/wp\/v2\/comments?post=4350"}],"wp:featuredmedia":[{"embeddable":true,"href":"https:\/\/yeni.vasel.com.tr\/ru\/wp-json\/wp\/v2\/media\/4351"}],"wp:attachment":[{"href":"https:\/\/yeni.vasel.com.tr\/ru\/wp-json\/wp\/v2\/media?parent=4350"}],"wp:term":[{"taxonomy":"product_brand","embeddable":true,"href":"https:\/\/yeni.vasel.com.tr\/ru\/wp-json\/wp\/v2\/product_brand?post=4350"},{"taxonomy":"product_cat","embeddable":true,"href":"https:\/\/yeni.vasel.com.tr\/ru\/wp-json\/wp\/v2\/product_cat?post=4350"},{"taxonomy":"product_tag","embeddable":true,"href":"https:\/\/yeni.vasel.com.tr\/ru\/wp-json\/wp\/v2\/product_tag?post=4350"}],"curies":[{"name":"wp","href":"https:\/\/api.w.org\/{rel}","templated":true}]}}