{"id":4211,"date":"2023-06-22T17:11:53","date_gmt":"2023-06-22T14:11:53","guid":{"rendered":"https:\/\/yeni.vasel.com.tr\/?post_type=product&#038;p=4211"},"modified":"2023-06-23T10:05:19","modified_gmt":"2023-06-23T07:05:19","slug":"370-vs1028t0-86-2-vasel-vinc-crane-cable-festoon-system-plastik-kablo-arabasi-cable-trolley-carrier","status":"publish","type":"product","link":"https:\/\/yeni.vasel.com.tr\/ru\/370-vs1028t0-86-2-vasel-vinc-crane-cable-festoon-system-plastik-kablo-arabasi-cable-trolley-carrier\/","title":{"rendered":"Polyamid G\u00f6vde Kablo Arabas\u0131 ( Plastik Tekerli )"},"content":{"rendered":"<table width=\"474\">\n<tbody>\n<tr>\n<td width=\"219\">Ta\u015f\u0131c\u0131 Tekerlek<\/td>\n<td width=\"255\">Plastik Ta\u015f\u0131y\u0131c\u0131 Teker<\/td>\n<\/tr>\n<tr>\n<td>\u041c\u0430\u0442\u0435\u0440\u0438\u0430\u043b<\/td>\n<td width=\"255\">Plastik Ta\u015f\u0131y\u0131c\u0131 G\u00f6vde<br \/>\nPlastik Kablo Ba\u011flant\u0131 Aparat\u0131<\/td>\n<\/tr>\n<tr>\n<td>\u00c7al\u0131\u015fma S\u0131cakl\u0131\u011f\u0131<\/td>\n<td width=\"255\">\u00a0-30\u00b0C to +70\u00b0C<\/td>\n<\/tr>\n<tr>\n<td>Max. Kablo Ta\u015f\u0131ma Kapasitesi<\/td>\n<td>4 kg<\/td>\n<\/tr>\n<tr>\n<td>A\u011f\u0131rl\u0131k (kg)<\/td>\n<td>0,11<\/td>\n<\/tr>\n<\/tbody>\n<\/table>","protected":false},"excerpt":{"rendered":"<table width=\"351\">\n<tbody>\n<tr>\n<td width=\"39\">a1<\/td>\n<td width=\"39\">a2<\/td>\n<td width=\"39\">b1<\/td>\n<td width=\"39\">b2<\/td>\n<td width=\"39\">s<\/td>\n<td width=\"39\">h<\/td>\n<td width=\"39\">w1<\/td>\n<td width=\"39\">w2<\/td>\n<td width=\"39\">\u00d8D<\/td>\n<\/tr>\n<tr>\n<td>64<\/td>\n<td>90<\/td>\n<td>82<\/td>\n<td>56<\/td>\n<td>16<\/td>\n<td>22<\/td>\n<td>21<\/td>\n<td>22<\/td>\n<td>50<\/td>\n<\/tr>\n<\/tbody>\n<\/table>","protected":false},"featured_media":4213,"comment_status":"closed","ping_status":"closed","template":"","meta":{"_et_pb_use_builder":"","_et_pb_old_content":"","_et_gb_content_width":""},"product_brand":[],"product_cat":[219,218],"product_tag":[],"class_list":{"0":"post-4211","1":"product","2":"type-product","3":"status-publish","4":"has-post-thumbnail","6":"product_cat-1028-vasel-vinc-c-profil-kablo-tasima-sistemleri-crane-cable-festoon-system-c-rail-c-profil-c-track","7":"product_cat-vasel-vinc-c-profil-kablo-tasima-sistemleri-crane-cable-festoon-system-c-rail-c-profil-c-track","9":"first","10":"instock","11":"shipping-taxable","12":"product-type-simple"},"_links":{"self":[{"href":"https:\/\/yeni.vasel.com.tr\/ru\/wp-json\/wp\/v2\/product\/4211","targetHints":{"allow":["GET"]}}],"collection":[{"href":"https:\/\/yeni.vasel.com.tr\/ru\/wp-json\/wp\/v2\/product"}],"about":[{"href":"https:\/\/yeni.vasel.com.tr\/ru\/wp-json\/wp\/v2\/types\/product"}],"replies":[{"embeddable":true,"href":"https:\/\/yeni.vasel.com.tr\/ru\/wp-json\/wp\/v2\/comments?post=4211"}],"wp:featuredmedia":[{"embeddable":true,"href":"https:\/\/yeni.vasel.com.tr\/ru\/wp-json\/wp\/v2\/media\/4213"}],"wp:attachment":[{"href":"https:\/\/yeni.vasel.com.tr\/ru\/wp-json\/wp\/v2\/media?parent=4211"}],"wp:term":[{"taxonomy":"product_brand","embeddable":true,"href":"https:\/\/yeni.vasel.com.tr\/ru\/wp-json\/wp\/v2\/product_brand?post=4211"},{"taxonomy":"product_cat","embeddable":true,"href":"https:\/\/yeni.vasel.com.tr\/ru\/wp-json\/wp\/v2\/product_cat?post=4211"},{"taxonomy":"product_tag","embeddable":true,"href":"https:\/\/yeni.vasel.com.tr\/ru\/wp-json\/wp\/v2\/product_tag?post=4211"}],"curies":[{"name":"wp","href":"https:\/\/api.w.org\/{rel}","templated":true}]}}