{"id":4193,"date":"2023-06-22T17:05:53","date_gmt":"2023-06-22T14:05:53","guid":{"rendered":"https:\/\/yeni.vasel.com.tr\/?post_type=product&#038;p=4193"},"modified":"2023-06-23T10:04:13","modified_gmt":"2023-06-23T07:04:13","slug":"350-vs1028l5-vasel-vinc-crane-cable-festoon-system-profil-sonlandirici-celik-end-stop-steel","status":"publish","type":"product","link":"https:\/\/yeni.vasel.com.tr\/ru\/350-vs1028l5-vasel-vinc-crane-cable-festoon-system-profil-sonlandirici-celik-end-stop-steel\/","title":{"rendered":"Profil Sonland\u0131r\u0131c\u0131 (\u00c7elik)"},"content":{"rendered":"<table width=\"226\">\n<tbody>\n<tr>\n<td width=\"89\">\u041c\u0430\u0442\u0435\u0440\u0438\u0430\u043b<\/td>\n<td width=\"137\">\u00c7elik (galvanizli)<\/td>\n<\/tr>\n<tr>\n<td>A\u011f\u0131rl\u0131k (kg\/m)<\/td>\n<td>0,04<\/td>\n<\/tr>\n<\/tbody>\n<\/table>","protected":false},"excerpt":{"rendered":"<table width=\"153\">\n<tbody>\n<tr>\n<td width=\"51\">a1<\/td>\n<td width=\"51\">a2<\/td>\n<td width=\"51\">b<\/td>\n<\/tr>\n<tr>\n<td width=\"51\">16<\/td>\n<td width=\"51\">20<\/td>\n<td width=\"51\">20<\/td>\n<\/tr>\n<\/tbody>\n<\/table>","protected":false},"featured_media":4199,"comment_status":"closed","ping_status":"closed","template":"","meta":{"_et_pb_use_builder":"","_et_pb_old_content":"","_et_gb_content_width":""},"product_brand":[],"product_cat":[219,218],"product_tag":[],"class_list":{"0":"post-4193","1":"product","2":"type-product","3":"status-publish","4":"has-post-thumbnail","6":"product_cat-1028-vasel-vinc-c-profil-kablo-tasima-sistemleri-crane-cable-festoon-system-c-rail-c-profil-c-track","7":"product_cat-vasel-vinc-c-profil-kablo-tasima-sistemleri-crane-cable-festoon-system-c-rail-c-profil-c-track","9":"first","10":"instock","11":"shipping-taxable","12":"product-type-simple"},"_links":{"self":[{"href":"https:\/\/yeni.vasel.com.tr\/ru\/wp-json\/wp\/v2\/product\/4193","targetHints":{"allow":["GET"]}}],"collection":[{"href":"https:\/\/yeni.vasel.com.tr\/ru\/wp-json\/wp\/v2\/product"}],"about":[{"href":"https:\/\/yeni.vasel.com.tr\/ru\/wp-json\/wp\/v2\/types\/product"}],"replies":[{"embeddable":true,"href":"https:\/\/yeni.vasel.com.tr\/ru\/wp-json\/wp\/v2\/comments?post=4193"}],"wp:featuredmedia":[{"embeddable":true,"href":"https:\/\/yeni.vasel.com.tr\/ru\/wp-json\/wp\/v2\/media\/4199"}],"wp:attachment":[{"href":"https:\/\/yeni.vasel.com.tr\/ru\/wp-json\/wp\/v2\/media?parent=4193"}],"wp:term":[{"taxonomy":"product_brand","embeddable":true,"href":"https:\/\/yeni.vasel.com.tr\/ru\/wp-json\/wp\/v2\/product_brand?post=4193"},{"taxonomy":"product_cat","embeddable":true,"href":"https:\/\/yeni.vasel.com.tr\/ru\/wp-json\/wp\/v2\/product_cat?post=4193"},{"taxonomy":"product_tag","embeddable":true,"href":"https:\/\/yeni.vasel.com.tr\/ru\/wp-json\/wp\/v2\/product_tag?post=4193"}],"curies":[{"name":"wp","href":"https:\/\/api.w.org\/{rel}","templated":true}]}}