{"id":4189,"date":"2023-06-22T17:01:37","date_gmt":"2023-06-22T14:01:37","guid":{"rendered":"https:\/\/yeni.vasel.com.tr\/?post_type=product&#038;p=4189"},"modified":"2023-06-23T10:03:40","modified_gmt":"2023-06-23T07:03:40","slug":"340-vs1028l1-vasel-vinc-crane-cable-festoon-system-profil-sonlandirici-end-stop-plastic","status":"publish","type":"product","link":"https:\/\/yeni.vasel.com.tr\/ru\/340-vs1028l1-vasel-vinc-crane-cable-festoon-system-profil-sonlandirici-end-stop-plastic\/","title":{"rendered":"Profil Sonland\u0131r\u0131c\u0131 (Plastik)"},"content":{"rendered":"<table width=\"153\">\n<tbody>\n<tr>\n<td width=\"89\">\u041c\u0430\u0442\u0435\u0440\u0438\u0430\u043b<\/td>\n<td width=\"64\">Pastik<\/td>\n<\/tr>\n<tr>\n<td>A\u011f\u0131rl\u0131k (kg\/m)<\/td>\n<td>0,04<\/td>\n<\/tr>\n<\/tbody>\n<\/table>","protected":false},"excerpt":{"rendered":"<table width=\"156\">\n<tbody>\n<tr>\n<td width=\"39\">a<\/td>\n<td width=\"39\">b1<\/td>\n<td width=\"39\">b2<\/td>\n<td width=\"39\">h<\/td>\n<\/tr>\n<tr>\n<td width=\"39\">18<\/td>\n<td width=\"39\">70<\/td>\n<td width=\"39\">40<\/td>\n<td width=\"39\">14<\/td>\n<\/tr>\n<\/tbody>\n<\/table>","protected":false},"featured_media":4190,"comment_status":"closed","ping_status":"closed","template":"","meta":{"_et_pb_use_builder":"","_et_pb_old_content":"","_et_gb_content_width":""},"product_brand":[],"product_cat":[219,218],"product_tag":[],"class_list":{"0":"post-4189","1":"product","2":"type-product","3":"status-publish","4":"has-post-thumbnail","6":"product_cat-1028-vasel-vinc-c-profil-kablo-tasima-sistemleri-crane-cable-festoon-system-c-rail-c-profil-c-track","7":"product_cat-vasel-vinc-c-profil-kablo-tasima-sistemleri-crane-cable-festoon-system-c-rail-c-profil-c-track","9":"first","10":"instock","11":"shipping-taxable","12":"product-type-simple"},"_links":{"self":[{"href":"https:\/\/yeni.vasel.com.tr\/ru\/wp-json\/wp\/v2\/product\/4189","targetHints":{"allow":["GET"]}}],"collection":[{"href":"https:\/\/yeni.vasel.com.tr\/ru\/wp-json\/wp\/v2\/product"}],"about":[{"href":"https:\/\/yeni.vasel.com.tr\/ru\/wp-json\/wp\/v2\/types\/product"}],"replies":[{"embeddable":true,"href":"https:\/\/yeni.vasel.com.tr\/ru\/wp-json\/wp\/v2\/comments?post=4189"}],"wp:featuredmedia":[{"embeddable":true,"href":"https:\/\/yeni.vasel.com.tr\/ru\/wp-json\/wp\/v2\/media\/4190"}],"wp:attachment":[{"href":"https:\/\/yeni.vasel.com.tr\/ru\/wp-json\/wp\/v2\/media?parent=4189"}],"wp:term":[{"taxonomy":"product_brand","embeddable":true,"href":"https:\/\/yeni.vasel.com.tr\/ru\/wp-json\/wp\/v2\/product_brand?post=4189"},{"taxonomy":"product_cat","embeddable":true,"href":"https:\/\/yeni.vasel.com.tr\/ru\/wp-json\/wp\/v2\/product_cat?post=4189"},{"taxonomy":"product_tag","embeddable":true,"href":"https:\/\/yeni.vasel.com.tr\/ru\/wp-json\/wp\/v2\/product_tag?post=4189"}],"curies":[{"name":"wp","href":"https:\/\/api.w.org\/{rel}","templated":true}]}}