{"id":4183,"date":"2023-06-22T16:59:08","date_gmt":"2023-06-22T13:59:08","guid":{"rendered":"https:\/\/yeni.vasel.com.tr\/?post_type=product&#038;p=4183"},"modified":"2025-10-07T08:34:52","modified_gmt":"2025-10-07T05:34:52","slug":"330-vs1007s-vasel-vinc-crane-cable-festoon-system-on-araba-surukleyici-kol-towing-arm","status":"publish","type":"product","link":"https:\/\/yeni.vasel.com.tr\/ru\/330-vs1007s-vasel-vinc-crane-cable-festoon-system-on-araba-surukleyici-kol-towing-arm\/","title":{"rendered":"\u00d6n Araba S\u00fcr\u00fckleyici Kolu\/\u2026.."},"content":{"rendered":"<table width=\"229\">\n<tbody>\n<tr>\n<td width=\"82\">\u041c\u0430\u0442\u0435\u0440\u0438\u0430\u043b<\/td>\n<td width=\"147\">\u00c7elik (galvanizli)<\/td>\n<\/tr>\n<\/tbody>\n<\/table>","protected":false},"excerpt":{"rendered":"<table width=\"205\">\n<tbody>\n<tr>\n<td width=\"41\">a1<\/td>\n<td width=\"41\">a2<\/td>\n<td width=\"41\">b1<\/td>\n<td width=\"41\">b2<\/td>\n<td width=\"41\">t<\/td>\n<\/tr>\n<tr>\n<td width=\"41\">80<\/td>\n<td width=\"41\">60<\/td>\n<td width=\"41\">80<\/td>\n<td width=\"41\">60<\/td>\n<td width=\"41\">5<\/td>\n<\/tr>\n<\/tbody>\n<\/table>","protected":false},"featured_media":4185,"comment_status":"closed","ping_status":"closed","template":"","meta":{"_et_pb_use_builder":"","_et_pb_old_content":"","_et_gb_content_width":""},"product_brand":[],"product_cat":[219,220,221,218],"product_tag":[],"class_list":{"0":"post-4183","1":"product","2":"type-product","3":"status-publish","4":"has-post-thumbnail","6":"product_cat-1028-vasel-vinc-c-profil-kablo-tasima-sistemleri-crane-cable-festoon-system-c-rail-c-profil-c-track","7":"product_cat-1032-vasel-vinc-c-profil-kablo-tasima-sistemleri-crane-cable-festoon-system-c-rail-c-profil-c-track","8":"product_cat-1040-vasel-vinc-c-profil-kablo-tasima-sistemleri-crane-cable-festoon-system-c-rail-c-profil-c-track","9":"product_cat-vasel-vinc-c-profil-kablo-tasima-sistemleri-crane-cable-festoon-system-c-rail-c-profil-c-track","11":"first","12":"instock","13":"shipping-taxable","14":"product-type-simple"},"_links":{"self":[{"href":"https:\/\/yeni.vasel.com.tr\/ru\/wp-json\/wp\/v2\/product\/4183","targetHints":{"allow":["GET"]}}],"collection":[{"href":"https:\/\/yeni.vasel.com.tr\/ru\/wp-json\/wp\/v2\/product"}],"about":[{"href":"https:\/\/yeni.vasel.com.tr\/ru\/wp-json\/wp\/v2\/types\/product"}],"replies":[{"embeddable":true,"href":"https:\/\/yeni.vasel.com.tr\/ru\/wp-json\/wp\/v2\/comments?post=4183"}],"wp:featuredmedia":[{"embeddable":true,"href":"https:\/\/yeni.vasel.com.tr\/ru\/wp-json\/wp\/v2\/media\/4185"}],"wp:attachment":[{"href":"https:\/\/yeni.vasel.com.tr\/ru\/wp-json\/wp\/v2\/media?parent=4183"}],"wp:term":[{"taxonomy":"product_brand","embeddable":true,"href":"https:\/\/yeni.vasel.com.tr\/ru\/wp-json\/wp\/v2\/product_brand?post=4183"},{"taxonomy":"product_cat","embeddable":true,"href":"https:\/\/yeni.vasel.com.tr\/ru\/wp-json\/wp\/v2\/product_cat?post=4183"},{"taxonomy":"product_tag","embeddable":true,"href":"https:\/\/yeni.vasel.com.tr\/ru\/wp-json\/wp\/v2\/product_tag?post=4183"}],"curies":[{"name":"wp","href":"https:\/\/api.w.org\/{rel}","templated":true}]}}