{"id":4160,"date":"2023-06-22T16:11:00","date_gmt":"2023-06-22T13:11:00","guid":{"rendered":"https:\/\/yeni.vasel.com.tr\/?post_type=product&#038;p=4160"},"modified":"2023-06-23T09:55:37","modified_gmt":"2023-06-23T06:55:37","slug":"307-vs1008ks-1t-vasel-vinc-crane-cable-festoon-system-emas-csm02-xckvr-telemecanique-schneider-t-switch-tablasi-plate-set","status":"publish","type":"product","link":"https:\/\/yeni.vasel.com.tr\/ru\/307-vs1008ks-1t-vasel-vinc-crane-cable-festoon-system-emas-csm02-xckvr-telemecanique-schneider-t-switch-tablasi-plate-set\/","title":{"rendered":"T Switch Tabla Seti (C28)"},"content":{"rendered":"<table width=\"346\">\n<tbody>\n<tr>\n<td width=\"173\">\u041c\u0430\u0442\u0435\u0440\u0438\u0430\u043b<\/td>\n<td width=\"173\">\u00c7elik (galvanizli)<\/td>\n<\/tr>\n<tr>\n<td>A\u011f\u0131rl\u0131k(kg)<\/td>\n<td>0,46<\/td>\n<\/tr>\n<\/tbody>\n<\/table>","protected":false},"excerpt":{"rendered":"<table style=\"border-collapse: collapse;width: 144pt\" border=\"0\" width=\"192\" cellspacing=\"0\" cellpadding=\"0\">\n<tbody>\n<tr style=\"height: 15.0pt\">\n<td class=\"xl65\" dir=\"LTR\" style=\"height: 15.0pt;width: 48pt\" width=\"64\" height=\"20\">a1<\/td>\n<td class=\"xl65\" dir=\"LTR\" style=\"border-left: none;width: 48pt\" width=\"64\">a2<\/td>\n<td class=\"xl65\" dir=\"LTR\" style=\"border-left: none;width: 48pt\" width=\"64\">b<\/td>\n<\/tr>\n<tr style=\"height: 15.0pt\">\n<td class=\"xl66\" dir=\"LTR\" style=\"height: 15.0pt;border-top: none;width: 48pt\" width=\"64\" height=\"20\">80<\/td>\n<td class=\"xl66\" dir=\"LTR\" style=\"border-top: none;border-left: none;width: 48pt\" width=\"64\">40<\/td>\n<td class=\"xl66\" dir=\"LTR\" style=\"border-top: none;border-left: none;width: 48pt\" width=\"64\">122<\/td>\n<\/tr>\n<\/tbody>\n<\/table>","protected":false},"featured_media":4161,"comment_status":"closed","ping_status":"closed","template":"","meta":{"_et_pb_use_builder":"","_et_pb_old_content":"","_et_gb_content_width":""},"product_brand":[],"product_cat":[219,218],"product_tag":[],"class_list":{"0":"post-4160","1":"product","2":"type-product","3":"status-publish","4":"has-post-thumbnail","6":"product_cat-1028-vasel-vinc-c-profil-kablo-tasima-sistemleri-crane-cable-festoon-system-c-rail-c-profil-c-track","7":"product_cat-vasel-vinc-c-profil-kablo-tasima-sistemleri-crane-cable-festoon-system-c-rail-c-profil-c-track","9":"first","10":"instock","11":"shipping-taxable","12":"product-type-simple"},"_links":{"self":[{"href":"https:\/\/yeni.vasel.com.tr\/ru\/wp-json\/wp\/v2\/product\/4160","targetHints":{"allow":["GET"]}}],"collection":[{"href":"https:\/\/yeni.vasel.com.tr\/ru\/wp-json\/wp\/v2\/product"}],"about":[{"href":"https:\/\/yeni.vasel.com.tr\/ru\/wp-json\/wp\/v2\/types\/product"}],"replies":[{"embeddable":true,"href":"https:\/\/yeni.vasel.com.tr\/ru\/wp-json\/wp\/v2\/comments?post=4160"}],"wp:featuredmedia":[{"embeddable":true,"href":"https:\/\/yeni.vasel.com.tr\/ru\/wp-json\/wp\/v2\/media\/4161"}],"wp:attachment":[{"href":"https:\/\/yeni.vasel.com.tr\/ru\/wp-json\/wp\/v2\/media?parent=4160"}],"wp:term":[{"taxonomy":"product_brand","embeddable":true,"href":"https:\/\/yeni.vasel.com.tr\/ru\/wp-json\/wp\/v2\/product_brand?post=4160"},{"taxonomy":"product_cat","embeddable":true,"href":"https:\/\/yeni.vasel.com.tr\/ru\/wp-json\/wp\/v2\/product_cat?post=4160"},{"taxonomy":"product_tag","embeddable":true,"href":"https:\/\/yeni.vasel.com.tr\/ru\/wp-json\/wp\/v2\/product_tag?post=4160"}],"curies":[{"name":"wp","href":"https:\/\/api.w.org\/{rel}","templated":true}]}}