{"id":4094,"date":"2023-06-22T15:36:16","date_gmt":"2023-06-22T12:36:16","guid":{"rendered":"https:\/\/yeni.vasel.com.tr\/?post_type=product&#038;p=4094"},"modified":"2023-06-23T09:28:54","modified_gmt":"2023-06-23T06:28:54","slug":"100-vs1010k-vasel-vinc-crane-cable-festoon-system-kaynak-baglanti-welding-support-bracket","status":"publish","type":"product","link":"https:\/\/yeni.vasel.com.tr\/ru\/100-vs1010k-vasel-vinc-crane-cable-festoon-system-kaynak-baglanti-welding-support-bracket\/","title":{"rendered":"Kaynak Ba\u011flant\u0131 Eleman\u0131 (1010 serisi)"},"content":{"rendered":"<table width=\"314\">\n<tbody>\n<tr>\n<td>\u041c\u0430\u0442\u0435\u0440\u0438\u0430\u043b<\/td>\n<td>\u00c7elik<\/td>\n<\/tr>\n<tr>\n<td>A\u011f\u0131rl\u0131k(kg)<\/td>\n<td>0,35<\/td>\n<\/tr>\n<\/tbody>\n<\/table>","protected":false},"excerpt":{"rendered":"<table style=\"width: 456px\" width=\"466\">\n<tbody>\n<tr>\n<td style=\"width: 70px\">a<\/td>\n<td style=\"width: 70.7639px\">b1<\/td>\n<td style=\"width: 70px\">b2<\/td>\n<td style=\"width: 70px\">b3<\/td>\n<td style=\"width: 70px\">h1<\/td>\n<td style=\"width: 70.0174px\">h2<\/td>\n<\/tr>\n<tr>\n<td style=\"width: 70px\">37<\/td>\n<td style=\"width: 70.7639px\">100<\/td>\n<td style=\"width: 70px\">40<\/td>\n<td style=\"width: 70px\">90<\/td>\n<td style=\"width: 70px\">36<\/td>\n<td style=\"width: 70.0174px\">23<\/td>\n<\/tr>\n<\/tbody>\n<\/table>","protected":false},"featured_media":4095,"comment_status":"closed","ping_status":"closed","template":"","meta":{"_et_pb_use_builder":"","_et_pb_old_content":"","_et_gb_content_width":""},"product_brand":[],"product_cat":[219,218],"product_tag":[],"class_list":{"0":"post-4094","1":"product","2":"type-product","3":"status-publish","4":"has-post-thumbnail","6":"product_cat-1028-vasel-vinc-c-profil-kablo-tasima-sistemleri-crane-cable-festoon-system-c-rail-c-profil-c-track","7":"product_cat-vasel-vinc-c-profil-kablo-tasima-sistemleri-crane-cable-festoon-system-c-rail-c-profil-c-track","9":"first","10":"instock","11":"shipping-taxable","12":"product-type-simple"},"_links":{"self":[{"href":"https:\/\/yeni.vasel.com.tr\/ru\/wp-json\/wp\/v2\/product\/4094","targetHints":{"allow":["GET"]}}],"collection":[{"href":"https:\/\/yeni.vasel.com.tr\/ru\/wp-json\/wp\/v2\/product"}],"about":[{"href":"https:\/\/yeni.vasel.com.tr\/ru\/wp-json\/wp\/v2\/types\/product"}],"replies":[{"embeddable":true,"href":"https:\/\/yeni.vasel.com.tr\/ru\/wp-json\/wp\/v2\/comments?post=4094"}],"wp:featuredmedia":[{"embeddable":true,"href":"https:\/\/yeni.vasel.com.tr\/ru\/wp-json\/wp\/v2\/media\/4095"}],"wp:attachment":[{"href":"https:\/\/yeni.vasel.com.tr\/ru\/wp-json\/wp\/v2\/media?parent=4094"}],"wp:term":[{"taxonomy":"product_brand","embeddable":true,"href":"https:\/\/yeni.vasel.com.tr\/ru\/wp-json\/wp\/v2\/product_brand?post=4094"},{"taxonomy":"product_cat","embeddable":true,"href":"https:\/\/yeni.vasel.com.tr\/ru\/wp-json\/wp\/v2\/product_cat?post=4094"},{"taxonomy":"product_tag","embeddable":true,"href":"https:\/\/yeni.vasel.com.tr\/ru\/wp-json\/wp\/v2\/product_tag?post=4094"}],"curies":[{"name":"wp","href":"https:\/\/api.w.org\/{rel}","templated":true}]}}