{"id":4088,"date":"2023-06-22T15:33:50","date_gmt":"2023-06-22T12:33:50","guid":{"rendered":"https:\/\/yeni.vasel.com.tr\/?post_type=product&#038;p=4088"},"modified":"2023-06-23T09:21:15","modified_gmt":"2023-06-23T06:21:15","slug":"90-vs1010b-vasel-vinc-crane-cable-festoon-system-baglanti-profili-support-bar-arm","status":"publish","type":"product","link":"https:\/\/yeni.vasel.com.tr\/ru\/90-vs1010b-vasel-vinc-crane-cable-festoon-system-baglanti-profili-support-bar-arm\/","title":{"rendered":"Ba\u011flant\u0131 Profili (1010 serisi)"},"content":{"rendered":"<table width=\"306\">\n<tbody>\n<tr>\n<td>\u041c\u0430\u0442\u0435\u0440\u0438\u0430\u043b<\/td>\n<td>\u00c7elik (galvanizli)<\/td>\n<\/tr>\n<tr>\n<td>A\u011f\u0131rl\u0131k(kg\/m)<\/td>\n<td>1,44<\/td>\n<\/tr>\n<\/tbody>\n<\/table>","protected":false},"excerpt":{"rendered":"<table style=\"width: 270px\" width=\"277\">\n<tbody>\n<tr>\n<td style=\"width: 83.7847px\">a<\/td>\n<td style=\"width: 83.7847px\">h<\/td>\n<td style=\"width: 83.1597px\">t<\/td>\n<\/tr>\n<tr>\n<td style=\"width: 83.7847px\">30<\/td>\n<td style=\"width: 83.7847px\">28<\/td>\n<td style=\"width: 83.1597px\">2<\/td>\n<\/tr>\n<\/tbody>\n<\/table>","protected":false},"featured_media":4090,"comment_status":"closed","ping_status":"closed","template":"","meta":{"_et_pb_use_builder":"","_et_pb_old_content":"","_et_gb_content_width":""},"product_brand":[],"product_cat":[219,218],"product_tag":[],"class_list":{"0":"post-4088","1":"product","2":"type-product","3":"status-publish","4":"has-post-thumbnail","6":"product_cat-1028-vasel-vinc-c-profil-kablo-tasima-sistemleri-crane-cable-festoon-system-c-rail-c-profil-c-track","7":"product_cat-vasel-vinc-c-profil-kablo-tasima-sistemleri-crane-cable-festoon-system-c-rail-c-profil-c-track","9":"first","10":"instock","11":"shipping-taxable","12":"product-type-simple"},"_links":{"self":[{"href":"https:\/\/yeni.vasel.com.tr\/ru\/wp-json\/wp\/v2\/product\/4088","targetHints":{"allow":["GET"]}}],"collection":[{"href":"https:\/\/yeni.vasel.com.tr\/ru\/wp-json\/wp\/v2\/product"}],"about":[{"href":"https:\/\/yeni.vasel.com.tr\/ru\/wp-json\/wp\/v2\/types\/product"}],"replies":[{"embeddable":true,"href":"https:\/\/yeni.vasel.com.tr\/ru\/wp-json\/wp\/v2\/comments?post=4088"}],"wp:featuredmedia":[{"embeddable":true,"href":"https:\/\/yeni.vasel.com.tr\/ru\/wp-json\/wp\/v2\/media\/4090"}],"wp:attachment":[{"href":"https:\/\/yeni.vasel.com.tr\/ru\/wp-json\/wp\/v2\/media?parent=4088"}],"wp:term":[{"taxonomy":"product_brand","embeddable":true,"href":"https:\/\/yeni.vasel.com.tr\/ru\/wp-json\/wp\/v2\/product_brand?post=4088"},{"taxonomy":"product_cat","embeddable":true,"href":"https:\/\/yeni.vasel.com.tr\/ru\/wp-json\/wp\/v2\/product_cat?post=4088"},{"taxonomy":"product_tag","embeddable":true,"href":"https:\/\/yeni.vasel.com.tr\/ru\/wp-json\/wp\/v2\/product_tag?post=4088"}],"curies":[{"name":"wp","href":"https:\/\/api.w.org\/{rel}","templated":true}]}}