{"id":4055,"date":"2023-06-22T14:36:55","date_gmt":"2023-06-22T11:36:55","guid":{"rendered":"https:\/\/yeni.vasel.com.tr\/?post_type=product&#038;p=4055"},"modified":"2025-11-01T11:43:55","modified_gmt":"2025-11-01T08:43:55","slug":"50-vs1028d6-vasel-vinc-crane-cable-festoon-system-profil-askisi-track-support-bracket-hanger","status":"publish","type":"product","link":"https:\/\/yeni.vasel.com.tr\/ru\/50-vs1028d6-vasel-vinc-crane-cable-festoon-system-profil-askisi-track-support-bracket-hanger\/","title":{"rendered":"Profil Ask\u0131s\u0131 (\u00c7ift Ba\u011flant\u0131 Civatal\u0131)"},"content":{"rendered":"<table width=\"369\">\n<tbody>\n<tr>\n<td>\u041c\u0430\u0442\u0435\u0440\u0438\u0430\u043b<\/td>\n<td>\u00c7elik (galvanizli)<\/td>\n<\/tr>\n<tr>\n<td>A\u011f\u0131rl\u0131k(kg)<\/td>\n<td>0,2<\/td>\n<\/tr>\n<\/tbody>\n<\/table>","protected":false},"excerpt":{"rendered":"<table style=\"width: 332px\" width=\"338\">\n<tbody>\n<tr>\n<td style=\"width: 76.8403px\">a<\/td>\n<td style=\"width: 76.8403px\">b1<\/td>\n<td style=\"width: 76.8403px\">b2<\/td>\n<td style=\"width: 76.8924px\">h<\/td>\n<\/tr>\n<tr>\n<td style=\"width: 76.8403px\">40<\/td>\n<td style=\"width: 76.8403px\">85<\/td>\n<td style=\"width: 76.8403px\">60<\/td>\n<td style=\"width: 76.8924px\">32<\/td>\n<\/tr>\n<\/tbody>\n<\/table>","protected":false},"featured_media":4056,"comment_status":"closed","ping_status":"closed","template":"","meta":{"_et_pb_use_builder":"","_et_pb_old_content":"","_et_gb_content_width":""},"product_brand":[],"product_cat":[219,218],"product_tag":[],"class_list":{"0":"post-4055","1":"product","2":"type-product","3":"status-publish","4":"has-post-thumbnail","6":"product_cat-1028-vasel-vinc-c-profil-kablo-tasima-sistemleri-crane-cable-festoon-system-c-rail-c-profil-c-track","7":"product_cat-vasel-vinc-c-profil-kablo-tasima-sistemleri-crane-cable-festoon-system-c-rail-c-profil-c-track","9":"first","10":"instock","11":"shipping-taxable","12":"product-type-simple"},"_links":{"self":[{"href":"https:\/\/yeni.vasel.com.tr\/ru\/wp-json\/wp\/v2\/product\/4055","targetHints":{"allow":["GET"]}}],"collection":[{"href":"https:\/\/yeni.vasel.com.tr\/ru\/wp-json\/wp\/v2\/product"}],"about":[{"href":"https:\/\/yeni.vasel.com.tr\/ru\/wp-json\/wp\/v2\/types\/product"}],"replies":[{"embeddable":true,"href":"https:\/\/yeni.vasel.com.tr\/ru\/wp-json\/wp\/v2\/comments?post=4055"}],"wp:featuredmedia":[{"embeddable":true,"href":"https:\/\/yeni.vasel.com.tr\/ru\/wp-json\/wp\/v2\/media\/4056"}],"wp:attachment":[{"href":"https:\/\/yeni.vasel.com.tr\/ru\/wp-json\/wp\/v2\/media?parent=4055"}],"wp:term":[{"taxonomy":"product_brand","embeddable":true,"href":"https:\/\/yeni.vasel.com.tr\/ru\/wp-json\/wp\/v2\/product_brand?post=4055"},{"taxonomy":"product_cat","embeddable":true,"href":"https:\/\/yeni.vasel.com.tr\/ru\/wp-json\/wp\/v2\/product_cat?post=4055"},{"taxonomy":"product_tag","embeddable":true,"href":"https:\/\/yeni.vasel.com.tr\/ru\/wp-json\/wp\/v2\/product_tag?post=4055"}],"curies":[{"name":"wp","href":"https:\/\/api.w.org\/{rel}","templated":true}]}}