{"id":3959,"date":"2023-06-21T14:13:02","date_gmt":"2023-06-21T11:13:02","guid":{"rendered":"https:\/\/yeni.vasel.com.tr\/?post_type=product&#038;p=3959"},"modified":"2023-06-22T17:19:59","modified_gmt":"2023-06-22T14:19:59","slug":"baglanti-elemani","status":"publish","type":"product","link":"https:\/\/yeni.vasel.com.tr\/ru\/baglanti-elemani\/","title":{"rendered":"\u0421\u043e\u0435\u0434\u0438\u043d\u0438\u0442\u0435\u043b\u044c"},"content":{"rendered":"<table width=\"232\">\n<tbody>\n<tr>\n<td>\u041c\u0430\u0442\u0435\u0440\u0438\u0430\u043b<\/td>\n<td>\u00c7elik (galvanizli)<\/td>\n<\/tr>\n<tr>\n<td>A\u011f\u0131rl\u0131k(kg)<\/td>\n<td>0,28<\/td>\n<\/tr>\n<\/tbody>\n<\/table>","protected":false},"excerpt":{"rendered":"<table style=\"width: 332px\" width=\"338\">\n<tbody>\n<tr>\n<td style=\"width: 76.8403px\">a<\/td>\n<td style=\"width: 76.8403px\">h<\/td>\n<td style=\"width: 77.5521px\">b<\/td>\n<td style=\"width: 76.1806px\">t<\/td>\n<\/tr>\n<tr>\n<td style=\"width: 76.8403px\">37<\/td>\n<td style=\"width: 76.8403px\">35<\/td>\n<td style=\"width: 77.5521px\">100<\/td>\n<td style=\"width: 76.1806px\">3<\/td>\n<\/tr>\n<\/tbody>\n<\/table>","protected":false},"featured_media":3962,"comment_status":"closed","ping_status":"closed","template":"","meta":{"_et_pb_use_builder":"","_et_pb_old_content":"","_et_gb_content_width":""},"product_brand":[],"product_cat":[219,218],"product_tag":[],"class_list":{"0":"post-3959","1":"product","2":"type-product","3":"status-publish","4":"has-post-thumbnail","6":"product_cat-1028-vasel-vinc-c-profil-kablo-tasima-sistemleri-crane-cable-festoon-system-c-rail-c-profil-c-track","7":"product_cat-vasel-vinc-c-profil-kablo-tasima-sistemleri-crane-cable-festoon-system-c-rail-c-profil-c-track","9":"first","10":"instock","11":"shipping-taxable","12":"product-type-simple"},"_links":{"self":[{"href":"https:\/\/yeni.vasel.com.tr\/ru\/wp-json\/wp\/v2\/product\/3959","targetHints":{"allow":["GET"]}}],"collection":[{"href":"https:\/\/yeni.vasel.com.tr\/ru\/wp-json\/wp\/v2\/product"}],"about":[{"href":"https:\/\/yeni.vasel.com.tr\/ru\/wp-json\/wp\/v2\/types\/product"}],"replies":[{"embeddable":true,"href":"https:\/\/yeni.vasel.com.tr\/ru\/wp-json\/wp\/v2\/comments?post=3959"}],"wp:featuredmedia":[{"embeddable":true,"href":"https:\/\/yeni.vasel.com.tr\/ru\/wp-json\/wp\/v2\/media\/3962"}],"wp:attachment":[{"href":"https:\/\/yeni.vasel.com.tr\/ru\/wp-json\/wp\/v2\/media?parent=3959"}],"wp:term":[{"taxonomy":"product_brand","embeddable":true,"href":"https:\/\/yeni.vasel.com.tr\/ru\/wp-json\/wp\/v2\/product_brand?post=3959"},{"taxonomy":"product_cat","embeddable":true,"href":"https:\/\/yeni.vasel.com.tr\/ru\/wp-json\/wp\/v2\/product_cat?post=3959"},{"taxonomy":"product_tag","embeddable":true,"href":"https:\/\/yeni.vasel.com.tr\/ru\/wp-json\/wp\/v2\/product_tag?post=3959"}],"curies":[{"name":"wp","href":"https:\/\/api.w.org\/{rel}","templated":true}]}}