{"id":3926,"date":"2023-05-18T17:56:41","date_gmt":"2023-05-18T14:56:41","guid":{"rendered":"https:\/\/yeni.vasel.com.tr\/?post_type=product&#038;p=3926"},"modified":"2025-11-01T11:41:48","modified_gmt":"2025-11-01T08:41:48","slug":"30-vs1028e4-vasel-vinc-crane-cable-festoon-system-baglanti-elemani-splice-joint-track-coupler","status":"publish","type":"product","link":"https:\/\/yeni.vasel.com.tr\/ru\/30-vs1028e4-vasel-vinc-crane-cable-festoon-system-baglanti-elemani-splice-joint-track-coupler\/","title":{"rendered":"Plastik Ba\u011flant\u0131 Eleman\u0131"},"content":{"rendered":"<table width=\"205\">\n<tbody>\n<tr>\n<td width=\"84\">\u041c\u0430\u0442\u0435\u0440\u0438\u0430\u043b<\/td>\n<td width=\"121\">Plastik<\/td>\n<\/tr>\n<tr>\n<td width=\"84\">A\u011f\u0131rl\u0131k(kg\/m)<\/td>\n<td width=\"121\">0,10<\/td>\n<\/tr>\n<\/tbody>\n<\/table>\n<p>&nbsp;<\/p>","protected":false},"excerpt":{"rendered":"<div class=\"vs-table-2\">\n<p class=\"text-primary m-0\" style=\"margin-left: 10px;\"><strong>\u00d6l\u00e7\u00fcler (mm)<\/strong><\/p>\n<table width=\"168\">\n<tbody>\n<tr>\n<td width=\"28\">a<\/td>\n<td width=\"28\">h<\/td>\n<td width=\"28\">b1<\/td>\n<td width=\"28\">b2<\/td>\n<td width=\"28\">b3<\/td>\n<td width=\"28\">b4<\/td>\n<\/tr>\n<tr>\n<td width=\"28\">83<\/td>\n<td width=\"28\">37<\/td>\n<td width=\"28\">107<\/td>\n<td width=\"28\">54<\/td>\n<td width=\"28\">35<\/td>\n<td width=\"28\">7<\/td>\n<\/tr>\n<\/tbody>\n<\/table>\n<\/div>","protected":false},"featured_media":4506,"comment_status":"open","ping_status":"closed","template":"","meta":{"_et_pb_use_builder":"","_et_pb_old_content":"","_et_gb_content_width":""},"product_brand":[],"product_cat":[219,218],"product_tag":[],"class_list":{"0":"post-3926","1":"product","2":"type-product","3":"status-publish","4":"has-post-thumbnail","6":"product_cat-1028-vasel-vinc-c-profil-kablo-tasima-sistemleri-crane-cable-festoon-system-c-rail-c-profil-c-track","7":"product_cat-vasel-vinc-c-profil-kablo-tasima-sistemleri-crane-cable-festoon-system-c-rail-c-profil-c-track","9":"first","10":"instock","11":"shipping-taxable","12":"product-type-simple"},"_links":{"self":[{"href":"https:\/\/yeni.vasel.com.tr\/ru\/wp-json\/wp\/v2\/product\/3926","targetHints":{"allow":["GET"]}}],"collection":[{"href":"https:\/\/yeni.vasel.com.tr\/ru\/wp-json\/wp\/v2\/product"}],"about":[{"href":"https:\/\/yeni.vasel.com.tr\/ru\/wp-json\/wp\/v2\/types\/product"}],"replies":[{"embeddable":true,"href":"https:\/\/yeni.vasel.com.tr\/ru\/wp-json\/wp\/v2\/comments?post=3926"}],"wp:featuredmedia":[{"embeddable":true,"href":"https:\/\/yeni.vasel.com.tr\/ru\/wp-json\/wp\/v2\/media\/4506"}],"wp:attachment":[{"href":"https:\/\/yeni.vasel.com.tr\/ru\/wp-json\/wp\/v2\/media?parent=3926"}],"wp:term":[{"taxonomy":"product_brand","embeddable":true,"href":"https:\/\/yeni.vasel.com.tr\/ru\/wp-json\/wp\/v2\/product_brand?post=3926"},{"taxonomy":"product_cat","embeddable":true,"href":"https:\/\/yeni.vasel.com.tr\/ru\/wp-json\/wp\/v2\/product_cat?post=3926"},{"taxonomy":"product_tag","embeddable":true,"href":"https:\/\/yeni.vasel.com.tr\/ru\/wp-json\/wp\/v2\/product_tag?post=3926"}],"curies":[{"name":"wp","href":"https:\/\/api.w.org\/{rel}","templated":true}]}}