{"id":5508,"date":"2025-10-03T10:09:15","date_gmt":"2025-10-03T07:09:15","guid":{"rendered":"https:\/\/yeni.vasel.com.tr\/?post_type=product&#038;p=5508"},"modified":"2025-10-03T10:15:57","modified_gmt":"2025-10-03T07:15:57","slug":"170-vs1012k-vasel-vinc-crane-cable-festoon-system-kaynak-baglanti-welding-support-bracket-2","status":"publish","type":"product","link":"https:\/\/yeni.vasel.com.tr\/en\/170-vs1012k-vasel-vinc-crane-cable-festoon-system-kaynak-baglanti-welding-support-bracket-2\/","title":{"rendered":"Kaynak Ba\u011flant\u0131 Eleman\u0131 (1012serisi)"},"content":{"rendered":"<table width=\"226\">\n<tbody>\n<tr>\n<td width=\"89\">Material<\/td>\n<td width=\"137\">\u00c7elik<\/td>\n<\/tr>\n<tr>\n<td>A\u011f\u0131rl\u0131k (kg\/m)<\/td>\n<td>0,7<\/td>\n<\/tr>\n<\/tbody>\n<\/table>","protected":false},"excerpt":{"rendered":"<table width=\"234\">\n<tbody>\n<tr>\n<td width=\"39\">a<\/td>\n<td width=\"39\">b1<\/td>\n<td width=\"39\">b2<\/td>\n<td width=\"39\">b3<\/td>\n<td width=\"39\">h1<\/td>\n<td width=\"39\">h2<\/td>\n<\/tr>\n<tr>\n<td width=\"39\">51<\/td>\n<td width=\"39\">120<\/td>\n<td width=\"39\">40<\/td>\n<td width=\"39\">107<\/td>\n<td width=\"39\">51<\/td>\n<td width=\"39\">36<\/td>\n<\/tr>\n<\/tbody>\n<\/table>","protected":false},"featured_media":5509,"comment_status":"closed","ping_status":"closed","template":"","meta":{"_et_pb_use_builder":"","_et_pb_old_content":"","_et_gb_content_width":""},"product_brand":[],"product_cat":[220,218],"product_tag":[],"class_list":{"0":"post-5508","1":"product","2":"type-product","3":"status-publish","4":"has-post-thumbnail","6":"product_cat-1032-vasel-vinc-c-profil-kablo-tasima-sistemleri-crane-cable-festoon-system-c-rail-c-profil-c-track","7":"product_cat-vasel-vinc-c-profil-kablo-tasima-sistemleri-crane-cable-festoon-system-c-rail-c-profil-c-track","9":"first","10":"instock","11":"shipping-taxable","12":"product-type-simple"},"_links":{"self":[{"href":"https:\/\/yeni.vasel.com.tr\/en\/wp-json\/wp\/v2\/product\/5508","targetHints":{"allow":["GET"]}}],"collection":[{"href":"https:\/\/yeni.vasel.com.tr\/en\/wp-json\/wp\/v2\/product"}],"about":[{"href":"https:\/\/yeni.vasel.com.tr\/en\/wp-json\/wp\/v2\/types\/product"}],"replies":[{"embeddable":true,"href":"https:\/\/yeni.vasel.com.tr\/en\/wp-json\/wp\/v2\/comments?post=5508"}],"wp:featuredmedia":[{"embeddable":true,"href":"https:\/\/yeni.vasel.com.tr\/en\/wp-json\/wp\/v2\/media\/5509"}],"wp:attachment":[{"href":"https:\/\/yeni.vasel.com.tr\/en\/wp-json\/wp\/v2\/media?parent=5508"}],"wp:term":[{"taxonomy":"product_brand","embeddable":true,"href":"https:\/\/yeni.vasel.com.tr\/en\/wp-json\/wp\/v2\/product_brand?post=5508"},{"taxonomy":"product_cat","embeddable":true,"href":"https:\/\/yeni.vasel.com.tr\/en\/wp-json\/wp\/v2\/product_cat?post=5508"},{"taxonomy":"product_tag","embeddable":true,"href":"https:\/\/yeni.vasel.com.tr\/en\/wp-json\/wp\/v2\/product_tag?post=5508"}],"curies":[{"name":"wp","href":"https:\/\/api.w.org\/{rel}","templated":true}]}}