{"id":5214,"date":"2023-07-22T09:14:30","date_gmt":"2023-07-22T06:14:30","guid":{"rendered":"https:\/\/yeni.vasel.com.tr\/?post_type=product&#038;p=5214"},"modified":"2023-07-22T11:15:55","modified_gmt":"2023-07-22T08:15:55","slug":"20-vs1040e2-vasel-vinc-crane-cable-festoon-system-baglanti-elemani-splice-joint-track-coupler","status":"publish","type":"product","link":"https:\/\/yeni.vasel.com.tr\/en\/20-vs1040e2-vasel-vinc-crane-cable-festoon-system-baglanti-elemani-splice-joint-track-coupler\/","title":{"rendered":"Splice Joint"},"content":{"rendered":"<table width=\"309\">\n<tbody>\n<tr>\n<td width=\"86\">Material<\/td>\n<td width=\"223\">\u00c7elik (galvanizli)<\/td>\n<\/tr>\n<tr>\n<td>A\u011f\u0131rl\u0131k(kg)<\/td>\n<td>0,66<\/td>\n<\/tr>\n<\/tbody>\n<\/table>","protected":false},"excerpt":{"rendered":"<table width=\"256\">\n<tbody>\n<tr>\n<td width=\"64\">a<\/td>\n<td width=\"64\">b<\/td>\n<td width=\"64\">h<\/td>\n<td width=\"64\">t<\/td>\n<\/tr>\n<tr>\n<td width=\"64\">49<\/td>\n<td width=\"64\">125<\/td>\n<td width=\"64\">49<\/td>\n<td width=\"64\">4<\/td>\n<\/tr>\n<\/tbody>\n<\/table>","protected":false},"featured_media":5215,"comment_status":"closed","ping_status":"closed","template":"","meta":{"_et_pb_use_builder":"","_et_pb_old_content":"","_et_gb_content_width":""},"product_brand":[],"product_cat":[221,218],"product_tag":[],"class_list":{"0":"post-5214","1":"product","2":"type-product","3":"status-publish","4":"has-post-thumbnail","6":"product_cat-1040-vasel-vinc-c-profil-kablo-tasima-sistemleri-crane-cable-festoon-system-c-rail-c-profil-c-track","7":"product_cat-vasel-vinc-c-profil-kablo-tasima-sistemleri-crane-cable-festoon-system-c-rail-c-profil-c-track","9":"first","10":"instock","11":"shipping-taxable","12":"product-type-simple"},"_links":{"self":[{"href":"https:\/\/yeni.vasel.com.tr\/en\/wp-json\/wp\/v2\/product\/5214","targetHints":{"allow":["GET"]}}],"collection":[{"href":"https:\/\/yeni.vasel.com.tr\/en\/wp-json\/wp\/v2\/product"}],"about":[{"href":"https:\/\/yeni.vasel.com.tr\/en\/wp-json\/wp\/v2\/types\/product"}],"replies":[{"embeddable":true,"href":"https:\/\/yeni.vasel.com.tr\/en\/wp-json\/wp\/v2\/comments?post=5214"}],"wp:featuredmedia":[{"embeddable":true,"href":"https:\/\/yeni.vasel.com.tr\/en\/wp-json\/wp\/v2\/media\/5215"}],"wp:attachment":[{"href":"https:\/\/yeni.vasel.com.tr\/en\/wp-json\/wp\/v2\/media?parent=5214"}],"wp:term":[{"taxonomy":"product_brand","embeddable":true,"href":"https:\/\/yeni.vasel.com.tr\/en\/wp-json\/wp\/v2\/product_brand?post=5214"},{"taxonomy":"product_cat","embeddable":true,"href":"https:\/\/yeni.vasel.com.tr\/en\/wp-json\/wp\/v2\/product_cat?post=5214"},{"taxonomy":"product_tag","embeddable":true,"href":"https:\/\/yeni.vasel.com.tr\/en\/wp-json\/wp\/v2\/product_tag?post=5214"}],"curies":[{"name":"wp","href":"https:\/\/api.w.org\/{rel}","templated":true}]}}