{"id":5119,"date":"2023-07-17T15:53:49","date_gmt":"2023-07-17T12:53:49","guid":{"rendered":"https:\/\/yeni.vasel.com.tr\/?post_type=product&#038;p=5119"},"modified":"2023-07-17T15:53:49","modified_gmt":"2023-07-17T12:53:49","slug":"550-vs1032f5-86-4-vasel-vinc-crane-cable-festoon-system-kumanda-kontrol-pendant-ideal-control","status":"publish","type":"product","link":"https:\/\/yeni.vasel.com.tr\/en\/550-vs1032f5-86-4-vasel-vinc-crane-cable-festoon-system-kumanda-kontrol-pendant-ideal-control\/","title":{"rendered":"Kumanda Kontrol \u00dcnitesi Arabas\u0131 (komple \u00e7elik)"},"content":{"rendered":"<table width=\"398\">\n<tbody>\n<tr>\n<td width=\"215\">Ta\u015f\u0131c\u0131 Tekerlek<\/td>\n<td width=\"183\">\u00c7elik Ta\u015f\u0131y\u0131c\u0131 Tekerlek<\/td>\n<\/tr>\n<tr>\n<td>Material<\/td>\n<td width=\"183\">\u00c7elik G\u00f6vde<br \/>\n\u00c7elik Kablo Ba\u011flant\u0131 Aparat\u0131<br \/>\nGalvanizli G\u00f6vde<\/td>\n<\/tr>\n<tr>\n<td>\u00c7al\u0131\u015fma S\u0131cakl\u0131\u011f\u0131<\/td>\n<td width=\"183\">\u00a0-30\u00b0C to +70\u00b0C<\/td>\n<\/tr>\n<tr>\n<td>Max. Kablo Ta\u015f\u0131ma Kapasitesi<\/td>\n<td width=\"183\">16 kg<\/td>\n<\/tr>\n<tr>\n<td>A\u011f\u0131rl\u0131k (kg)<\/td>\n<td>1,35<\/td>\n<\/tr>\n<\/tbody>\n<\/table>","protected":false},"excerpt":{"rendered":"<table width=\"270\">\n<tbody>\n<tr>\n<td width=\"30\">a<\/td>\n<td width=\"30\">b1<\/td>\n<td width=\"30\">b2<\/td>\n<td width=\"30\">b3<\/td>\n<td width=\"30\">s<\/td>\n<td width=\"30\">h<\/td>\n<td width=\"30\">w1<\/td>\n<td width=\"30\">w2<\/td>\n<td width=\"30\">\u00f8D<\/td>\n<\/tr>\n<tr>\n<td width=\"30\">125<\/td>\n<td width=\"30\">93<\/td>\n<td width=\"30\">66<\/td>\n<td width=\"30\">380<\/td>\n<td width=\"30\">17<\/td>\n<td width=\"30\">79<\/td>\n<td width=\"30\">25<\/td>\n<td width=\"30\">24<\/td>\n<td width=\"30\">50<\/td>\n<\/tr>\n<\/tbody>\n<\/table>","protected":false},"featured_media":5120,"comment_status":"closed","ping_status":"closed","template":"","meta":{"_et_pb_use_builder":"","_et_pb_old_content":"","_et_gb_content_width":""},"product_brand":[],"product_cat":[220,218],"product_tag":[],"class_list":{"0":"post-5119","1":"product","2":"type-product","3":"status-publish","4":"has-post-thumbnail","6":"product_cat-1032-vasel-vinc-c-profil-kablo-tasima-sistemleri-crane-cable-festoon-system-c-rail-c-profil-c-track","7":"product_cat-vasel-vinc-c-profil-kablo-tasima-sistemleri-crane-cable-festoon-system-c-rail-c-profil-c-track","9":"first","10":"instock","11":"shipping-taxable","12":"product-type-simple"},"_links":{"self":[{"href":"https:\/\/yeni.vasel.com.tr\/en\/wp-json\/wp\/v2\/product\/5119","targetHints":{"allow":["GET"]}}],"collection":[{"href":"https:\/\/yeni.vasel.com.tr\/en\/wp-json\/wp\/v2\/product"}],"about":[{"href":"https:\/\/yeni.vasel.com.tr\/en\/wp-json\/wp\/v2\/types\/product"}],"replies":[{"embeddable":true,"href":"https:\/\/yeni.vasel.com.tr\/en\/wp-json\/wp\/v2\/comments?post=5119"}],"wp:featuredmedia":[{"embeddable":true,"href":"https:\/\/yeni.vasel.com.tr\/en\/wp-json\/wp\/v2\/media\/5120"}],"wp:attachment":[{"href":"https:\/\/yeni.vasel.com.tr\/en\/wp-json\/wp\/v2\/media?parent=5119"}],"wp:term":[{"taxonomy":"product_brand","embeddable":true,"href":"https:\/\/yeni.vasel.com.tr\/en\/wp-json\/wp\/v2\/product_brand?post=5119"},{"taxonomy":"product_cat","embeddable":true,"href":"https:\/\/yeni.vasel.com.tr\/en\/wp-json\/wp\/v2\/product_cat?post=5119"},{"taxonomy":"product_tag","embeddable":true,"href":"https:\/\/yeni.vasel.com.tr\/en\/wp-json\/wp\/v2\/product_tag?post=5119"}],"curies":[{"name":"wp","href":"https:\/\/api.w.org\/{rel}","templated":true}]}}