{"id":4536,"date":"2023-06-26T10:06:35","date_gmt":"2023-06-26T07:06:35","guid":{"rendered":"https:\/\/yeni.vasel.com.tr\/?post_type=product&#038;p=4536"},"modified":"2023-06-26T10:06:35","modified_gmt":"2023-06-26T07:06:35","slug":"70-vs1032d3-vasel-vinc-crane-cable-festoon-system-kayar-aski-track-support-bracket-hanger","status":"publish","type":"product","link":"https:\/\/yeni.vasel.com.tr\/en\/70-vs1032d3-vasel-vinc-crane-cable-festoon-system-kayar-aski-track-support-bracket-hanger\/","title":{"rendered":"Kayar ask\u0131 (1011 serisi i\u00e7in uygun tip )"},"content":{"rendered":"<table width=\"219\">\n<tbody>\n<tr>\n<td width=\"82\">Material<\/td>\n<td width=\"137\">\u00c7elik (galvanizli)<\/td>\n<\/tr>\n<tr>\n<td>A\u011f\u0131rl\u0131k(kg)<\/td>\n<td>0,24<\/td>\n<\/tr>\n<\/tbody>\n<\/table>","protected":false},"excerpt":{"rendered":"<table style=\"border-collapse: collapse;width: 288pt\" border=\"0\" width=\"384\" cellspacing=\"0\" cellpadding=\"0\">\n<tbody>\n<tr style=\"height: 15.0pt\">\n<td class=\"xl65\" style=\"height: 15.0pt;width: 48pt\" width=\"64\" height=\"20\">a<span class=\"font5\">1<\/span><\/td>\n<td class=\"xl65\" style=\"border-left: none;width: 48pt\" width=\"64\">a<span class=\"font5\">2<\/span><\/td>\n<td class=\"xl65\" style=\"border-left: none;width: 48pt\" width=\"64\">b<span class=\"font5\">1<\/span><\/td>\n<td class=\"xl65\" style=\"border-left: none;width: 48pt\" width=\"64\">b<span class=\"font5\">2<\/span><\/td>\n<td class=\"xl65\" style=\"border-left: none;width: 48pt\" width=\"64\">h<\/td>\n<td class=\"xl65\" style=\"border-left: none;width: 48pt\" width=\"64\">t<\/td>\n<\/tr>\n<tr style=\"height: 15.0pt\">\n<td class=\"xl66\" style=\"height: 15.0pt;border-top: none;width: 48pt\" width=\"64\" height=\"20\">40<\/td>\n<td class=\"xl66\" style=\"border-top: none;border-left: none;width: 48pt\" width=\"64\">20<\/td>\n<td class=\"xl66\" style=\"border-top: none;border-left: none;width: 48pt\" width=\"64\">85<\/td>\n<td class=\"xl66\" style=\"border-top: none;border-left: none;width: 48pt\" width=\"64\">60<\/td>\n<td class=\"xl66\" style=\"border-top: none;border-left: none;width: 48pt\" width=\"64\">35<\/td>\n<td class=\"xl66\" style=\"border-top: none;border-left: none;width: 48pt\" width=\"64\">5<\/td>\n<\/tr>\n<\/tbody>\n<\/table>","protected":false},"featured_media":4537,"comment_status":"closed","ping_status":"closed","template":"","meta":{"_et_pb_use_builder":"","_et_pb_old_content":"","_et_gb_content_width":""},"product_brand":[],"product_cat":[220,218],"product_tag":[],"class_list":{"0":"post-4536","1":"product","2":"type-product","3":"status-publish","4":"has-post-thumbnail","6":"product_cat-1032-vasel-vinc-c-profil-kablo-tasima-sistemleri-crane-cable-festoon-system-c-rail-c-profil-c-track","7":"product_cat-vasel-vinc-c-profil-kablo-tasima-sistemleri-crane-cable-festoon-system-c-rail-c-profil-c-track","9":"first","10":"instock","11":"shipping-taxable","12":"product-type-simple"},"_links":{"self":[{"href":"https:\/\/yeni.vasel.com.tr\/en\/wp-json\/wp\/v2\/product\/4536","targetHints":{"allow":["GET"]}}],"collection":[{"href":"https:\/\/yeni.vasel.com.tr\/en\/wp-json\/wp\/v2\/product"}],"about":[{"href":"https:\/\/yeni.vasel.com.tr\/en\/wp-json\/wp\/v2\/types\/product"}],"replies":[{"embeddable":true,"href":"https:\/\/yeni.vasel.com.tr\/en\/wp-json\/wp\/v2\/comments?post=4536"}],"wp:featuredmedia":[{"embeddable":true,"href":"https:\/\/yeni.vasel.com.tr\/en\/wp-json\/wp\/v2\/media\/4537"}],"wp:attachment":[{"href":"https:\/\/yeni.vasel.com.tr\/en\/wp-json\/wp\/v2\/media?parent=4536"}],"wp:term":[{"taxonomy":"product_brand","embeddable":true,"href":"https:\/\/yeni.vasel.com.tr\/en\/wp-json\/wp\/v2\/product_brand?post=4536"},{"taxonomy":"product_cat","embeddable":true,"href":"https:\/\/yeni.vasel.com.tr\/en\/wp-json\/wp\/v2\/product_cat?post=4536"},{"taxonomy":"product_tag","embeddable":true,"href":"https:\/\/yeni.vasel.com.tr\/en\/wp-json\/wp\/v2\/product_tag?post=4536"}],"curies":[{"name":"wp","href":"https:\/\/api.w.org\/{rel}","templated":true}]}}