{"id":4516,"date":"2023-06-26T09:29:25","date_gmt":"2023-06-26T06:29:25","guid":{"rendered":"https:\/\/yeni.vasel.com.tr\/?post_type=product&#038;p=4516"},"modified":"2023-06-26T09:29:25","modified_gmt":"2023-06-26T06:29:25","slug":"20-vs1032e2-vasel-vinc-crane-cable-festoon-system-baglanti-elemani-splice-joint-track-coupler","status":"publish","type":"product","link":"https:\/\/yeni.vasel.com.tr\/en\/20-vs1032e2-vasel-vinc-crane-cable-festoon-system-baglanti-elemani-splice-joint-track-coupler\/","title":{"rendered":"Splice Joint"},"content":{"rendered":"<table width=\"353\">\n<tbody>\n<tr>\n<td width=\"130\">Material<\/td>\n<td width=\"223\">\u00c7elik (galvanizli)<\/td>\n<\/tr>\n<tr>\n<td>A\u011f\u0131rl\u0131k(kg)<\/td>\n<td>0,3<\/td>\n<\/tr>\n<\/tbody>\n<\/table>","protected":false},"excerpt":{"rendered":"<table width=\"256\">\n<tbody>\n<tr>\n<td width=\"64\">a<\/td>\n<td width=\"64\">h<\/td>\n<td width=\"64\">b<\/td>\n<td width=\"64\">t<\/td>\n<\/tr>\n<tr>\n<td width=\"64\">39<\/td>\n<td width=\"64\">37<\/td>\n<td width=\"64\">100<\/td>\n<td width=\"64\">3<\/td>\n<\/tr>\n<\/tbody>\n<\/table>","protected":false},"featured_media":4517,"comment_status":"closed","ping_status":"closed","template":"","meta":{"_et_pb_use_builder":"","_et_pb_old_content":"","_et_gb_content_width":""},"product_brand":[],"product_cat":[220,218],"product_tag":[],"class_list":{"0":"post-4516","1":"product","2":"type-product","3":"status-publish","4":"has-post-thumbnail","6":"product_cat-1032-vasel-vinc-c-profil-kablo-tasima-sistemleri-crane-cable-festoon-system-c-rail-c-profil-c-track","7":"product_cat-vasel-vinc-c-profil-kablo-tasima-sistemleri-crane-cable-festoon-system-c-rail-c-profil-c-track","9":"first","10":"instock","11":"shipping-taxable","12":"product-type-simple"},"_links":{"self":[{"href":"https:\/\/yeni.vasel.com.tr\/en\/wp-json\/wp\/v2\/product\/4516","targetHints":{"allow":["GET"]}}],"collection":[{"href":"https:\/\/yeni.vasel.com.tr\/en\/wp-json\/wp\/v2\/product"}],"about":[{"href":"https:\/\/yeni.vasel.com.tr\/en\/wp-json\/wp\/v2\/types\/product"}],"replies":[{"embeddable":true,"href":"https:\/\/yeni.vasel.com.tr\/en\/wp-json\/wp\/v2\/comments?post=4516"}],"wp:featuredmedia":[{"embeddable":true,"href":"https:\/\/yeni.vasel.com.tr\/en\/wp-json\/wp\/v2\/media\/4517"}],"wp:attachment":[{"href":"https:\/\/yeni.vasel.com.tr\/en\/wp-json\/wp\/v2\/media?parent=4516"}],"wp:term":[{"taxonomy":"product_brand","embeddable":true,"href":"https:\/\/yeni.vasel.com.tr\/en\/wp-json\/wp\/v2\/product_brand?post=4516"},{"taxonomy":"product_cat","embeddable":true,"href":"https:\/\/yeni.vasel.com.tr\/en\/wp-json\/wp\/v2\/product_cat?post=4516"},{"taxonomy":"product_tag","embeddable":true,"href":"https:\/\/yeni.vasel.com.tr\/en\/wp-json\/wp\/v2\/product_tag?post=4516"}],"curies":[{"name":"wp","href":"https:\/\/api.w.org\/{rel}","templated":true}]}}