{"id":4494,"date":"2023-06-24T12:39:48","date_gmt":"2023-06-24T09:39:48","guid":{"rendered":"https:\/\/yeni.vasel.com.tr\/?post_type=product&#038;p=4494"},"modified":"2023-07-31T16:19:33","modified_gmt":"2023-07-31T13:19:33","slug":"840-vs1005t-50x55-75x60-100x100-vasel-crane-cable-festoon-system-rubber-buffer-kaucuk-tampon","status":"publish","type":"product","link":"https:\/\/yeni.vasel.com.tr\/en\/840-vs1005t-50x55-75x60-100x100-vasel-crane-cable-festoon-system-rubber-buffer-kaucuk-tampon\/","title":{"rendered":"Kau\u00e7uk Tampon"},"content":{"rendered":"<table width=\"596\">\n<tbody>\n<tr>\n<td style=\"width: 124.549px\">Product Code<\/td>\n<td style=\"width: 131.892px\">\u00dcr\u00fcn<\/td>\n<td style=\"width: 60.7292px\">a1<\/td>\n<td style=\"width: 60.7292px\">a2<\/td>\n<td style=\"width: 60.7292px\">b<\/td>\n<td style=\"width: 59.1667px\">d<\/td>\n<td style=\"width: 57.6736px\">t<\/td>\n<\/tr>\n<tr>\n<td style=\"width: 124.549px\">VS1005T-50&#215;55<\/td>\n<td style=\"width: 131.892px\">Kau\u00e7uk Tampon T50x55<\/td>\n<td style=\"width: 60.7292px\">65<\/td>\n<td style=\"width: 60.7292px\">50<\/td>\n<td style=\"width: 60.7292px\">55<\/td>\n<td style=\"width: 59.1667px\">7<\/td>\n<td style=\"width: 57.6736px\">3<\/td>\n<\/tr>\n<tr>\n<td style=\"width: 124.549px\">VS1005T-75&#215;60<\/td>\n<td style=\"width: 131.892px\">Kau\u00e7uk Tampon T75x60<\/td>\n<td style=\"width: 60.7292px\">95<\/td>\n<td style=\"width: 60.7292px\">75<\/td>\n<td style=\"width: 60.7292px\">60<\/td>\n<td style=\"width: 59.1667px\">11<\/td>\n<td style=\"width: 57.6736px\">4<\/td>\n<\/tr>\n<tr>\n<td style=\"width: 124.549px\">VS1005T-100&#215;100<\/td>\n<td style=\"width: 131.892px\">Kau\u00e7uk Tampon T100x100<\/td>\n<td style=\"width: 60.7292px\">125<\/td>\n<td style=\"width: 60.7292px\">100<\/td>\n<td style=\"width: 60.7292px\">100<\/td>\n<td style=\"width: 59.1667px\">15<\/td>\n<td style=\"width: 57.6736px\">4<\/td>\n<\/tr>\n<\/tbody>\n<\/table>","protected":false},"excerpt":{"rendered":"<p>\u00dcr\u00fcn Kodu \u00dcr\u00fcn a1 a2 b d t VS1005T-50&#215;55 Kau\u00e7uk Tampon T50x55 65 50 55 7 3 VS1005T-75&#215;60 Kau\u00e7uk Tampon T75x60 95 75 60 11 4 VS1005T-100&#215;100 Kau\u00e7uk Tampon T100x100 125 100 100 15 4<\/p>","protected":false},"featured_media":4495,"comment_status":"closed","ping_status":"closed","template":"","meta":{"_et_pb_use_builder":"","_et_pb_old_content":"","_et_gb_content_width":""},"product_brand":[],"product_cat":[219,220,221,218],"product_tag":[],"class_list":{"0":"post-4494","1":"product","2":"type-product","3":"status-publish","4":"has-post-thumbnail","6":"product_cat-1028-vasel-vinc-c-profil-kablo-tasima-sistemleri-crane-cable-festoon-system-c-rail-c-profil-c-track","7":"product_cat-1032-vasel-vinc-c-profil-kablo-tasima-sistemleri-crane-cable-festoon-system-c-rail-c-profil-c-track","8":"product_cat-1040-vasel-vinc-c-profil-kablo-tasima-sistemleri-crane-cable-festoon-system-c-rail-c-profil-c-track","9":"product_cat-vasel-vinc-c-profil-kablo-tasima-sistemleri-crane-cable-festoon-system-c-rail-c-profil-c-track","11":"first","12":"instock","13":"shipping-taxable","14":"product-type-simple"},"_links":{"self":[{"href":"https:\/\/yeni.vasel.com.tr\/en\/wp-json\/wp\/v2\/product\/4494","targetHints":{"allow":["GET"]}}],"collection":[{"href":"https:\/\/yeni.vasel.com.tr\/en\/wp-json\/wp\/v2\/product"}],"about":[{"href":"https:\/\/yeni.vasel.com.tr\/en\/wp-json\/wp\/v2\/types\/product"}],"replies":[{"embeddable":true,"href":"https:\/\/yeni.vasel.com.tr\/en\/wp-json\/wp\/v2\/comments?post=4494"}],"wp:featuredmedia":[{"embeddable":true,"href":"https:\/\/yeni.vasel.com.tr\/en\/wp-json\/wp\/v2\/media\/4495"}],"wp:attachment":[{"href":"https:\/\/yeni.vasel.com.tr\/en\/wp-json\/wp\/v2\/media?parent=4494"}],"wp:term":[{"taxonomy":"product_brand","embeddable":true,"href":"https:\/\/yeni.vasel.com.tr\/en\/wp-json\/wp\/v2\/product_brand?post=4494"},{"taxonomy":"product_cat","embeddable":true,"href":"https:\/\/yeni.vasel.com.tr\/en\/wp-json\/wp\/v2\/product_cat?post=4494"},{"taxonomy":"product_tag","embeddable":true,"href":"https:\/\/yeni.vasel.com.tr\/en\/wp-json\/wp\/v2\/product_tag?post=4494"}],"curies":[{"name":"wp","href":"https:\/\/api.w.org\/{rel}","templated":true}]}}