{"id":4489,"date":"2023-06-24T12:33:56","date_gmt":"2023-06-24T09:33:56","guid":{"rendered":"https:\/\/yeni.vasel.com.tr\/?post_type=product&#038;p=4489"},"modified":"2023-07-19T16:08:57","modified_gmt":"2023-07-19T13:08:57","slug":"830-vs1004y-120-vs1004y-150-vasel-vinc-crane-cable-festoon-system-baslik-tapasi-end-cap","status":"publish","type":"product","link":"https:\/\/yeni.vasel.com.tr\/en\/830-vs1004y-120-vs1004y-150-vasel-vinc-crane-cable-festoon-system-baslik-tapasi-end-cap\/","title":{"rendered":"Y\u00fcr\u00fcy\u00fc\u015f Tak\u0131m\u0131 Montaj Delik Tapas\u0131"},"content":{"rendered":"<table width=\"438\">\n<tbody>\n<tr>\n<td rowspan=\"2\" width=\"134\">Product Code<\/td>\n<td rowspan=\"2\" width=\"68\">Material<\/td>\n<td rowspan=\"2\" width=\"62\">Renk<\/td>\n<td rowspan=\"2\" width=\"53\">A\u011f\u0131rl\u0131k<br \/>\n(kg\/m)<\/td>\n<td colspan=\"2\" width=\"121\">\u00d6l\u00e7\u00fcler (mm)<\/td>\n<\/tr>\n<tr>\n<td width=\"56\">a1<\/td>\n<td width=\"65\">a2<\/td>\n<\/tr>\n<tr>\n<td>VS-1004Y-120-K<\/td>\n<td>PE<\/td>\n<td>K\u0131rm\u0131z\u0131<\/td>\n<td>0,04<\/td>\n<td>120<\/td>\n<td>130<\/td>\n<\/tr>\n<tr>\n<td>VS-1004Y-120-S<\/td>\n<td>PE<\/td>\n<td>Siyah<\/td>\n<td>0,04<\/td>\n<td>120<\/td>\n<td>130<\/td>\n<\/tr>\n<tr>\n<td>VS-1004Y-150-S<\/td>\n<td>PE<\/td>\n<td>Siyah<\/td>\n<td>0,05<\/td>\n<td>150<\/td>\n<td>160<\/td>\n<\/tr>\n<\/tbody>\n<\/table>","protected":false},"excerpt":{"rendered":"<p>\u00dcr\u00fcn Kodu Malzeme Renk A\u011f\u0131rl\u0131k (kg\/m) \u00d6l\u00e7\u00fcler (mm) a1 a2 VS-1004Y-120-K PE K\u0131rm\u0131z\u0131 0,04 120 130 VS-1004Y-120-S PE Siyah 0,04 120 130 VS-1004Y-150-S PE Siyah 0,05 150 160<\/p>","protected":false},"featured_media":4490,"comment_status":"closed","ping_status":"closed","template":"","meta":{"_et_pb_use_builder":"","_et_pb_old_content":"","_et_gb_content_width":""},"product_brand":[],"product_cat":[219,220,218],"product_tag":[],"class_list":{"0":"post-4489","1":"product","2":"type-product","3":"status-publish","4":"has-post-thumbnail","6":"product_cat-1028-vasel-vinc-c-profil-kablo-tasima-sistemleri-crane-cable-festoon-system-c-rail-c-profil-c-track","7":"product_cat-1032-vasel-vinc-c-profil-kablo-tasima-sistemleri-crane-cable-festoon-system-c-rail-c-profil-c-track","8":"product_cat-vasel-vinc-c-profil-kablo-tasima-sistemleri-crane-cable-festoon-system-c-rail-c-profil-c-track","10":"first","11":"instock","12":"shipping-taxable","13":"product-type-simple"},"_links":{"self":[{"href":"https:\/\/yeni.vasel.com.tr\/en\/wp-json\/wp\/v2\/product\/4489","targetHints":{"allow":["GET"]}}],"collection":[{"href":"https:\/\/yeni.vasel.com.tr\/en\/wp-json\/wp\/v2\/product"}],"about":[{"href":"https:\/\/yeni.vasel.com.tr\/en\/wp-json\/wp\/v2\/types\/product"}],"replies":[{"embeddable":true,"href":"https:\/\/yeni.vasel.com.tr\/en\/wp-json\/wp\/v2\/comments?post=4489"}],"wp:featuredmedia":[{"embeddable":true,"href":"https:\/\/yeni.vasel.com.tr\/en\/wp-json\/wp\/v2\/media\/4490"}],"wp:attachment":[{"href":"https:\/\/yeni.vasel.com.tr\/en\/wp-json\/wp\/v2\/media?parent=4489"}],"wp:term":[{"taxonomy":"product_brand","embeddable":true,"href":"https:\/\/yeni.vasel.com.tr\/en\/wp-json\/wp\/v2\/product_brand?post=4489"},{"taxonomy":"product_cat","embeddable":true,"href":"https:\/\/yeni.vasel.com.tr\/en\/wp-json\/wp\/v2\/product_cat?post=4489"},{"taxonomy":"product_tag","embeddable":true,"href":"https:\/\/yeni.vasel.com.tr\/en\/wp-json\/wp\/v2\/product_tag?post=4489"}],"curies":[{"name":"wp","href":"https:\/\/api.w.org\/{rel}","templated":true}]}}