{"id":4457,"date":"2023-06-24T10:07:49","date_gmt":"2023-06-24T07:07:49","guid":{"rendered":"https:\/\/yeni.vasel.com.tr\/?post_type=product&#038;p=4457"},"modified":"2023-06-24T10:07:49","modified_gmt":"2023-06-24T07:07:49","slug":"750-vs1028s2-vasel-vinc-crane-cable-festoon-system-aski-arabasi-suspension-trolley-2w","status":"publish","type":"product","link":"https:\/\/yeni.vasel.com.tr\/en\/750-vs1028s2-vasel-vinc-crane-cable-festoon-system-aski-arabasi-suspension-trolley-2w\/","title":{"rendered":"Ask\u0131 Arabas\u0131 (2W)"},"content":{"rendered":"<table width=\"321\">\n<tbody>\n<tr>\n<td width=\"176\">Ta\u015f\u0131c\u0131 Tekerlek<\/td>\n<td width=\"145\">\u00c7elik Ta\u015f\u0131y\u0131c\u0131 Tekerlek<\/td>\n<\/tr>\n<tr>\n<td>Material<\/td>\n<td width=\"145\">\u00c7elik G\u00f6vde<br \/>\nGalvanizli G\u00f6vde<\/td>\n<\/tr>\n<tr>\n<td>\u00c7al\u0131\u015fma S\u0131cakl\u0131\u011f\u0131<\/td>\n<td width=\"145\">\u00a0-30\u00b0C to +70\u00b0C<\/td>\n<\/tr>\n<tr>\n<td>Max. Kablo Ta\u015f\u0131ma Kapasitesi<\/td>\n<td>10 kg<\/td>\n<\/tr>\n<tr>\n<td>A\u011f\u0131rl\u0131k (kg)<\/td>\n<td>0,05<\/td>\n<\/tr>\n<\/tbody>\n<\/table>","protected":false},"excerpt":{"rendered":"<table style=\"border-collapse: collapse;width: 192pt\" border=\"0\" width=\"256\" cellspacing=\"0\" cellpadding=\"0\">\n<tbody>\n<tr style=\"height: 15.0pt\">\n<td class=\"xl66\" style=\"height: 15.0pt;width: 48pt\" width=\"64\" height=\"20\">h<\/td>\n<td class=\"xl66\" style=\"border-left: none;width: 48pt\" width=\"64\">t<\/td>\n<td class=\"xl66\" style=\"border-left: none;width: 48pt\" width=\"64\">w1<\/td>\n<td class=\"xl66\" style=\"border-left: none;width: 48pt\" width=\"64\">w2<\/td>\n<\/tr>\n<tr style=\"height: 15.0pt\">\n<td class=\"xl65\" style=\"height: 15.0pt;border-top: none;width: 48pt\" width=\"64\" height=\"20\">13<\/td>\n<td class=\"xl65\" style=\"border-top: none;border-left: none;width: 48pt\" width=\"64\">4<\/td>\n<td class=\"xl65\" style=\"border-top: none;border-left: none;width: 48pt\" width=\"64\">21<\/td>\n<td class=\"xl65\" style=\"border-top: none;border-left: none;width: 48pt\" width=\"64\">22<\/td>\n<\/tr>\n<\/tbody>\n<\/table>","protected":false},"featured_media":4458,"comment_status":"closed","ping_status":"closed","template":"","meta":{"_et_pb_use_builder":"","_et_pb_old_content":"","_et_gb_content_width":""},"product_brand":[],"product_cat":[219,218],"product_tag":[],"class_list":{"0":"post-4457","1":"product","2":"type-product","3":"status-publish","4":"has-post-thumbnail","6":"product_cat-1028-vasel-vinc-c-profil-kablo-tasima-sistemleri-crane-cable-festoon-system-c-rail-c-profil-c-track","7":"product_cat-vasel-vinc-c-profil-kablo-tasima-sistemleri-crane-cable-festoon-system-c-rail-c-profil-c-track","9":"first","10":"instock","11":"shipping-taxable","12":"product-type-simple"},"_links":{"self":[{"href":"https:\/\/yeni.vasel.com.tr\/en\/wp-json\/wp\/v2\/product\/4457","targetHints":{"allow":["GET"]}}],"collection":[{"href":"https:\/\/yeni.vasel.com.tr\/en\/wp-json\/wp\/v2\/product"}],"about":[{"href":"https:\/\/yeni.vasel.com.tr\/en\/wp-json\/wp\/v2\/types\/product"}],"replies":[{"embeddable":true,"href":"https:\/\/yeni.vasel.com.tr\/en\/wp-json\/wp\/v2\/comments?post=4457"}],"wp:featuredmedia":[{"embeddable":true,"href":"https:\/\/yeni.vasel.com.tr\/en\/wp-json\/wp\/v2\/media\/4458"}],"wp:attachment":[{"href":"https:\/\/yeni.vasel.com.tr\/en\/wp-json\/wp\/v2\/media?parent=4457"}],"wp:term":[{"taxonomy":"product_brand","embeddable":true,"href":"https:\/\/yeni.vasel.com.tr\/en\/wp-json\/wp\/v2\/product_brand?post=4457"},{"taxonomy":"product_cat","embeddable":true,"href":"https:\/\/yeni.vasel.com.tr\/en\/wp-json\/wp\/v2\/product_cat?post=4457"},{"taxonomy":"product_tag","embeddable":true,"href":"https:\/\/yeni.vasel.com.tr\/en\/wp-json\/wp\/v2\/product_tag?post=4457"}],"curies":[{"name":"wp","href":"https:\/\/api.w.org\/{rel}","templated":true}]}}