{"id":4436,"date":"2023-06-24T09:51:53","date_gmt":"2023-06-24T06:51:53","guid":{"rendered":"https:\/\/yeni.vasel.com.tr\/?post_type=product&#038;p=4436"},"modified":"2025-10-07T08:52:27","modified_gmt":"2025-10-07T05:52:27","slug":"700-vs1014m-16-vasel-vinc-crane-cable-festoon-system-yuvarlak-kablo-kelepcesi-round-cable-banana-clips","status":"publish","type":"product","link":"https:\/\/yeni.vasel.com.tr\/en\/700-vs1014m-16-vasel-vinc-crane-cable-festoon-system-yuvarlak-kablo-kelepcesi-round-cable-banana-clips\/","title":{"rendered":"Kablo Kelep\u00e7esi 17-25"},"content":{"rendered":"<table style=\"width: 263px\" width=\"252\">\n<tbody>\n<tr>\n<td style=\"width: 144.219px\">Material<\/td>\n<td style=\"width: 104.809px\">Plastik<\/td>\n<\/tr>\n<tr>\n<td style=\"width: 144.219px\">Kablo Ba\u011flama Kapasitesi<\/td>\n<td style=\"width: 104.809px\">17 mm \/ 25 mm<\/td>\n<\/tr>\n<tr>\n<td style=\"width: 144.219px\">A\u011f\u0131rl\u0131k (kg)<\/td>\n<td style=\"width: 104.809px\">0,06<\/td>\n<\/tr>\n<\/tbody>\n<\/table>","protected":false},"excerpt":{"rendered":"<table style=\"border-collapse: collapse;width: 144pt\" border=\"0\" width=\"192\" cellspacing=\"0\" cellpadding=\"0\">\n<tbody>\n<tr style=\"height: 15.0pt\">\n<td class=\"xl65\" style=\"height: 15.0pt;width: 48pt\" width=\"64\" height=\"20\">a1<\/td>\n<td class=\"xl65\" style=\"border-left: none;width: 48pt\" width=\"64\">a2<\/td>\n<td class=\"xl65\" style=\"border-left: none;width: 48pt\" width=\"64\">b<\/td>\n<\/tr>\n<tr style=\"height: 15.0pt\">\n<td class=\"xl66\" style=\"height: 15.0pt;border-top: none\" height=\"20\">98<\/td>\n<td class=\"xl66\" style=\"border-top: none;border-left: none\">49<\/td>\n<td class=\"xl66\" style=\"border-top: none;border-left: none\">50<\/td>\n<\/tr>\n<\/tbody>\n<\/table>","protected":false},"featured_media":5535,"comment_status":"closed","ping_status":"closed","template":"","meta":{"_et_pb_use_builder":"","_et_pb_old_content":"","_et_gb_content_width":""},"product_brand":[],"product_cat":[219,220,221,218],"product_tag":[],"class_list":{"0":"post-4436","1":"product","2":"type-product","3":"status-publish","4":"has-post-thumbnail","6":"product_cat-1028-vasel-vinc-c-profil-kablo-tasima-sistemleri-crane-cable-festoon-system-c-rail-c-profil-c-track","7":"product_cat-1032-vasel-vinc-c-profil-kablo-tasima-sistemleri-crane-cable-festoon-system-c-rail-c-profil-c-track","8":"product_cat-1040-vasel-vinc-c-profil-kablo-tasima-sistemleri-crane-cable-festoon-system-c-rail-c-profil-c-track","9":"product_cat-vasel-vinc-c-profil-kablo-tasima-sistemleri-crane-cable-festoon-system-c-rail-c-profil-c-track","11":"first","12":"instock","13":"shipping-taxable","14":"product-type-simple"},"_links":{"self":[{"href":"https:\/\/yeni.vasel.com.tr\/en\/wp-json\/wp\/v2\/product\/4436","targetHints":{"allow":["GET"]}}],"collection":[{"href":"https:\/\/yeni.vasel.com.tr\/en\/wp-json\/wp\/v2\/product"}],"about":[{"href":"https:\/\/yeni.vasel.com.tr\/en\/wp-json\/wp\/v2\/types\/product"}],"replies":[{"embeddable":true,"href":"https:\/\/yeni.vasel.com.tr\/en\/wp-json\/wp\/v2\/comments?post=4436"}],"wp:featuredmedia":[{"embeddable":true,"href":"https:\/\/yeni.vasel.com.tr\/en\/wp-json\/wp\/v2\/media\/5535"}],"wp:attachment":[{"href":"https:\/\/yeni.vasel.com.tr\/en\/wp-json\/wp\/v2\/media?parent=4436"}],"wp:term":[{"taxonomy":"product_brand","embeddable":true,"href":"https:\/\/yeni.vasel.com.tr\/en\/wp-json\/wp\/v2\/product_brand?post=4436"},{"taxonomy":"product_cat","embeddable":true,"href":"https:\/\/yeni.vasel.com.tr\/en\/wp-json\/wp\/v2\/product_cat?post=4436"},{"taxonomy":"product_tag","embeddable":true,"href":"https:\/\/yeni.vasel.com.tr\/en\/wp-json\/wp\/v2\/product_tag?post=4436"}],"curies":[{"name":"wp","href":"https:\/\/api.w.org\/{rel}","templated":true}]}}