{"id":4423,"date":"2023-06-23T16:52:12","date_gmt":"2023-06-23T13:52:12","guid":{"rendered":"https:\/\/yeni.vasel.com.tr\/?post_type=product&#038;p=4423"},"modified":"2023-06-23T16:52:12","modified_gmt":"2023-06-23T13:52:12","slug":"670-vs1028h7-vasel-vinc-crane-cable-festoon-system-kablo-baslangic-askisi-ball-joint-end-start","status":"publish","type":"product","link":"https:\/\/yeni.vasel.com.tr\/en\/670-vs1028h7-vasel-vinc-crane-cable-festoon-system-kablo-baslangic-askisi-ball-joint-end-start\/","title":{"rendered":"Kablo Ba\u015flang\u0131\u00e7 Ask\u0131s\u0131 (ball joint)"},"content":{"rendered":"<table width=\"360\">\n<tbody>\n<tr>\n<td width=\"215\">Material<\/td>\n<td width=\"145\">\u00c7elik G\u00f6vde<br \/>\nPlastik Ball Joint<br \/>\nGalvanizli G\u00f6vde<\/td>\n<\/tr>\n<tr>\n<td>\u00c7al\u0131\u015fma S\u0131cakl\u0131\u011f\u0131<\/td>\n<td width=\"145\">\u00a0-30\u00b0C to +70\u00b0C<\/td>\n<\/tr>\n<tr>\n<td>Max. Kablo Ta\u015f\u0131ma Kapasitesi<\/td>\n<td>10 kg<\/td>\n<\/tr>\n<\/tbody>\n<\/table>","protected":false},"excerpt":{"rendered":"<table style=\"border-collapse: collapse;width: 240pt\" border=\"0\" width=\"320\" cellspacing=\"0\" cellpadding=\"0\">\n<tbody>\n<tr style=\"height: 15.0pt\">\n<td class=\"xl66\" style=\"height: 15.0pt;width: 48pt\" width=\"64\" height=\"20\">a1<\/td>\n<td class=\"xl66\" style=\"border-left: none;width: 48pt\" width=\"64\">a2<\/td>\n<td class=\"xl66\" style=\"border-left: none;width: 48pt\" width=\"64\">b1<\/td>\n<td class=\"xl66\" style=\"border-left: none;width: 48pt\" width=\"64\">b2<\/td>\n<td class=\"xl66\" style=\"border-left: none;width: 48pt\" width=\"64\">h<\/td>\n<\/tr>\n<tr style=\"height: 15.0pt\">\n<td class=\"xl65\" style=\"height: 15.0pt;border-top: none;width: 48pt\" width=\"64\" height=\"20\">20<\/td>\n<td class=\"xl65\" style=\"border-top: none;border-left: none;width: 48pt\" width=\"64\">88<\/td>\n<td class=\"xl65\" style=\"border-top: none;border-left: none;width: 48pt\" width=\"64\">83<\/td>\n<td class=\"xl65\" style=\"border-top: none;border-left: none;width: 48pt\" width=\"64\">60<\/td>\n<td class=\"xl65\" style=\"border-top: none;border-left: none;width: 48pt\" width=\"64\">43<\/td>\n<\/tr>\n<\/tbody>\n<\/table>","protected":false},"featured_media":4425,"comment_status":"closed","ping_status":"closed","template":"","meta":{"_et_pb_use_builder":"","_et_pb_old_content":"","_et_gb_content_width":""},"product_brand":[],"product_cat":[219,218],"product_tag":[],"class_list":{"0":"post-4423","1":"product","2":"type-product","3":"status-publish","4":"has-post-thumbnail","6":"product_cat-1028-vasel-vinc-c-profil-kablo-tasima-sistemleri-crane-cable-festoon-system-c-rail-c-profil-c-track","7":"product_cat-vasel-vinc-c-profil-kablo-tasima-sistemleri-crane-cable-festoon-system-c-rail-c-profil-c-track","9":"first","10":"instock","11":"shipping-taxable","12":"product-type-simple"},"_links":{"self":[{"href":"https:\/\/yeni.vasel.com.tr\/en\/wp-json\/wp\/v2\/product\/4423","targetHints":{"allow":["GET"]}}],"collection":[{"href":"https:\/\/yeni.vasel.com.tr\/en\/wp-json\/wp\/v2\/product"}],"about":[{"href":"https:\/\/yeni.vasel.com.tr\/en\/wp-json\/wp\/v2\/types\/product"}],"replies":[{"embeddable":true,"href":"https:\/\/yeni.vasel.com.tr\/en\/wp-json\/wp\/v2\/comments?post=4423"}],"wp:featuredmedia":[{"embeddable":true,"href":"https:\/\/yeni.vasel.com.tr\/en\/wp-json\/wp\/v2\/media\/4425"}],"wp:attachment":[{"href":"https:\/\/yeni.vasel.com.tr\/en\/wp-json\/wp\/v2\/media?parent=4423"}],"wp:term":[{"taxonomy":"product_brand","embeddable":true,"href":"https:\/\/yeni.vasel.com.tr\/en\/wp-json\/wp\/v2\/product_brand?post=4423"},{"taxonomy":"product_cat","embeddable":true,"href":"https:\/\/yeni.vasel.com.tr\/en\/wp-json\/wp\/v2\/product_cat?post=4423"},{"taxonomy":"product_tag","embeddable":true,"href":"https:\/\/yeni.vasel.com.tr\/en\/wp-json\/wp\/v2\/product_tag?post=4423"}],"curies":[{"name":"wp","href":"https:\/\/api.w.org\/{rel}","templated":true}]}}