{"id":4378,"date":"2023-06-23T16:12:35","date_gmt":"2023-06-23T13:12:35","guid":{"rendered":"https:\/\/yeni.vasel.com.tr\/?post_type=product&#038;p=4378"},"modified":"2025-11-01T08:46:18","modified_gmt":"2025-11-01T05:46:18","slug":"550-vs1028f5-86-4-vasel-vinc-crane-cable-festoon-system-kumanda-kontrol-pendant-ideal-control","status":"publish","type":"product","link":"https:\/\/yeni.vasel.com.tr\/en\/550-vs1028f5-86-4-vasel-vinc-crane-cable-festoon-system-kumanda-kontrol-pendant-ideal-control\/","title":{"rendered":"Kumanda Kontrol \u00dcnitesi Arabas\u0131 (komple \u00e7elik)"},"content":{"rendered":"<table width=\"373\">\n<tbody>\n<tr>\n<td width=\"215\">Ta\u015f\u0131c\u0131 Tekerlek<\/td>\n<td width=\"158\">\u00c7elik Ta\u015f\u0131y\u0131c\u0131 Tekerlek<\/td>\n<\/tr>\n<tr>\n<td>Material<\/td>\n<td width=\"158\">\u00c7elik G\u00f6vde<br \/>\n\u00c7elik Kablo Ba\u011flant\u0131 Aparat\u0131<br \/>\nGalvanizli G\u00f6vde<\/td>\n<\/tr>\n<tr>\n<td>\u00c7al\u0131\u015fma S\u0131cakl\u0131\u011f\u0131<\/td>\n<td width=\"158\">\u00a0-30\u00b0C to +70\u00b0C<\/td>\n<\/tr>\n<tr>\n<td>Max. Kablo Ta\u015f\u0131ma Kapasitesi<\/td>\n<td width=\"158\">16 kg<\/td>\n<\/tr>\n<tr>\n<td>A\u011f\u0131rl\u0131k (kg)<\/td>\n<td>1,31<\/td>\n<\/tr>\n<\/tbody>\n<\/table>","protected":false},"excerpt":{"rendered":"<table style=\"height: 97px;width: 878px\" width=\"878\">\n<tbody>\n<tr>\n<td style=\"width: 868px\">*Bu \u00fcr\u00fcn genellikle 16 ve 24 pin soket tak\u0131m\u0131 montaj\u0131 ile birlikte kullan\u0131l\u0131p h\u0131zl\u0131 ve pratik montaj yap\u0131labilmesini sa\u011flamaktad\u0131r.<br \/>\n*Foto\u011frafta yer alan \u00fcr\u00fcn \u00fczerinde montajl\u0131 olan soket ve rakor g\u00f6rsel uygulama anlat\u0131m\u0131 i\u00e7in olup, \u00fcr\u00fcnle birlikte sat\u0131lmamaktad\u0131r.<\/td>\n<\/tr>\n<\/tbody>\n<\/table>\n<p>&nbsp;<\/p>\n<table width=\"351\">\n<tbody>\n<tr>\n<td width=\"39\">a<\/td>\n<td width=\"39\">b1<\/td>\n<td width=\"39\">b2<\/td>\n<td width=\"39\">b3<\/td>\n<td width=\"39\">s<\/td>\n<td width=\"39\">h<\/td>\n<td width=\"39\">w1<\/td>\n<td width=\"39\">w2<\/td>\n<td width=\"39\">\u00f8D<\/td>\n<\/tr>\n<tr>\n<td width=\"39\">125<\/td>\n<td width=\"39\">93<\/td>\n<td width=\"39\">66<\/td>\n<td width=\"39\">380<\/td>\n<td width=\"39\">17<\/td>\n<td width=\"39\">80<\/td>\n<td width=\"39\">21<\/td>\n<td width=\"39\">22<\/td>\n<td width=\"39\">50<\/td>\n<\/tr>\n<\/tbody>\n<\/table>\n<p>&nbsp;<\/p>","protected":false},"featured_media":4379,"comment_status":"closed","ping_status":"closed","template":"","meta":{"_et_pb_use_builder":"","_et_pb_old_content":"","_et_gb_content_width":""},"product_brand":[],"product_cat":[219,218],"product_tag":[],"class_list":{"0":"post-4378","1":"product","2":"type-product","3":"status-publish","4":"has-post-thumbnail","6":"product_cat-1028-vasel-vinc-c-profil-kablo-tasima-sistemleri-crane-cable-festoon-system-c-rail-c-profil-c-track","7":"product_cat-vasel-vinc-c-profil-kablo-tasima-sistemleri-crane-cable-festoon-system-c-rail-c-profil-c-track","9":"first","10":"instock","11":"shipping-taxable","12":"product-type-simple"},"_links":{"self":[{"href":"https:\/\/yeni.vasel.com.tr\/en\/wp-json\/wp\/v2\/product\/4378","targetHints":{"allow":["GET"]}}],"collection":[{"href":"https:\/\/yeni.vasel.com.tr\/en\/wp-json\/wp\/v2\/product"}],"about":[{"href":"https:\/\/yeni.vasel.com.tr\/en\/wp-json\/wp\/v2\/types\/product"}],"replies":[{"embeddable":true,"href":"https:\/\/yeni.vasel.com.tr\/en\/wp-json\/wp\/v2\/comments?post=4378"}],"wp:featuredmedia":[{"embeddable":true,"href":"https:\/\/yeni.vasel.com.tr\/en\/wp-json\/wp\/v2\/media\/4379"}],"wp:attachment":[{"href":"https:\/\/yeni.vasel.com.tr\/en\/wp-json\/wp\/v2\/media?parent=4378"}],"wp:term":[{"taxonomy":"product_brand","embeddable":true,"href":"https:\/\/yeni.vasel.com.tr\/en\/wp-json\/wp\/v2\/product_brand?post=4378"},{"taxonomy":"product_cat","embeddable":true,"href":"https:\/\/yeni.vasel.com.tr\/en\/wp-json\/wp\/v2\/product_cat?post=4378"},{"taxonomy":"product_tag","embeddable":true,"href":"https:\/\/yeni.vasel.com.tr\/en\/wp-json\/wp\/v2\/product_tag?post=4378"}],"curies":[{"name":"wp","href":"https:\/\/api.w.org\/{rel}","templated":true}]}}