{"id":4376,"date":"2023-06-23T14:53:15","date_gmt":"2023-06-23T11:53:15","guid":{"rendered":"https:\/\/yeni.vasel.com.tr\/?post_type=product&#038;p=4376"},"modified":"2023-07-17T14:48:16","modified_gmt":"2023-07-17T11:48:16","slug":"540-vs1028f-s16fr-vs1028f-s24fr-vasel-vinc-crane-cable-festoon-system-soket-takimi-plug-and-socket","status":"publish","type":"product","link":"https:\/\/yeni.vasel.com.tr\/en\/540-vs1028f-s16fr-vs1028f-s24fr-vasel-vinc-crane-cable-festoon-system-soket-takimi-plug-and-socket\/","title":{"rendered":"Soket Tak\u0131m"},"content":{"rendered":"<table width=\"333\">\n<tbody>\n<tr>\n<td style=\"width: 123.733px\">Product Code<\/td>\n<td style=\"width: 195.295px\">\u00dcr\u00fcn Ad\u0131<\/td>\n<\/tr>\n<tr>\n<td style=\"width: 123.733px\">VS1028F-S16FR<\/td>\n<td style=\"width: 195.295px\">Soket Tak\u0131m\u0131 16\u2019l\u0131 (FR)<\/td>\n<\/tr>\n<tr>\n<td style=\"width: 123.733px\">VS1028F-S24FR<\/td>\n<td style=\"width: 195.295px\">Soket Tak\u0131m\u0131 24\u2019l\u00fc (FR)<\/td>\n<\/tr>\n<\/tbody>\n<\/table>","protected":false},"excerpt":{"rendered":"<p>\u00dcr\u00fcn Kodu \u00dcr\u00fcn Ad\u0131 VS1028F-S16FR Soket Tak\u0131m\u0131 16\u2019l\u0131 (FR) VS1028F-S24FR Soket Tak\u0131m\u0131 24\u2019l\u00fc (FR)<\/p>","protected":false},"featured_media":4377,"comment_status":"closed","ping_status":"closed","template":"","meta":{"_et_pb_use_builder":"","_et_pb_old_content":"","_et_gb_content_width":""},"product_brand":[],"product_cat":[219,220,218],"product_tag":[],"class_list":{"0":"post-4376","1":"product","2":"type-product","3":"status-publish","4":"has-post-thumbnail","6":"product_cat-1028-vasel-vinc-c-profil-kablo-tasima-sistemleri-crane-cable-festoon-system-c-rail-c-profil-c-track","7":"product_cat-1032-vasel-vinc-c-profil-kablo-tasima-sistemleri-crane-cable-festoon-system-c-rail-c-profil-c-track","8":"product_cat-vasel-vinc-c-profil-kablo-tasima-sistemleri-crane-cable-festoon-system-c-rail-c-profil-c-track","10":"first","11":"instock","12":"shipping-taxable","13":"product-type-simple"},"_links":{"self":[{"href":"https:\/\/yeni.vasel.com.tr\/en\/wp-json\/wp\/v2\/product\/4376","targetHints":{"allow":["GET"]}}],"collection":[{"href":"https:\/\/yeni.vasel.com.tr\/en\/wp-json\/wp\/v2\/product"}],"about":[{"href":"https:\/\/yeni.vasel.com.tr\/en\/wp-json\/wp\/v2\/types\/product"}],"replies":[{"embeddable":true,"href":"https:\/\/yeni.vasel.com.tr\/en\/wp-json\/wp\/v2\/comments?post=4376"}],"wp:featuredmedia":[{"embeddable":true,"href":"https:\/\/yeni.vasel.com.tr\/en\/wp-json\/wp\/v2\/media\/4377"}],"wp:attachment":[{"href":"https:\/\/yeni.vasel.com.tr\/en\/wp-json\/wp\/v2\/media?parent=4376"}],"wp:term":[{"taxonomy":"product_brand","embeddable":true,"href":"https:\/\/yeni.vasel.com.tr\/en\/wp-json\/wp\/v2\/product_brand?post=4376"},{"taxonomy":"product_cat","embeddable":true,"href":"https:\/\/yeni.vasel.com.tr\/en\/wp-json\/wp\/v2\/product_cat?post=4376"},{"taxonomy":"product_tag","embeddable":true,"href":"https:\/\/yeni.vasel.com.tr\/en\/wp-json\/wp\/v2\/product_tag?post=4376"}],"curies":[{"name":"wp","href":"https:\/\/api.w.org\/{rel}","templated":true}]}}