{"id":4335,"date":"2023-06-23T11:22:19","date_gmt":"2023-06-23T08:22:19","guid":{"rendered":"https:\/\/yeni.vasel.com.tr\/?post_type=product&#038;p=4335"},"modified":"2025-11-01T11:43:24","modified_gmt":"2025-11-01T08:43:24","slug":"460-vs1028p3-86-4-vasel-vinc-crane-cable-festoon-system-on-araba-towing-trolley-lead-carrier","status":"publish","type":"product","link":"https:\/\/yeni.vasel.com.tr\/en\/460-vs1028p3-86-4-vasel-vinc-crane-cable-festoon-system-on-araba-towing-trolley-lead-carrier\/","title":{"rendered":"\u00d6n Araba"},"content":{"rendered":"<table width=\"365\">\n<tbody>\n<tr>\n<td width=\"218\">Ta\u015f\u0131c\u0131 Tekerlek<\/td>\n<td width=\"147\">\u00c7elik Ta\u015f\u0131y\u0131c\u0131 Tekerlek<\/td>\n<\/tr>\n<tr>\n<td>Material<\/td>\n<td width=\"147\">\u00c7elik G\u00f6vde<br \/>\nPlastik Kablo Ba\u011flant\u0131 Aparat\u0131<br \/>\nGalvanizli G\u00f6vde<\/td>\n<\/tr>\n<tr>\n<td>\u00c7al\u0131\u015fma S\u0131cakl\u0131\u011f\u0131<\/td>\n<td width=\"147\">\u00a0-30\u00b0C to +70\u00b0C<\/td>\n<\/tr>\n<tr>\n<td>Max. Kablo Ta\u015f\u0131ma Kapasitesi<\/td>\n<td>10 kg (Her Bir Araba i\u00e7in<\/td>\n<\/tr>\n<tr>\n<td>A\u011f\u0131rl\u0131k (kg)<\/td>\n<td>0,56<\/td>\n<\/tr>\n<\/tbody>\n<\/table>","protected":false},"excerpt":{"rendered":"<table style=\"border-collapse: collapse;width: 576pt\" border=\"0\" width=\"768\" cellspacing=\"0\" cellpadding=\"0\">\n<tbody>\n<tr style=\"height: 15.0pt\">\n<td class=\"xl65\" style=\"height: 15.0pt;width: 48pt\" width=\"64\" height=\"20\">a1<\/td>\n<td class=\"xl65\" style=\"border-left: none;width: 48pt\" width=\"64\">a2<\/td>\n<td class=\"xl65\" style=\"border-left: none;width: 48pt\" width=\"64\">b1<\/td>\n<td class=\"xl65\" style=\"border-left: none;width: 48pt\" width=\"64\">b2<\/td>\n<td class=\"xl65\" style=\"border-left: none;width: 48pt\" width=\"64\">b3<\/td>\n<td class=\"xl65\" style=\"border-left: none;width: 48pt\" width=\"64\">t<\/td>\n<td class=\"xl65\" style=\"border-left: none;width: 48pt\" width=\"64\">s<\/td>\n<td class=\"xl65\" style=\"border-left: none;width: 48pt\" width=\"64\">h1<\/td>\n<td class=\"xl65\" style=\"border-left: none;width: 48pt\" width=\"64\">h2<\/td>\n<td class=\"xl65\" style=\"border-left: none;width: 48pt\" width=\"64\">w1<\/td>\n<td class=\"xl65\" style=\"border-left: none;width: 48pt\" width=\"64\">w2<\/td>\n<td class=\"xl65\" style=\"border-left: none;width: 48pt\" width=\"64\">\u00d8D<\/td>\n<\/tr>\n<tr style=\"height: 15.0pt\">\n<td class=\"xl67\" style=\"height: 15.0pt;border-top: none\" height=\"20\">64<\/td>\n<td class=\"xl66\" style=\"border-top: none;border-left: none\">90<\/td>\n<td class=\"xl67\" style=\"border-top: none;border-left: none\">85<\/td>\n<td class=\"xl67\" style=\"border-top: none;border-left: none\">50<\/td>\n<td class=\"xl67\" style=\"border-top: none;border-left: none\">35<\/td>\n<td class=\"xl67\" style=\"border-top: none;border-left: none\">2,5<\/td>\n<td class=\"xl67\" style=\"border-top: none;border-left: none\">17<\/td>\n<td class=\"xl67\" style=\"border-top: none;border-left: none\">54<\/td>\n<td class=\"xl67\" style=\"border-top: none;border-left: none\">48<\/td>\n<td class=\"xl67\" style=\"border-top: none;border-left: none\">21<\/td>\n<td class=\"xl67\" style=\"border-top: none;border-left: none\">22<\/td>\n<td class=\"xl67\" style=\"border-top: none;border-left: none\">80<\/td>\n<\/tr>\n<\/tbody>\n<\/table>","protected":false},"featured_media":4342,"comment_status":"closed","ping_status":"closed","template":"","meta":{"_et_pb_use_builder":"","_et_pb_old_content":"","_et_gb_content_width":""},"product_brand":[],"product_cat":[219,218],"product_tag":[],"class_list":{"0":"post-4335","1":"product","2":"type-product","3":"status-publish","4":"has-post-thumbnail","6":"product_cat-1028-vasel-vinc-c-profil-kablo-tasima-sistemleri-crane-cable-festoon-system-c-rail-c-profil-c-track","7":"product_cat-vasel-vinc-c-profil-kablo-tasima-sistemleri-crane-cable-festoon-system-c-rail-c-profil-c-track","9":"first","10":"instock","11":"shipping-taxable","12":"product-type-simple"},"_links":{"self":[{"href":"https:\/\/yeni.vasel.com.tr\/en\/wp-json\/wp\/v2\/product\/4335","targetHints":{"allow":["GET"]}}],"collection":[{"href":"https:\/\/yeni.vasel.com.tr\/en\/wp-json\/wp\/v2\/product"}],"about":[{"href":"https:\/\/yeni.vasel.com.tr\/en\/wp-json\/wp\/v2\/types\/product"}],"replies":[{"embeddable":true,"href":"https:\/\/yeni.vasel.com.tr\/en\/wp-json\/wp\/v2\/comments?post=4335"}],"wp:featuredmedia":[{"embeddable":true,"href":"https:\/\/yeni.vasel.com.tr\/en\/wp-json\/wp\/v2\/media\/4342"}],"wp:attachment":[{"href":"https:\/\/yeni.vasel.com.tr\/en\/wp-json\/wp\/v2\/media?parent=4335"}],"wp:term":[{"taxonomy":"product_brand","embeddable":true,"href":"https:\/\/yeni.vasel.com.tr\/en\/wp-json\/wp\/v2\/product_brand?post=4335"},{"taxonomy":"product_cat","embeddable":true,"href":"https:\/\/yeni.vasel.com.tr\/en\/wp-json\/wp\/v2\/product_cat?post=4335"},{"taxonomy":"product_tag","embeddable":true,"href":"https:\/\/yeni.vasel.com.tr\/en\/wp-json\/wp\/v2\/product_tag?post=4335"}],"curies":[{"name":"wp","href":"https:\/\/api.w.org\/{rel}","templated":true}]}}