{"id":4154,"date":"2023-06-22T16:09:07","date_gmt":"2023-06-22T13:09:07","guid":{"rendered":"https:\/\/yeni.vasel.com.tr\/?post_type=product&#038;p=4154"},"modified":"2023-07-22T11:40:17","modified_gmt":"2023-07-22T08:40:17","slug":"306-vs1008ks-1-vasel-vinc-crane-cable-festoon-system-emas-csm02-xckvr-telemecanique-schneider-t-switch-tablasi-plate","status":"publish","type":"product","link":"https:\/\/yeni.vasel.com.tr\/en\/306-vs1008ks-1-vasel-vinc-crane-cable-festoon-system-emas-csm02-xckvr-telemecanique-schneider-t-switch-tablasi-plate\/","title":{"rendered":"T Swich Tablas\u0131"},"content":{"rendered":"<table width=\"346\">\n<tbody>\n<tr>\n<td width=\"173\">Material<\/td>\n<td width=\"173\">\u00c7elik (galvanizli)<\/td>\n<\/tr>\n<tr>\n<td>A\u011f\u0131rl\u0131k(kg)<\/td>\n<td>0,24<\/td>\n<\/tr>\n<\/tbody>\n<\/table>","protected":false},"excerpt":{"rendered":"<table width=\"256\">\n<tbody>\n<tr>\n<td width=\"64\">a1<\/td>\n<td width=\"64\">a2<\/td>\n<td width=\"64\">b<\/td>\n<td width=\"64\">c<\/td>\n<\/tr>\n<tr>\n<td width=\"64\">80<\/td>\n<td width=\"64\">40<\/td>\n<td width=\"64\">120<\/td>\n<td width=\"64\">60<\/td>\n<\/tr>\n<\/tbody>\n<\/table>","protected":false},"featured_media":4155,"comment_status":"closed","ping_status":"closed","template":"","meta":{"_et_pb_use_builder":"","_et_pb_old_content":"","_et_gb_content_width":""},"product_brand":[],"product_cat":[219,220,221,218],"product_tag":[],"class_list":{"0":"post-4154","1":"product","2":"type-product","3":"status-publish","4":"has-post-thumbnail","6":"product_cat-1028-vasel-vinc-c-profil-kablo-tasima-sistemleri-crane-cable-festoon-system-c-rail-c-profil-c-track","7":"product_cat-1032-vasel-vinc-c-profil-kablo-tasima-sistemleri-crane-cable-festoon-system-c-rail-c-profil-c-track","8":"product_cat-1040-vasel-vinc-c-profil-kablo-tasima-sistemleri-crane-cable-festoon-system-c-rail-c-profil-c-track","9":"product_cat-vasel-vinc-c-profil-kablo-tasima-sistemleri-crane-cable-festoon-system-c-rail-c-profil-c-track","11":"first","12":"instock","13":"shipping-taxable","14":"product-type-simple"},"_links":{"self":[{"href":"https:\/\/yeni.vasel.com.tr\/en\/wp-json\/wp\/v2\/product\/4154","targetHints":{"allow":["GET"]}}],"collection":[{"href":"https:\/\/yeni.vasel.com.tr\/en\/wp-json\/wp\/v2\/product"}],"about":[{"href":"https:\/\/yeni.vasel.com.tr\/en\/wp-json\/wp\/v2\/types\/product"}],"replies":[{"embeddable":true,"href":"https:\/\/yeni.vasel.com.tr\/en\/wp-json\/wp\/v2\/comments?post=4154"}],"wp:featuredmedia":[{"embeddable":true,"href":"https:\/\/yeni.vasel.com.tr\/en\/wp-json\/wp\/v2\/media\/4155"}],"wp:attachment":[{"href":"https:\/\/yeni.vasel.com.tr\/en\/wp-json\/wp\/v2\/media?parent=4154"}],"wp:term":[{"taxonomy":"product_brand","embeddable":true,"href":"https:\/\/yeni.vasel.com.tr\/en\/wp-json\/wp\/v2\/product_brand?post=4154"},{"taxonomy":"product_cat","embeddable":true,"href":"https:\/\/yeni.vasel.com.tr\/en\/wp-json\/wp\/v2\/product_cat?post=4154"},{"taxonomy":"product_tag","embeddable":true,"href":"https:\/\/yeni.vasel.com.tr\/en\/wp-json\/wp\/v2\/product_tag?post=4154"}],"curies":[{"name":"wp","href":"https:\/\/api.w.org\/{rel}","templated":true}]}}