{"id":4125,"date":"2023-06-22T15:50:06","date_gmt":"2023-06-22T12:50:06","guid":{"rendered":"https:\/\/yeni.vasel.com.tr\/?post_type=product&#038;p=4125"},"modified":"2025-11-01T11:43:31","modified_gmt":"2025-11-01T08:43:31","slug":"180-vs1012c2-vasel-vinc-crane-cable-festoon-system-kopru-kelepcesi-girder-clips-holder-claw","status":"publish","type":"product","link":"https:\/\/yeni.vasel.com.tr\/en\/180-vs1012c2-vasel-vinc-crane-cable-festoon-system-kopru-kelepcesi-girder-clips-holder-claw\/","title":{"rendered":"K\u00f6pr\u00fc Ba\u011flant\u0131 Kelep\u00e7esi (1012serisi)"},"content":{"rendered":"<table width=\"226\">\n<tbody>\n<tr>\n<td width=\"89\">Material<\/td>\n<td width=\"137\">\u00c7elik (galvanizli)<\/td>\n<\/tr>\n<tr>\n<td>A\u011f\u0131rl\u0131k (kg\/m)<\/td>\n<td>0,19<\/td>\n<\/tr>\n<\/tbody>\n<\/table>","protected":false},"excerpt":{"rendered":"<table width=\"170\">\n<tbody>\n<tr>\n<td width=\"34\">a1<\/td>\n<td width=\"34\">a2<\/td>\n<td width=\"34\">a3<\/td>\n<td width=\"34\">t1<\/td>\n<td width=\"34\">t2<\/td>\n<\/tr>\n<tr>\n<td width=\"34\">30<\/td>\n<td width=\"34\">10<\/td>\n<td width=\"34\">25<\/td>\n<td width=\"34\">8<\/td>\n<td width=\"34\">5<\/td>\n<\/tr>\n<\/tbody>\n<\/table>","protected":false},"featured_media":4127,"comment_status":"closed","ping_status":"closed","template":"","meta":{"_et_pb_use_builder":"","_et_pb_old_content":"","_et_gb_content_width":""},"product_brand":[],"product_cat":[219,220,221,218],"product_tag":[],"class_list":{"0":"post-4125","1":"product","2":"type-product","3":"status-publish","4":"has-post-thumbnail","6":"product_cat-1028-vasel-vinc-c-profil-kablo-tasima-sistemleri-crane-cable-festoon-system-c-rail-c-profil-c-track","7":"product_cat-1032-vasel-vinc-c-profil-kablo-tasima-sistemleri-crane-cable-festoon-system-c-rail-c-profil-c-track","8":"product_cat-1040-vasel-vinc-c-profil-kablo-tasima-sistemleri-crane-cable-festoon-system-c-rail-c-profil-c-track","9":"product_cat-vasel-vinc-c-profil-kablo-tasima-sistemleri-crane-cable-festoon-system-c-rail-c-profil-c-track","11":"first","12":"instock","13":"shipping-taxable","14":"product-type-simple"},"_links":{"self":[{"href":"https:\/\/yeni.vasel.com.tr\/en\/wp-json\/wp\/v2\/product\/4125","targetHints":{"allow":["GET"]}}],"collection":[{"href":"https:\/\/yeni.vasel.com.tr\/en\/wp-json\/wp\/v2\/product"}],"about":[{"href":"https:\/\/yeni.vasel.com.tr\/en\/wp-json\/wp\/v2\/types\/product"}],"replies":[{"embeddable":true,"href":"https:\/\/yeni.vasel.com.tr\/en\/wp-json\/wp\/v2\/comments?post=4125"}],"wp:featuredmedia":[{"embeddable":true,"href":"https:\/\/yeni.vasel.com.tr\/en\/wp-json\/wp\/v2\/media\/4127"}],"wp:attachment":[{"href":"https:\/\/yeni.vasel.com.tr\/en\/wp-json\/wp\/v2\/media?parent=4125"}],"wp:term":[{"taxonomy":"product_brand","embeddable":true,"href":"https:\/\/yeni.vasel.com.tr\/en\/wp-json\/wp\/v2\/product_brand?post=4125"},{"taxonomy":"product_cat","embeddable":true,"href":"https:\/\/yeni.vasel.com.tr\/en\/wp-json\/wp\/v2\/product_cat?post=4125"},{"taxonomy":"product_tag","embeddable":true,"href":"https:\/\/yeni.vasel.com.tr\/en\/wp-json\/wp\/v2\/product_tag?post=4125"}],"curies":[{"name":"wp","href":"https:\/\/api.w.org\/{rel}","templated":true}]}}