{"id":4108,"date":"2023-06-22T15:42:55","date_gmt":"2023-06-22T12:42:55","guid":{"rendered":"https:\/\/yeni.vasel.com.tr\/?post_type=product&#038;p=4108"},"modified":"2025-11-01T11:43:40","modified_gmt":"2025-11-01T08:43:40","slug":"130-vs1010s4-vasel-vinc-crane-cable-festoon-system-sasi-baglanti-kolu-support-towing-arm","status":"publish","type":"product","link":"https:\/\/yeni.vasel.com.tr\/en\/130-vs1010s4-vasel-vinc-crane-cable-festoon-system-sasi-baglanti-kolu-support-towing-arm\/","title":{"rendered":"\u015easi Ba\u011flant\u0131 Kolu\/\u2026\u2026mm(1010 Serisi)"},"content":{"rendered":"<table width=\"219\">\n<tbody>\n<tr>\n<td width=\"82\">Material<\/td>\n<td width=\"137\">\u00c7elik (galvanizli)<\/td>\n<\/tr>\n<\/tbody>\n<\/table>","protected":false},"excerpt":{"rendered":"<table width=\"175\">\n<tbody>\n<tr>\n<td width=\"35\">a1<\/td>\n<td width=\"35\">a2<\/td>\n<td width=\"35\">b1<\/td>\n<td width=\"35\">b2<\/td>\n<td width=\"35\">t<\/td>\n<\/tr>\n<tr>\n<td width=\"35\">80<\/td>\n<td width=\"35\">60<\/td>\n<td width=\"35\">80<\/td>\n<td width=\"35\">60<\/td>\n<td width=\"35\">5<\/td>\n<\/tr>\n<\/tbody>\n<\/table>","protected":false},"featured_media":4109,"comment_status":"closed","ping_status":"closed","template":"","meta":{"_et_pb_use_builder":"","_et_pb_old_content":"","_et_gb_content_width":""},"product_brand":[],"product_cat":[219,218],"product_tag":[],"class_list":{"0":"post-4108","1":"product","2":"type-product","3":"status-publish","4":"has-post-thumbnail","6":"product_cat-1028-vasel-vinc-c-profil-kablo-tasima-sistemleri-crane-cable-festoon-system-c-rail-c-profil-c-track","7":"product_cat-vasel-vinc-c-profil-kablo-tasima-sistemleri-crane-cable-festoon-system-c-rail-c-profil-c-track","9":"first","10":"instock","11":"shipping-taxable","12":"product-type-simple"},"_links":{"self":[{"href":"https:\/\/yeni.vasel.com.tr\/en\/wp-json\/wp\/v2\/product\/4108","targetHints":{"allow":["GET"]}}],"collection":[{"href":"https:\/\/yeni.vasel.com.tr\/en\/wp-json\/wp\/v2\/product"}],"about":[{"href":"https:\/\/yeni.vasel.com.tr\/en\/wp-json\/wp\/v2\/types\/product"}],"replies":[{"embeddable":true,"href":"https:\/\/yeni.vasel.com.tr\/en\/wp-json\/wp\/v2\/comments?post=4108"}],"wp:featuredmedia":[{"embeddable":true,"href":"https:\/\/yeni.vasel.com.tr\/en\/wp-json\/wp\/v2\/media\/4109"}],"wp:attachment":[{"href":"https:\/\/yeni.vasel.com.tr\/en\/wp-json\/wp\/v2\/media?parent=4108"}],"wp:term":[{"taxonomy":"product_brand","embeddable":true,"href":"https:\/\/yeni.vasel.com.tr\/en\/wp-json\/wp\/v2\/product_brand?post=4108"},{"taxonomy":"product_cat","embeddable":true,"href":"https:\/\/yeni.vasel.com.tr\/en\/wp-json\/wp\/v2\/product_cat?post=4108"},{"taxonomy":"product_tag","embeddable":true,"href":"https:\/\/yeni.vasel.com.tr\/en\/wp-json\/wp\/v2\/product_tag?post=4108"}],"curies":[{"name":"wp","href":"https:\/\/api.w.org\/{rel}","templated":true}]}}