{"id":4101,"date":"2023-06-22T15:39:48","date_gmt":"2023-06-22T12:39:48","guid":{"rendered":"https:\/\/yeni.vasel.com.tr\/?post_type=product&#038;p=4101"},"modified":"2023-06-23T09:30:14","modified_gmt":"2023-06-23T06:30:14","slug":"110-vs1010c2-vasel-vinc-crane-cable-festoon-system-kopru-kelepcesi-girder-clips-holder-claw","status":"publish","type":"product","link":"https:\/\/yeni.vasel.com.tr\/en\/110-vs1010c2-vasel-vinc-crane-cable-festoon-system-kopru-kelepcesi-girder-clips-holder-claw\/","title":{"rendered":"K\u00f6pr\u00fc Ba\u011flant\u0131 Kelep\u00e7esi (1010 serisi)"},"content":{"rendered":"<table width=\"216\">\n<tbody>\n<tr>\n<td width=\"82\">Material<\/td>\n<td width=\"134\">\u00c7elik (galvanizli)<\/td>\n<\/tr>\n<tr>\n<td>A\u011f\u0131rl\u0131k(kg)<\/td>\n<td>0,18<\/td>\n<\/tr>\n<\/tbody>\n<\/table>","protected":false},"excerpt":{"rendered":"<table style=\"border-collapse: collapse;width: 240pt\" border=\"0\" width=\"320\" cellspacing=\"0\" cellpadding=\"0\">\n<tbody>\n<tr style=\"height: 15.0pt\">\n<td class=\"xl66\" style=\"height: 15.0pt;width: 48pt\" width=\"64\" height=\"20\">a<span class=\"font5\">1<\/span><\/td>\n<td class=\"xl66\" style=\"border-left: none;width: 48pt\" width=\"64\">a<span class=\"font5\">2<\/span><\/td>\n<td class=\"xl66\" style=\"border-left: none;width: 48pt\" width=\"64\">a<span class=\"font5\">3<\/span><\/td>\n<td class=\"xl66\" style=\"border-left: none;width: 48pt\" width=\"64\">t<span class=\"font5\">1<\/span><\/td>\n<td class=\"xl66\" style=\"border-left: none;width: 48pt\" width=\"64\">t<span class=\"font5\">2<\/span><\/td>\n<\/tr>\n<tr style=\"height: 15.0pt\">\n<td class=\"xl65\" style=\"height: 15.0pt;border-top: none;width: 48pt\" width=\"64\" height=\"20\">30<\/td>\n<td class=\"xl65\" style=\"border-top: none;border-left: none;width: 48pt\" width=\"64\">8<\/td>\n<td class=\"xl65\" style=\"border-top: none;border-left: none;width: 48pt\" width=\"64\">20<\/td>\n<td class=\"xl65\" style=\"border-top: none;border-left: none;width: 48pt\" width=\"64\">8<\/td>\n<td class=\"xl65\" style=\"border-top: none;border-left: none;width: 48pt\" width=\"64\">5<\/td>\n<\/tr>\n<\/tbody>\n<\/table>","protected":false},"featured_media":4103,"comment_status":"closed","ping_status":"closed","template":"","meta":{"_et_pb_use_builder":"","_et_pb_old_content":"","_et_gb_content_width":""},"product_brand":[],"product_cat":[219,218],"product_tag":[],"class_list":{"0":"post-4101","1":"product","2":"type-product","3":"status-publish","4":"has-post-thumbnail","6":"product_cat-1028-vasel-vinc-c-profil-kablo-tasima-sistemleri-crane-cable-festoon-system-c-rail-c-profil-c-track","7":"product_cat-vasel-vinc-c-profil-kablo-tasima-sistemleri-crane-cable-festoon-system-c-rail-c-profil-c-track","9":"first","10":"instock","11":"shipping-taxable","12":"product-type-simple"},"_links":{"self":[{"href":"https:\/\/yeni.vasel.com.tr\/en\/wp-json\/wp\/v2\/product\/4101","targetHints":{"allow":["GET"]}}],"collection":[{"href":"https:\/\/yeni.vasel.com.tr\/en\/wp-json\/wp\/v2\/product"}],"about":[{"href":"https:\/\/yeni.vasel.com.tr\/en\/wp-json\/wp\/v2\/types\/product"}],"replies":[{"embeddable":true,"href":"https:\/\/yeni.vasel.com.tr\/en\/wp-json\/wp\/v2\/comments?post=4101"}],"wp:featuredmedia":[{"embeddable":true,"href":"https:\/\/yeni.vasel.com.tr\/en\/wp-json\/wp\/v2\/media\/4103"}],"wp:attachment":[{"href":"https:\/\/yeni.vasel.com.tr\/en\/wp-json\/wp\/v2\/media?parent=4101"}],"wp:term":[{"taxonomy":"product_brand","embeddable":true,"href":"https:\/\/yeni.vasel.com.tr\/en\/wp-json\/wp\/v2\/product_brand?post=4101"},{"taxonomy":"product_cat","embeddable":true,"href":"https:\/\/yeni.vasel.com.tr\/en\/wp-json\/wp\/v2\/product_cat?post=4101"},{"taxonomy":"product_tag","embeddable":true,"href":"https:\/\/yeni.vasel.com.tr\/en\/wp-json\/wp\/v2\/product_tag?post=4101"}],"curies":[{"name":"wp","href":"https:\/\/api.w.org\/{rel}","templated":true}]}}