{"id":4061,"date":"2023-06-22T14:40:01","date_gmt":"2023-06-22T11:40:01","guid":{"rendered":"https:\/\/yeni.vasel.com.tr\/?post_type=product&#038;p=4061"},"modified":"2025-11-01T11:43:44","modified_gmt":"2025-11-01T08:43:44","slug":"60-vs1009s1-vasel-vinc-crane-cable-festoon-system-support-attachment","status":"publish","type":"product","link":"https:\/\/yeni.vasel.com.tr\/en\/60-vs1009s1-vasel-vinc-crane-cable-festoon-system-support-attachment\/","title":{"rendered":"\u015easi Ba\u011flant\u0131 Aparat\u0131(1009 serisi)"},"content":{"rendered":"<table width=\"346\">\n<tbody>\n<tr>\n<td>Material<\/td>\n<td>\u00c7elik (galvanizli)<\/td>\n<\/tr>\n<tr>\n<td>A\u011f\u0131rl\u0131k(kg)<\/td>\n<td>0,44<\/td>\n<\/tr>\n<\/tbody>\n<\/table>","protected":false},"excerpt":{"rendered":"<table style=\"width: 395px\" width=\"402\">\n<tbody>\n<tr>\n<td style=\"width: 73.3854px\">a1<\/td>\n<td style=\"width: 72.7257px\">a2<\/td>\n<td style=\"width: 73.4896px\">b1<\/td>\n<td style=\"width: 72.7257px\">b2<\/td>\n<td style=\"width: 72.7778px\">c<\/td>\n<\/tr>\n<tr>\n<td style=\"width: 73.3854px\">110<\/td>\n<td style=\"width: 72.7257px\">25<\/td>\n<td style=\"width: 73.4896px\">250<\/td>\n<td style=\"width: 72.7257px\">58<\/td>\n<td style=\"width: 72.7778px\">30<\/td>\n<\/tr>\n<\/tbody>\n<\/table>","protected":false},"featured_media":4064,"comment_status":"closed","ping_status":"closed","template":"","meta":{"_et_pb_use_builder":"","_et_pb_old_content":"","_et_gb_content_width":""},"product_brand":[],"product_cat":[219,220,218],"product_tag":[],"class_list":{"0":"post-4061","1":"product","2":"type-product","3":"status-publish","4":"has-post-thumbnail","6":"product_cat-1028-vasel-vinc-c-profil-kablo-tasima-sistemleri-crane-cable-festoon-system-c-rail-c-profil-c-track","7":"product_cat-1032-vasel-vinc-c-profil-kablo-tasima-sistemleri-crane-cable-festoon-system-c-rail-c-profil-c-track","8":"product_cat-vasel-vinc-c-profil-kablo-tasima-sistemleri-crane-cable-festoon-system-c-rail-c-profil-c-track","10":"first","11":"instock","12":"shipping-taxable","13":"product-type-simple"},"_links":{"self":[{"href":"https:\/\/yeni.vasel.com.tr\/en\/wp-json\/wp\/v2\/product\/4061","targetHints":{"allow":["GET"]}}],"collection":[{"href":"https:\/\/yeni.vasel.com.tr\/en\/wp-json\/wp\/v2\/product"}],"about":[{"href":"https:\/\/yeni.vasel.com.tr\/en\/wp-json\/wp\/v2\/types\/product"}],"replies":[{"embeddable":true,"href":"https:\/\/yeni.vasel.com.tr\/en\/wp-json\/wp\/v2\/comments?post=4061"}],"wp:featuredmedia":[{"embeddable":true,"href":"https:\/\/yeni.vasel.com.tr\/en\/wp-json\/wp\/v2\/media\/4064"}],"wp:attachment":[{"href":"https:\/\/yeni.vasel.com.tr\/en\/wp-json\/wp\/v2\/media?parent=4061"}],"wp:term":[{"taxonomy":"product_brand","embeddable":true,"href":"https:\/\/yeni.vasel.com.tr\/en\/wp-json\/wp\/v2\/product_brand?post=4061"},{"taxonomy":"product_cat","embeddable":true,"href":"https:\/\/yeni.vasel.com.tr\/en\/wp-json\/wp\/v2\/product_cat?post=4061"},{"taxonomy":"product_tag","embeddable":true,"href":"https:\/\/yeni.vasel.com.tr\/en\/wp-json\/wp\/v2\/product_tag?post=4061"}],"curies":[{"name":"wp","href":"https:\/\/api.w.org\/{rel}","templated":true}]}}