{"id":3955,"date":"2023-06-21T13:59:50","date_gmt":"2023-06-21T10:59:50","guid":{"rendered":"https:\/\/yeni.vasel.com.tr\/?post_type=product&#038;p=3955"},"modified":"2025-09-29T10:44:45","modified_gmt":"2025-09-29T07:44:45","slug":"10-vs1028r2-vs1028r4-vasel-vinc-crane-cable-festoon-system-c-rail-c-profil-c-track","status":"publish","type":"product","link":"https:\/\/yeni.vasel.com.tr\/en\/10-vs1028r2-vs1028r4-vasel-vinc-crane-cable-festoon-system-c-rail-c-profil-c-track\/","title":{"rendered":"C-Profil\u00a0"},"content":{"rendered":"<table width=\"546\">\n<tbody>\n<tr>\n<td rowspan=\"2\" width=\"95\">Product Code<\/td>\n<td rowspan=\"2\" width=\"155\">Material<\/td>\n<td rowspan=\"2\" width=\"52\">A\u011f\u0131rl\u0131k<br \/>\n(kg\/m)<\/td>\n<td rowspan=\"2\" width=\"52\">Uzunluk (b)<\/td>\n<td colspan=\"3\" width=\"192\">\u00d6l\u00e7\u00fcler (mm)<\/td>\n<\/tr>\n<tr>\n<td width=\"64\">a<\/td>\n<td width=\"64\">h<\/td>\n<td width=\"64\">t<\/td>\n<\/tr>\n<tr>\n<td>VS1028R2<\/td>\n<td>\u00c7elik (galvanizli)<\/td>\n<td>1,08<\/td>\n<td>4m<\/td>\n<td width=\"64\">30<\/td>\n<td width=\"64\">28<\/td>\n<td width=\"64\">1,5<\/td>\n<\/tr>\n<tr>\n<td>\u00a0VS1028R4<\/td>\n<td>\u00c7elik (galvanizli)<\/td>\n<td>1,44<\/td>\n<td>4m<\/td>\n<td width=\"64\">30<\/td>\n<td width=\"64\">28<\/td>\n<td width=\"64\">\u00a02.0<\/td>\n<\/tr>\n<\/tbody>\n<\/table>","protected":false},"excerpt":{"rendered":"<p>\u00dcr\u00fcn Kodu Malzeme A\u011f\u0131rl\u0131k (kg\/m) Uzunluk (b) \u00d6l\u00e7\u00fcler (mm) a h t VS1028R2 \u00c7elik (galvanizli) 1,08 4m 30 28 1,5 \u00a0VS1028R4 \u00c7elik (galvanizli) 1,44 4m 30 28 \u00a02.0<\/p>","protected":false},"featured_media":3956,"comment_status":"closed","ping_status":"closed","template":"","meta":{"_et_pb_use_builder":"","_et_pb_old_content":"","_et_gb_content_width":""},"product_brand":[],"product_cat":[219,218],"product_tag":[],"class_list":{"0":"post-3955","1":"product","2":"type-product","3":"status-publish","4":"has-post-thumbnail","6":"product_cat-1028-vasel-vinc-c-profil-kablo-tasima-sistemleri-crane-cable-festoon-system-c-rail-c-profil-c-track","7":"product_cat-vasel-vinc-c-profil-kablo-tasima-sistemleri-crane-cable-festoon-system-c-rail-c-profil-c-track","9":"first","10":"instock","11":"shipping-taxable","12":"product-type-simple"},"_links":{"self":[{"href":"https:\/\/yeni.vasel.com.tr\/en\/wp-json\/wp\/v2\/product\/3955","targetHints":{"allow":["GET"]}}],"collection":[{"href":"https:\/\/yeni.vasel.com.tr\/en\/wp-json\/wp\/v2\/product"}],"about":[{"href":"https:\/\/yeni.vasel.com.tr\/en\/wp-json\/wp\/v2\/types\/product"}],"replies":[{"embeddable":true,"href":"https:\/\/yeni.vasel.com.tr\/en\/wp-json\/wp\/v2\/comments?post=3955"}],"wp:featuredmedia":[{"embeddable":true,"href":"https:\/\/yeni.vasel.com.tr\/en\/wp-json\/wp\/v2\/media\/3956"}],"wp:attachment":[{"href":"https:\/\/yeni.vasel.com.tr\/en\/wp-json\/wp\/v2\/media?parent=3955"}],"wp:term":[{"taxonomy":"product_brand","embeddable":true,"href":"https:\/\/yeni.vasel.com.tr\/en\/wp-json\/wp\/v2\/product_brand?post=3955"},{"taxonomy":"product_cat","embeddable":true,"href":"https:\/\/yeni.vasel.com.tr\/en\/wp-json\/wp\/v2\/product_cat?post=3955"},{"taxonomy":"product_tag","embeddable":true,"href":"https:\/\/yeni.vasel.com.tr\/en\/wp-json\/wp\/v2\/product_tag?post=3955"}],"curies":[{"name":"wp","href":"https:\/\/api.w.org\/{rel}","templated":true}]}}