{"id":5383,"date":"2023-07-31T16:11:45","date_gmt":"2023-07-31T13:11:45","guid":{"rendered":"https:\/\/yeni.vasel.com.tr\/?post_type=product&#038;p=5383"},"modified":"2023-07-31T16:11:45","modified_gmt":"2023-07-31T13:11:45","slug":"610-vs1006e40-vasel-vinc-crane-cable-festoon-system-rope-eye","status":"publish","type":"product","link":"https:\/\/yeni.vasel.com.tr\/de\/610-vs1006e40-vasel-vinc-crane-cable-festoon-system-rope-eye\/","title":{"rendered":"Karabina Ask\u0131 Halkas\u0131"},"content":{"rendered":"<table width=\"242\">\n<tbody>\n<tr>\n<td width=\"95\">Material<\/td>\n<td width=\"147\">\u00c7elik<\/td>\n<\/tr>\n<tr>\n<td>A\u011f\u0131rl\u0131k(kg)<\/td>\n<td>0,1<\/td>\n<\/tr>\n<\/tbody>\n<\/table>","protected":false},"excerpt":{"rendered":"<table width=\"56\">\n<tbody>\n<tr>\n<td width=\"28\">a<\/td>\n<td width=\"28\">b<\/td>\n<\/tr>\n<tr>\n<td>30<\/td>\n<td>30<\/td>\n<\/tr>\n<\/tbody>\n<\/table>","protected":false},"featured_media":5384,"comment_status":"closed","ping_status":"closed","template":"","meta":{"_et_pb_use_builder":"","_et_pb_old_content":"","_et_gb_content_width":""},"product_brand":[],"product_cat":[221,218],"product_tag":[],"class_list":{"0":"post-5383","1":"product","2":"type-product","3":"status-publish","4":"has-post-thumbnail","6":"product_cat-1040-vasel-vinc-c-profil-kablo-tasima-sistemleri-crane-cable-festoon-system-c-rail-c-profil-c-track","7":"product_cat-vasel-vinc-c-profil-kablo-tasima-sistemleri-crane-cable-festoon-system-c-rail-c-profil-c-track","9":"first","10":"instock","11":"shipping-taxable","12":"product-type-simple"},"_links":{"self":[{"href":"https:\/\/yeni.vasel.com.tr\/de\/wp-json\/wp\/v2\/product\/5383","targetHints":{"allow":["GET"]}}],"collection":[{"href":"https:\/\/yeni.vasel.com.tr\/de\/wp-json\/wp\/v2\/product"}],"about":[{"href":"https:\/\/yeni.vasel.com.tr\/de\/wp-json\/wp\/v2\/types\/product"}],"replies":[{"embeddable":true,"href":"https:\/\/yeni.vasel.com.tr\/de\/wp-json\/wp\/v2\/comments?post=5383"}],"wp:featuredmedia":[{"embeddable":true,"href":"https:\/\/yeni.vasel.com.tr\/de\/wp-json\/wp\/v2\/media\/5384"}],"wp:attachment":[{"href":"https:\/\/yeni.vasel.com.tr\/de\/wp-json\/wp\/v2\/media?parent=5383"}],"wp:term":[{"taxonomy":"product_brand","embeddable":true,"href":"https:\/\/yeni.vasel.com.tr\/de\/wp-json\/wp\/v2\/product_brand?post=5383"},{"taxonomy":"product_cat","embeddable":true,"href":"https:\/\/yeni.vasel.com.tr\/de\/wp-json\/wp\/v2\/product_cat?post=5383"},{"taxonomy":"product_tag","embeddable":true,"href":"https:\/\/yeni.vasel.com.tr\/de\/wp-json\/wp\/v2\/product_tag?post=5383"}],"curies":[{"name":"wp","href":"https:\/\/api.w.org\/{rel}","templated":true}]}}