{"id":5354,"date":"2023-07-26T17:04:57","date_gmt":"2023-07-26T14:04:57","guid":{"rendered":"https:\/\/yeni.vasel.com.tr\/?post_type=product&#038;p=5354"},"modified":"2023-07-26T17:04:57","modified_gmt":"2023-07-26T14:04:57","slug":"470-vs1040h7-vasel-vinc-crane-cable-festoon-system-kablo-baslangic-askisi-ball-joint-end-start","status":"publish","type":"product","link":"https:\/\/yeni.vasel.com.tr\/de\/470-vs1040h7-vasel-vinc-crane-cable-festoon-system-kablo-baslangic-askisi-ball-joint-end-start\/","title":{"rendered":"Kablo Ba\u015flang\u0131c Ask\u0131s\u0131 (ball joint)"},"content":{"rendered":"<table width=\"377\">\n<tbody>\n<tr>\n<td width=\"215\">Material<\/td>\n<td width=\"162\">\u00c7elik G\u00f6vde<br \/>\nPlastik Ball Joint<br \/>\nGalvanizli G\u00f6vde<\/td>\n<\/tr>\n<tr>\n<td>\u00c7al\u0131\u015fma S\u0131cakl\u0131\u011f\u0131<\/td>\n<td width=\"162\">\u00a0-30\u00b0C to +70\u00b0C<\/td>\n<\/tr>\n<tr>\n<td>Max. Kablo Ta\u015f\u0131ma Kapasitesi<\/td>\n<td>20 kg<\/td>\n<\/tr>\n<tr>\n<td>A\u011f\u0131rl\u0131k (kg)<\/td>\n<td>0,25<\/td>\n<\/tr>\n<\/tbody>\n<\/table>","protected":false},"excerpt":{"rendered":"<table width=\"150\">\n<tbody>\n<tr>\n<td width=\"30\">a1<\/td>\n<td width=\"30\">a2<\/td>\n<td width=\"30\">b1<\/td>\n<td width=\"30\">b2<\/td>\n<td width=\"30\">h<\/td>\n<\/tr>\n<tr>\n<td width=\"30\">30<\/td>\n<td width=\"30\">88<\/td>\n<td width=\"30\">83<\/td>\n<td width=\"30\">60<\/td>\n<td width=\"30\">43<\/td>\n<\/tr>\n<\/tbody>\n<\/table>","protected":false},"featured_media":5355,"comment_status":"closed","ping_status":"closed","template":"","meta":{"_et_pb_use_builder":"","_et_pb_old_content":"","_et_gb_content_width":""},"product_brand":[],"product_cat":[221,218],"product_tag":[],"class_list":{"0":"post-5354","1":"product","2":"type-product","3":"status-publish","4":"has-post-thumbnail","6":"product_cat-1040-vasel-vinc-c-profil-kablo-tasima-sistemleri-crane-cable-festoon-system-c-rail-c-profil-c-track","7":"product_cat-vasel-vinc-c-profil-kablo-tasima-sistemleri-crane-cable-festoon-system-c-rail-c-profil-c-track","9":"first","10":"instock","11":"shipping-taxable","12":"product-type-simple"},"_links":{"self":[{"href":"https:\/\/yeni.vasel.com.tr\/de\/wp-json\/wp\/v2\/product\/5354","targetHints":{"allow":["GET"]}}],"collection":[{"href":"https:\/\/yeni.vasel.com.tr\/de\/wp-json\/wp\/v2\/product"}],"about":[{"href":"https:\/\/yeni.vasel.com.tr\/de\/wp-json\/wp\/v2\/types\/product"}],"replies":[{"embeddable":true,"href":"https:\/\/yeni.vasel.com.tr\/de\/wp-json\/wp\/v2\/comments?post=5354"}],"wp:featuredmedia":[{"embeddable":true,"href":"https:\/\/yeni.vasel.com.tr\/de\/wp-json\/wp\/v2\/media\/5355"}],"wp:attachment":[{"href":"https:\/\/yeni.vasel.com.tr\/de\/wp-json\/wp\/v2\/media?parent=5354"}],"wp:term":[{"taxonomy":"product_brand","embeddable":true,"href":"https:\/\/yeni.vasel.com.tr\/de\/wp-json\/wp\/v2\/product_brand?post=5354"},{"taxonomy":"product_cat","embeddable":true,"href":"https:\/\/yeni.vasel.com.tr\/de\/wp-json\/wp\/v2\/product_cat?post=5354"},{"taxonomy":"product_tag","embeddable":true,"href":"https:\/\/yeni.vasel.com.tr\/de\/wp-json\/wp\/v2\/product_tag?post=5354"}],"curies":[{"name":"wp","href":"https:\/\/api.w.org\/{rel}","templated":true}]}}