{"id":5339,"date":"2023-07-26T13:09:14","date_gmt":"2023-07-26T10:09:14","guid":{"rendered":"https:\/\/yeni.vasel.com.tr\/?post_type=product&#038;p=5339"},"modified":"2023-07-26T13:09:15","modified_gmt":"2023-07-26T10:09:15","slug":"440-vs1040p9-vasel-vinc-crane-cable-festoon-system-kablo-on-araba-cable-tow-trolley-u-bolt","status":"publish","type":"product","link":"https:\/\/yeni.vasel.com.tr\/de\/440-vs1040p9-vasel-vinc-crane-cable-festoon-system-kablo-on-araba-cable-tow-trolley-u-bolt\/","title":{"rendered":"\u00d6n Araba (u-bolt)"},"content":{"rendered":"<table width=\"428\">\n<tbody>\n<tr>\n<td width=\"228\">Ta\u015f\u0131c\u0131 Tekerlek<\/td>\n<td width=\"200\">\u00c7elik Ta\u015f\u0131y\u0131c\u0131 Tekerlek<\/td>\n<\/tr>\n<tr>\n<td>Material<\/td>\n<td width=\"200\">\u00c7elik G\u00f6vde<br \/>\nGalvanizli G\u00f6vde<\/td>\n<\/tr>\n<tr>\n<td>\u00c7al\u0131\u015fma S\u0131cakl\u0131\u011f\u0131<\/td>\n<td width=\"200\">\u00a0-30\u00b0C to +70\u00b0C<\/td>\n<\/tr>\n<tr>\n<td>Max. Kablo Ta\u015f\u0131ma Kapasitesi<\/td>\n<td>32 kg<\/td>\n<\/tr>\n<tr>\n<td>A\u011f\u0131rl\u0131k (kg)<\/td>\n<td>0,72<\/td>\n<\/tr>\n<\/tbody>\n<\/table>","protected":false},"excerpt":{"rendered":"<table width=\"324\">\n<tbody>\n<tr>\n<td width=\"36\">a<\/td>\n<td width=\"36\">b1<\/td>\n<td width=\"36\">b2<\/td>\n<td width=\"36\">b3<\/td>\n<td width=\"36\">t<\/td>\n<td width=\"36\">h1<\/td>\n<td width=\"36\">h2<\/td>\n<td width=\"36\">w1<\/td>\n<td width=\"36\">w2<\/td>\n<\/tr>\n<tr>\n<td>87<\/td>\n<td>85<\/td>\n<td>44<\/td>\n<td>35<\/td>\n<td>2,5<\/td>\n<td>52<\/td>\n<td>48<\/td>\n<td>31<\/td>\n<td>32<\/td>\n<\/tr>\n<\/tbody>\n<\/table>","protected":false},"featured_media":5340,"comment_status":"closed","ping_status":"closed","template":"","meta":{"_et_pb_use_builder":"","_et_pb_old_content":"","_et_gb_content_width":""},"product_brand":[],"product_cat":[221,218],"product_tag":[],"class_list":{"0":"post-5339","1":"product","2":"type-product","3":"status-publish","4":"has-post-thumbnail","6":"product_cat-1040-vasel-vinc-c-profil-kablo-tasima-sistemleri-crane-cable-festoon-system-c-rail-c-profil-c-track","7":"product_cat-vasel-vinc-c-profil-kablo-tasima-sistemleri-crane-cable-festoon-system-c-rail-c-profil-c-track","9":"first","10":"instock","11":"shipping-taxable","12":"product-type-simple"},"_links":{"self":[{"href":"https:\/\/yeni.vasel.com.tr\/de\/wp-json\/wp\/v2\/product\/5339","targetHints":{"allow":["GET"]}}],"collection":[{"href":"https:\/\/yeni.vasel.com.tr\/de\/wp-json\/wp\/v2\/product"}],"about":[{"href":"https:\/\/yeni.vasel.com.tr\/de\/wp-json\/wp\/v2\/types\/product"}],"replies":[{"embeddable":true,"href":"https:\/\/yeni.vasel.com.tr\/de\/wp-json\/wp\/v2\/comments?post=5339"}],"wp:featuredmedia":[{"embeddable":true,"href":"https:\/\/yeni.vasel.com.tr\/de\/wp-json\/wp\/v2\/media\/5340"}],"wp:attachment":[{"href":"https:\/\/yeni.vasel.com.tr\/de\/wp-json\/wp\/v2\/media?parent=5339"}],"wp:term":[{"taxonomy":"product_brand","embeddable":true,"href":"https:\/\/yeni.vasel.com.tr\/de\/wp-json\/wp\/v2\/product_brand?post=5339"},{"taxonomy":"product_cat","embeddable":true,"href":"https:\/\/yeni.vasel.com.tr\/de\/wp-json\/wp\/v2\/product_cat?post=5339"},{"taxonomy":"product_tag","embeddable":true,"href":"https:\/\/yeni.vasel.com.tr\/de\/wp-json\/wp\/v2\/product_tag?post=5339"}],"curies":[{"name":"wp","href":"https:\/\/api.w.org\/{rel}","templated":true}]}}