{"id":5319,"date":"2023-07-26T11:30:23","date_gmt":"2023-07-26T08:30:23","guid":{"rendered":"https:\/\/yeni.vasel.com.tr\/?post_type=product&#038;p=5319"},"modified":"2023-07-26T12:33:03","modified_gmt":"2023-07-26T09:33:03","slug":"390-vs1040h5-86-4-vasel-vinc-crane-cable-festoon-system-kablo-baslangic-askisi-end-start-clamp","status":"publish","type":"product","link":"https:\/\/yeni.vasel.com.tr\/de\/390-vs1040h5-86-4-vasel-vinc-crane-cable-festoon-system-kablo-baslangic-askisi-end-start-clamp\/","title":{"rendered":"Kablo Ba\u015flang\u0131c Ask\u0131s\u0131 (komple \u00e7elik)"},"content":{"rendered":"<table width=\"610\">\n<tbody>\n<tr>\n<td width=\"184\">Material<\/td>\n<td width=\"426\">\u00c7elik G\u00f6vde<br \/>\n\u00c7elik Kablo Ba\u011flant\u0131 Aparat\u0131<br \/>\nGalvanizli G\u00f6vde<\/td>\n<\/tr>\n<tr>\n<td>\u00c7al\u0131\u015fma S\u0131cakl\u0131\u011f\u0131<\/td>\n<td width=\"426\">\u00a0-30\u00b0C to +70\u00b0C<\/td>\n<\/tr>\n<tr>\n<td>Max. Kablo Ta\u015f\u0131ma Kapasitesi<\/td>\n<td>25 kg<\/td>\n<\/tr>\n<tr>\n<td>A\u011f\u0131rl\u0131k (kg)<\/td>\n<td>0,37<\/td>\n<\/tr>\n<\/tbody>\n<\/table>","protected":false},"excerpt":{"rendered":"<table width=\"352\">\n<tbody>\n<tr>\n<td width=\"44\">a1<\/td>\n<td width=\"44\">a2<\/td>\n<td width=\"44\">a3<\/td>\n<td width=\"44\">s<\/td>\n<td width=\"44\">b1<\/td>\n<td width=\"44\">b2<\/td>\n<td width=\"44\">h<\/td>\n<td width=\"44\">\u00d8D<\/td>\n<\/tr>\n<tr>\n<td width=\"44\">64<\/td>\n<td width=\"44\">87<\/td>\n<td width=\"44\">30<\/td>\n<td width=\"44\">17<\/td>\n<td width=\"44\">83<\/td>\n<td width=\"44\">61<\/td>\n<td width=\"44\">13<\/td>\n<td width=\"44\">50<\/td>\n<\/tr>\n<\/tbody>\n<\/table>","protected":false},"featured_media":5320,"comment_status":"closed","ping_status":"closed","template":"","meta":{"_et_pb_use_builder":"","_et_pb_old_content":"","_et_gb_content_width":""},"product_brand":[],"product_cat":[221,218],"product_tag":[],"class_list":{"0":"post-5319","1":"product","2":"type-product","3":"status-publish","4":"has-post-thumbnail","6":"product_cat-1040-vasel-vinc-c-profil-kablo-tasima-sistemleri-crane-cable-festoon-system-c-rail-c-profil-c-track","7":"product_cat-vasel-vinc-c-profil-kablo-tasima-sistemleri-crane-cable-festoon-system-c-rail-c-profil-c-track","9":"first","10":"instock","11":"shipping-taxable","12":"product-type-simple"},"_links":{"self":[{"href":"https:\/\/yeni.vasel.com.tr\/de\/wp-json\/wp\/v2\/product\/5319","targetHints":{"allow":["GET"]}}],"collection":[{"href":"https:\/\/yeni.vasel.com.tr\/de\/wp-json\/wp\/v2\/product"}],"about":[{"href":"https:\/\/yeni.vasel.com.tr\/de\/wp-json\/wp\/v2\/types\/product"}],"replies":[{"embeddable":true,"href":"https:\/\/yeni.vasel.com.tr\/de\/wp-json\/wp\/v2\/comments?post=5319"}],"wp:featuredmedia":[{"embeddable":true,"href":"https:\/\/yeni.vasel.com.tr\/de\/wp-json\/wp\/v2\/media\/5320"}],"wp:attachment":[{"href":"https:\/\/yeni.vasel.com.tr\/de\/wp-json\/wp\/v2\/media?parent=5319"}],"wp:term":[{"taxonomy":"product_brand","embeddable":true,"href":"https:\/\/yeni.vasel.com.tr\/de\/wp-json\/wp\/v2\/product_brand?post=5319"},{"taxonomy":"product_cat","embeddable":true,"href":"https:\/\/yeni.vasel.com.tr\/de\/wp-json\/wp\/v2\/product_cat?post=5319"},{"taxonomy":"product_tag","embeddable":true,"href":"https:\/\/yeni.vasel.com.tr\/de\/wp-json\/wp\/v2\/product_tag?post=5319"}],"curies":[{"name":"wp","href":"https:\/\/api.w.org\/{rel}","templated":true}]}}