{"id":5304,"date":"2023-07-26T10:03:33","date_gmt":"2023-07-26T07:03:33","guid":{"rendered":"https:\/\/yeni.vasel.com.tr\/?post_type=product&#038;p=5304"},"modified":"2023-07-26T10:03:33","modified_gmt":"2023-07-26T07:03:33","slug":"350-vs1040f-s16fr-vs1040f-s24fr-vasel-vinc-crane-cable-festoon-system-soket-takimi-plug-and-socket","status":"publish","type":"product","link":"https:\/\/yeni.vasel.com.tr\/de\/350-vs1040f-s16fr-vs1040f-s24fr-vasel-vinc-crane-cable-festoon-system-soket-takimi-plug-and-socket\/","title":{"rendered":"Soket Tak\u0131m"},"content":{"rendered":"<p>&nbsp;<\/p>\n<table width=\"352\">\n<tbody>\n<tr>\n<td rowspan=\"2\" width=\"119\">Produktcode<\/td>\n<td rowspan=\"2\" width=\"233\">\u00dcr\u00fcn Ad\u0131<\/td>\n<\/tr>\n<\/tbody>\n<\/table>\n<table width=\"352\">\n<tbody>\n<tr>\n<td width=\"119\">VS1028F-S16FR<\/td>\n<td width=\"233\">Soket Tak\u0131m\u0131 16\u2019l\u0131 (FR)<\/td>\n<\/tr>\n<tr>\n<td>VS1028F-S24FR<\/td>\n<td>Soket Tak\u0131m\u0131 24\u2019l\u00fc (FR)<\/td>\n<\/tr>\n<\/tbody>\n<\/table>","protected":false},"excerpt":{"rendered":"<p>&nbsp; \u00dcr\u00fcn Kodu \u00dcr\u00fcn Ad\u0131 VS1028F-S16FR Soket Tak\u0131m\u0131 16\u2019l\u0131 (FR) VS1028F-S24FR Soket Tak\u0131m\u0131 24\u2019l\u00fc (FR)<\/p>","protected":false},"featured_media":5305,"comment_status":"closed","ping_status":"closed","template":"","meta":{"_et_pb_use_builder":"","_et_pb_old_content":"","_et_gb_content_width":""},"product_brand":[],"product_cat":[221,218],"product_tag":[],"class_list":{"0":"post-5304","1":"product","2":"type-product","3":"status-publish","4":"has-post-thumbnail","6":"product_cat-1040-vasel-vinc-c-profil-kablo-tasima-sistemleri-crane-cable-festoon-system-c-rail-c-profil-c-track","7":"product_cat-vasel-vinc-c-profil-kablo-tasima-sistemleri-crane-cable-festoon-system-c-rail-c-profil-c-track","9":"first","10":"instock","11":"shipping-taxable","12":"product-type-simple"},"_links":{"self":[{"href":"https:\/\/yeni.vasel.com.tr\/de\/wp-json\/wp\/v2\/product\/5304","targetHints":{"allow":["GET"]}}],"collection":[{"href":"https:\/\/yeni.vasel.com.tr\/de\/wp-json\/wp\/v2\/product"}],"about":[{"href":"https:\/\/yeni.vasel.com.tr\/de\/wp-json\/wp\/v2\/types\/product"}],"replies":[{"embeddable":true,"href":"https:\/\/yeni.vasel.com.tr\/de\/wp-json\/wp\/v2\/comments?post=5304"}],"wp:featuredmedia":[{"embeddable":true,"href":"https:\/\/yeni.vasel.com.tr\/de\/wp-json\/wp\/v2\/media\/5305"}],"wp:attachment":[{"href":"https:\/\/yeni.vasel.com.tr\/de\/wp-json\/wp\/v2\/media?parent=5304"}],"wp:term":[{"taxonomy":"product_brand","embeddable":true,"href":"https:\/\/yeni.vasel.com.tr\/de\/wp-json\/wp\/v2\/product_brand?post=5304"},{"taxonomy":"product_cat","embeddable":true,"href":"https:\/\/yeni.vasel.com.tr\/de\/wp-json\/wp\/v2\/product_cat?post=5304"},{"taxonomy":"product_tag","embeddable":true,"href":"https:\/\/yeni.vasel.com.tr\/de\/wp-json\/wp\/v2\/product_tag?post=5304"}],"curies":[{"name":"wp","href":"https:\/\/api.w.org\/{rel}","templated":true}]}}