{"id":5281,"date":"2023-07-24T12:58:51","date_gmt":"2023-07-24T09:58:51","guid":{"rendered":"https:\/\/yeni.vasel.com.tr\/?post_type=product&#038;p=5281"},"modified":"2023-07-24T12:58:51","modified_gmt":"2023-07-24T09:58:51","slug":"300-vs1040p3-105-4-vasel-vinc-crane-cable-festoon-system-on-araba-towing-trolley-lead-carrier","status":"publish","type":"product","link":"https:\/\/yeni.vasel.com.tr\/de\/300-vs1040p3-105-4-vasel-vinc-crane-cable-festoon-system-on-araba-towing-trolley-lead-carrier\/","title":{"rendered":"\u00d6n Araba"},"content":{"rendered":"<table width=\"419\">\n<tbody>\n<tr>\n<td width=\"219\">Ta\u015f\u0131c\u0131 Tekerlek<\/td>\n<td width=\"200\">\u00c7elik Ta\u015f\u0131y\u0131c\u0131 Tekerlek<\/td>\n<\/tr>\n<tr>\n<td>Material<\/td>\n<td width=\"200\">\u00c7elik G\u00f6vde<br \/>\nPlastik Kablo Ba\u011flant\u0131 Aparat\u0131<br \/>\nGalvanizli G\u00f6vde<\/td>\n<\/tr>\n<tr>\n<td>\u00c7al\u0131\u015fma S\u0131cakl\u0131\u011f\u0131<\/td>\n<td width=\"200\">\u00a0-30\u00b0C to +70\u00b0C<\/td>\n<\/tr>\n<tr>\n<td>Max. Kablo Ta\u015f\u0131ma Kapasitesi<\/td>\n<td width=\"200\">20 kg<\/td>\n<\/tr>\n<tr>\n<td>A\u011f\u0131rl\u0131k (kg)<\/td>\n<td>0,78<\/td>\n<\/tr>\n<\/tbody>\n<\/table>","protected":false},"excerpt":{"rendered":"<table width=\"372\">\n<tbody>\n<tr>\n<td width=\"31\">a1<\/td>\n<td width=\"31\">a2<\/td>\n<td width=\"31\">b1<\/td>\n<td width=\"31\">b2<\/td>\n<td width=\"31\">b3<\/td>\n<td width=\"31\">h1<\/td>\n<td width=\"31\">h2<\/td>\n<td width=\"31\">w1<\/td>\n<td width=\"31\">w2<\/td>\n<td width=\"31\">s<\/td>\n<td width=\"31\">\u00f8D<\/td>\n<td width=\"31\">t<\/td>\n<\/tr>\n<tr>\n<td width=\"31\">64<\/td>\n<td width=\"31\">90<\/td>\n<td width=\"31\">125<\/td>\n<td width=\"31\">84<\/td>\n<td width=\"31\">35<\/td>\n<td width=\"31\">51<\/td>\n<td width=\"31\">48<\/td>\n<td width=\"31\">31<\/td>\n<td width=\"31\">32<\/td>\n<td width=\"31\">37<\/td>\n<td width=\"31\">50<\/td>\n<td width=\"31\">2,5<\/td>\n<\/tr>\n<\/tbody>\n<\/table>","protected":false},"featured_media":5282,"comment_status":"closed","ping_status":"closed","template":"","meta":{"_et_pb_use_builder":"","_et_pb_old_content":"","_et_gb_content_width":""},"product_brand":[],"product_cat":[221,218],"product_tag":[],"class_list":{"0":"post-5281","1":"product","2":"type-product","3":"status-publish","4":"has-post-thumbnail","6":"product_cat-1040-vasel-vinc-c-profil-kablo-tasima-sistemleri-crane-cable-festoon-system-c-rail-c-profil-c-track","7":"product_cat-vasel-vinc-c-profil-kablo-tasima-sistemleri-crane-cable-festoon-system-c-rail-c-profil-c-track","9":"first","10":"instock","11":"shipping-taxable","12":"product-type-simple"},"_links":{"self":[{"href":"https:\/\/yeni.vasel.com.tr\/de\/wp-json\/wp\/v2\/product\/5281","targetHints":{"allow":["GET"]}}],"collection":[{"href":"https:\/\/yeni.vasel.com.tr\/de\/wp-json\/wp\/v2\/product"}],"about":[{"href":"https:\/\/yeni.vasel.com.tr\/de\/wp-json\/wp\/v2\/types\/product"}],"replies":[{"embeddable":true,"href":"https:\/\/yeni.vasel.com.tr\/de\/wp-json\/wp\/v2\/comments?post=5281"}],"wp:featuredmedia":[{"embeddable":true,"href":"https:\/\/yeni.vasel.com.tr\/de\/wp-json\/wp\/v2\/media\/5282"}],"wp:attachment":[{"href":"https:\/\/yeni.vasel.com.tr\/de\/wp-json\/wp\/v2\/media?parent=5281"}],"wp:term":[{"taxonomy":"product_brand","embeddable":true,"href":"https:\/\/yeni.vasel.com.tr\/de\/wp-json\/wp\/v2\/product_brand?post=5281"},{"taxonomy":"product_cat","embeddable":true,"href":"https:\/\/yeni.vasel.com.tr\/de\/wp-json\/wp\/v2\/product_cat?post=5281"},{"taxonomy":"product_tag","embeddable":true,"href":"https:\/\/yeni.vasel.com.tr\/de\/wp-json\/wp\/v2\/product_tag?post=5281"}],"curies":[{"name":"wp","href":"https:\/\/api.w.org\/{rel}","templated":true}]}}