{"id":5252,"date":"2023-07-24T10:08:03","date_gmt":"2023-07-24T07:08:03","guid":{"rendered":"https:\/\/yeni.vasel.com.tr\/?post_type=product&#038;p=5252"},"modified":"2023-07-24T10:08:03","modified_gmt":"2023-07-24T07:08:03","slug":"240-vs1040t5-86-4-s-vasel-vinc-crane-cable-festoon-system-kablo-arabasi-cable-trolley-carrier","status":"publish","type":"product","link":"https:\/\/yeni.vasel.com.tr\/de\/240-vs1040t5-86-4-s-vasel-vinc-crane-cable-festoon-system-kablo-arabasi-cable-trolley-carrier\/","title":{"rendered":"\u00c7elik Araba (Komple \u00c7elik) (u-bolt)"},"content":{"rendered":"<table width=\"384\">\n<tbody>\n<tr>\n<td width=\"215\">Ta\u015f\u0131c\u0131 Tekerlek<\/td>\n<td width=\"169\">\u00c7elik Ta\u015f\u0131y\u0131c\u0131 Tekerlek<\/td>\n<\/tr>\n<tr>\n<td>Material<\/td>\n<td width=\"169\">\u00c7elik G\u00f6vde<br \/>\n\u00c7elik Kablo Ba\u011flant\u0131 Aparat\u0131<br \/>\nGalvanizli G\u00f6vde<\/td>\n<\/tr>\n<tr>\n<td>\u00c7al\u0131\u015fma S\u0131cakl\u0131\u011f\u0131<\/td>\n<td width=\"169\">\u00a0-30\u00b0C to +70\u00b0C<\/td>\n<\/tr>\n<tr>\n<td>Max. Kablo Ta\u015f\u0131ma Kapasitesi<\/td>\n<td width=\"169\">25 kg<\/td>\n<\/tr>\n<tr>\n<td>A\u011f\u0131rl\u0131k (kg)<\/td>\n<td>0,55<\/td>\n<\/tr>\n<\/tbody>\n<\/table>","protected":false},"excerpt":{"rendered":"<table width=\"240\">\n<tbody>\n<tr>\n<td width=\"30\">a1<\/td>\n<td width=\"30\">a2<\/td>\n<td width=\"30\">b1<\/td>\n<td width=\"30\">b2<\/td>\n<td width=\"30\">w1<\/td>\n<td width=\"30\">w2<\/td>\n<td width=\"30\">\u00d8D<\/td>\n<td width=\"30\">s<\/td>\n<\/tr>\n<tr>\n<td>64<\/td>\n<td>90<\/td>\n<td>85<\/td>\n<td>44<\/td>\n<td>31<\/td>\n<td>32<\/td>\n<td>50<\/td>\n<td>17<\/td>\n<\/tr>\n<\/tbody>\n<\/table>","protected":false},"featured_media":5254,"comment_status":"closed","ping_status":"closed","template":"","meta":{"_et_pb_use_builder":"","_et_pb_old_content":"","_et_gb_content_width":""},"product_brand":[],"product_cat":[221,218],"product_tag":[],"class_list":{"0":"post-5252","1":"product","2":"type-product","3":"status-publish","4":"has-post-thumbnail","6":"product_cat-1040-vasel-vinc-c-profil-kablo-tasima-sistemleri-crane-cable-festoon-system-c-rail-c-profil-c-track","7":"product_cat-vasel-vinc-c-profil-kablo-tasima-sistemleri-crane-cable-festoon-system-c-rail-c-profil-c-track","9":"first","10":"instock","11":"shipping-taxable","12":"product-type-simple"},"_links":{"self":[{"href":"https:\/\/yeni.vasel.com.tr\/de\/wp-json\/wp\/v2\/product\/5252","targetHints":{"allow":["GET"]}}],"collection":[{"href":"https:\/\/yeni.vasel.com.tr\/de\/wp-json\/wp\/v2\/product"}],"about":[{"href":"https:\/\/yeni.vasel.com.tr\/de\/wp-json\/wp\/v2\/types\/product"}],"replies":[{"embeddable":true,"href":"https:\/\/yeni.vasel.com.tr\/de\/wp-json\/wp\/v2\/comments?post=5252"}],"wp:featuredmedia":[{"embeddable":true,"href":"https:\/\/yeni.vasel.com.tr\/de\/wp-json\/wp\/v2\/media\/5254"}],"wp:attachment":[{"href":"https:\/\/yeni.vasel.com.tr\/de\/wp-json\/wp\/v2\/media?parent=5252"}],"wp:term":[{"taxonomy":"product_brand","embeddable":true,"href":"https:\/\/yeni.vasel.com.tr\/de\/wp-json\/wp\/v2\/product_brand?post=5252"},{"taxonomy":"product_cat","embeddable":true,"href":"https:\/\/yeni.vasel.com.tr\/de\/wp-json\/wp\/v2\/product_cat?post=5252"},{"taxonomy":"product_tag","embeddable":true,"href":"https:\/\/yeni.vasel.com.tr\/de\/wp-json\/wp\/v2\/product_tag?post=5252"}],"curies":[{"name":"wp","href":"https:\/\/api.w.org\/{rel}","templated":true}]}}