{"id":5222,"date":"2023-07-22T11:19:10","date_gmt":"2023-07-22T08:19:10","guid":{"rendered":"https:\/\/yeni.vasel.com.tr\/?post_type=product&#038;p=5222"},"modified":"2023-07-22T11:19:10","modified_gmt":"2023-07-22T08:19:10","slug":"40-vs1040d4-vasel-vinc-crane-cable-festoon-system-kayar-aski-track-support-bracket-hanger","status":"publish","type":"product","link":"https:\/\/yeni.vasel.com.tr\/de\/40-vs1040d4-vasel-vinc-crane-cable-festoon-system-kayar-aski-track-support-bracket-hanger\/","title":{"rendered":"Kayar ask\u0131 (1012 serisi i\u00e7in uygun tip )"},"content":{"rendered":"<table width=\"222\">\n<tbody>\n<tr>\n<td width=\"82\">Material<\/td>\n<td width=\"140\">\u00c7elik (galvanizli)<\/td>\n<\/tr>\n<tr>\n<td>A\u011f\u0131rl\u0131k(kg)<\/td>\n<td>0,46<\/td>\n<\/tr>\n<\/tbody>\n<\/table>","protected":false},"excerpt":{"rendered":"<table width=\"228\">\n<tbody>\n<tr>\n<td width=\"38\">a1<\/td>\n<td width=\"38\">a2<\/td>\n<td width=\"38\">b1<\/td>\n<td width=\"38\">b2<\/td>\n<td width=\"38\">h<\/td>\n<td width=\"38\">t<\/td>\n<\/tr>\n<tr>\n<td width=\"38\">50<\/td>\n<td width=\"38\">30<\/td>\n<td width=\"38\">111<\/td>\n<td width=\"38\">80<\/td>\n<td width=\"38\">47<\/td>\n<td width=\"38\">5<\/td>\n<\/tr>\n<\/tbody>\n<\/table>","protected":false},"featured_media":5223,"comment_status":"closed","ping_status":"closed","template":"","meta":{"_et_pb_use_builder":"","_et_pb_old_content":"","_et_gb_content_width":""},"product_brand":[],"product_cat":[221,218],"product_tag":[],"class_list":{"0":"post-5222","1":"product","2":"type-product","3":"status-publish","4":"has-post-thumbnail","6":"product_cat-1040-vasel-vinc-c-profil-kablo-tasima-sistemleri-crane-cable-festoon-system-c-rail-c-profil-c-track","7":"product_cat-vasel-vinc-c-profil-kablo-tasima-sistemleri-crane-cable-festoon-system-c-rail-c-profil-c-track","9":"first","10":"instock","11":"shipping-taxable","12":"product-type-simple"},"_links":{"self":[{"href":"https:\/\/yeni.vasel.com.tr\/de\/wp-json\/wp\/v2\/product\/5222","targetHints":{"allow":["GET"]}}],"collection":[{"href":"https:\/\/yeni.vasel.com.tr\/de\/wp-json\/wp\/v2\/product"}],"about":[{"href":"https:\/\/yeni.vasel.com.tr\/de\/wp-json\/wp\/v2\/types\/product"}],"replies":[{"embeddable":true,"href":"https:\/\/yeni.vasel.com.tr\/de\/wp-json\/wp\/v2\/comments?post=5222"}],"wp:featuredmedia":[{"embeddable":true,"href":"https:\/\/yeni.vasel.com.tr\/de\/wp-json\/wp\/v2\/media\/5223"}],"wp:attachment":[{"href":"https:\/\/yeni.vasel.com.tr\/de\/wp-json\/wp\/v2\/media?parent=5222"}],"wp:term":[{"taxonomy":"product_brand","embeddable":true,"href":"https:\/\/yeni.vasel.com.tr\/de\/wp-json\/wp\/v2\/product_brand?post=5222"},{"taxonomy":"product_cat","embeddable":true,"href":"https:\/\/yeni.vasel.com.tr\/de\/wp-json\/wp\/v2\/product_cat?post=5222"},{"taxonomy":"product_tag","embeddable":true,"href":"https:\/\/yeni.vasel.com.tr\/de\/wp-json\/wp\/v2\/product_tag?post=5222"}],"curies":[{"name":"wp","href":"https:\/\/api.w.org\/{rel}","templated":true}]}}