{"id":5081,"date":"2023-07-13T17:30:27","date_gmt":"2023-07-13T14:30:27","guid":{"rendered":"https:\/\/yeni.vasel.com.tr\/?post_type=product&#038;p=5081"},"modified":"2023-07-13T17:30:27","modified_gmt":"2023-07-13T14:30:27","slug":"410-vs1032t3-86-4-s-vasel-vinc-crane-cable-festoon-system-kablo-arabasi-cable-trolley-carrier","status":"publish","type":"product","link":"https:\/\/yeni.vasel.com.tr\/de\/410-vs1032t3-86-4-s-vasel-vinc-crane-cable-festoon-system-kablo-arabasi-cable-trolley-carrier\/","title":{"rendered":"\u00c7elik Araba (u-bolt)"},"content":{"rendered":"<table width=\"415\">\n<tbody>\n<tr>\n<td width=\"219\">Ta\u015f\u0131c\u0131 Tekerlek<\/td>\n<td width=\"196\">\u00c7elik Ta\u015f\u0131y\u0131c\u0131 Tekerlek<\/td>\n<\/tr>\n<tr>\n<td>Material<\/td>\n<td width=\"196\">\u00c7elik G\u00f6vde<br \/>\nPlastik Kablo Ba\u011flant\u0131 Aparat\u0131<br \/>\nGalvanizli G\u00f6vde<\/td>\n<\/tr>\n<tr>\n<td>\u00c7al\u0131\u015fma S\u0131cakl\u0131\u011f\u0131<\/td>\n<td width=\"196\">\u00a0-30\u00b0C to +70\u00b0C<\/td>\n<\/tr>\n<tr>\n<td>Max. Kablo Ta\u015f\u0131ma Kapasitesi<\/td>\n<td>10 kg<\/td>\n<\/tr>\n<tr>\n<td>A\u011f\u0131rl\u0131k (kg)<\/td>\n<td>0,32<\/td>\n<\/tr>\n<\/tbody>\n<\/table>","protected":false},"excerpt":{"rendered":"<table style=\"border-collapse: collapse;width: 384pt\" border=\"0\" width=\"512\" cellspacing=\"0\" cellpadding=\"0\">\n<tbody>\n<tr style=\"height: 15.0pt\">\n<td class=\"xl65\" style=\"height: 15.0pt;width: 48pt\" width=\"64\" height=\"20\">a1<\/td>\n<td class=\"xl65\" style=\"border-left: none;width: 48pt\" width=\"64\">a2<\/td>\n<td class=\"xl65\" style=\"border-left: none;width: 48pt\" width=\"64\">b1<\/td>\n<td class=\"xl65\" style=\"border-left: none;width: 48pt\" width=\"64\">b2<\/td>\n<td class=\"xl65\" style=\"border-left: none;width: 48pt\" width=\"64\">w1<\/td>\n<td class=\"xl65\" style=\"border-left: none;width: 48pt\" width=\"64\">w2<\/td>\n<td class=\"xl65\" style=\"border-left: none;width: 48pt\" width=\"64\">\u00d8D<\/td>\n<td class=\"xl65\" style=\"border-left: none;width: 48pt\" width=\"64\">s<\/td>\n<\/tr>\n<tr style=\"height: 15.0pt\">\n<td class=\"xl67\" style=\"height: 15.0pt;border-top: none\" height=\"20\">64<\/td>\n<td class=\"xl66\" style=\"border-top: none;border-left: none\">90<\/td>\n<td class=\"xl67\" style=\"border-top: none;border-left: none\">93<\/td>\n<td class=\"xl67\" style=\"border-top: none;border-left: none\">66<\/td>\n<td class=\"xl67\" style=\"border-top: none;border-left: none\">25<\/td>\n<td class=\"xl67\" style=\"border-top: none;border-left: none\">24<\/td>\n<td class=\"xl67\" style=\"border-top: none;border-left: none\">50<\/td>\n<td class=\"xl67\" style=\"border-top: none;border-left: none\">21<\/td>\n<\/tr>\n<\/tbody>\n<\/table>","protected":false},"featured_media":5082,"comment_status":"closed","ping_status":"closed","template":"","meta":{"_et_pb_use_builder":"","_et_pb_old_content":"","_et_gb_content_width":""},"product_brand":[],"product_cat":[220,218],"product_tag":[],"class_list":{"0":"post-5081","1":"product","2":"type-product","3":"status-publish","4":"has-post-thumbnail","6":"product_cat-1032-vasel-vinc-c-profil-kablo-tasima-sistemleri-crane-cable-festoon-system-c-rail-c-profil-c-track","7":"product_cat-vasel-vinc-c-profil-kablo-tasima-sistemleri-crane-cable-festoon-system-c-rail-c-profil-c-track","9":"first","10":"instock","11":"shipping-taxable","12":"product-type-simple"},"_links":{"self":[{"href":"https:\/\/yeni.vasel.com.tr\/de\/wp-json\/wp\/v2\/product\/5081","targetHints":{"allow":["GET"]}}],"collection":[{"href":"https:\/\/yeni.vasel.com.tr\/de\/wp-json\/wp\/v2\/product"}],"about":[{"href":"https:\/\/yeni.vasel.com.tr\/de\/wp-json\/wp\/v2\/types\/product"}],"replies":[{"embeddable":true,"href":"https:\/\/yeni.vasel.com.tr\/de\/wp-json\/wp\/v2\/comments?post=5081"}],"wp:featuredmedia":[{"embeddable":true,"href":"https:\/\/yeni.vasel.com.tr\/de\/wp-json\/wp\/v2\/media\/5082"}],"wp:attachment":[{"href":"https:\/\/yeni.vasel.com.tr\/de\/wp-json\/wp\/v2\/media?parent=5081"}],"wp:term":[{"taxonomy":"product_brand","embeddable":true,"href":"https:\/\/yeni.vasel.com.tr\/de\/wp-json\/wp\/v2\/product_brand?post=5081"},{"taxonomy":"product_cat","embeddable":true,"href":"https:\/\/yeni.vasel.com.tr\/de\/wp-json\/wp\/v2\/product_cat?post=5081"},{"taxonomy":"product_tag","embeddable":true,"href":"https:\/\/yeni.vasel.com.tr\/de\/wp-json\/wp\/v2\/product_tag?post=5081"}],"curies":[{"name":"wp","href":"https:\/\/api.w.org\/{rel}","templated":true}]}}