{"id":4598,"date":"2023-06-26T14:26:25","date_gmt":"2023-06-26T11:26:25","guid":{"rendered":"https:\/\/yeni.vasel.com.tr\/?post_type=product&#038;p=4598"},"modified":"2023-06-26T14:26:26","modified_gmt":"2023-06-26T11:26:26","slug":"100-vs1011k-vasel-vinc-crane-cable-festoon-system-kaynak-baglanti-welding-support-bracket","status":"publish","type":"product","link":"https:\/\/yeni.vasel.com.tr\/de\/100-vs1011k-vasel-vinc-crane-cable-festoon-system-kaynak-baglanti-welding-support-bracket\/","title":{"rendered":"Kaynak Ba\u011flant\u0131 Eleman\u0131 (1011 serisi)"},"content":{"rendered":"<table width=\"146\">\n<tbody>\n<tr>\n<td width=\"82\">Material<\/td>\n<td width=\"64\">\u00c7elik<\/td>\n<\/tr>\n<tr>\n<td>A\u011f\u0131rl\u0131k(kg)<\/td>\n<td>0,36<\/td>\n<\/tr>\n<\/tbody>\n<\/table>","protected":false},"excerpt":{"rendered":"<table style=\"border-collapse: collapse;width: 288pt\" border=\"0\" width=\"384\" cellspacing=\"0\" cellpadding=\"0\">\n<tbody>\n<tr style=\"height: 15.0pt\">\n<td class=\"xl66\" style=\"height: 15.0pt;width: 48pt\" width=\"64\" height=\"20\">a<\/td>\n<td class=\"xl66\" style=\"border-left: none;width: 48pt\" width=\"64\">b<span class=\"font5\">1<\/span><\/td>\n<td class=\"xl66\" style=\"border-left: none;width: 48pt\" width=\"64\">b<span class=\"font5\">2<\/span><\/td>\n<td class=\"xl66\" style=\"border-left: none;width: 48pt\" width=\"64\">b<span class=\"font5\">3<\/span><\/td>\n<td class=\"xl66\" style=\"border-left: none;width: 48pt\" width=\"64\">h<span class=\"font5\">1<\/span><\/td>\n<td class=\"xl66\" style=\"border-left: none;width: 48pt\" width=\"64\">h<span class=\"font5\">2<\/span><\/td>\n<\/tr>\n<tr style=\"height: 15.0pt\">\n<td class=\"xl65\" style=\"height: 15.0pt;border-top: none;width: 48pt\" width=\"64\" height=\"20\">39<\/td>\n<td class=\"xl65\" style=\"border-top: none;border-left: none;width: 48pt\" width=\"64\">100<\/td>\n<td class=\"xl65\" style=\"border-top: none;border-left: none;width: 48pt\" width=\"64\">40<\/td>\n<td class=\"xl65\" style=\"border-top: none;border-left: none;width: 48pt\" width=\"64\">90<\/td>\n<td class=\"xl65\" style=\"border-top: none;border-left: none;width: 48pt\" width=\"64\">37<\/td>\n<td class=\"xl65\" style=\"border-top: none;border-left: none;width: 48pt\" width=\"64\">23<\/td>\n<\/tr>\n<\/tbody>\n<\/table>","protected":false},"featured_media":4550,"comment_status":"closed","ping_status":"closed","template":"","meta":{"_et_pb_use_builder":"","_et_pb_old_content":"","_et_gb_content_width":""},"product_brand":[],"product_cat":[220,218],"product_tag":[],"class_list":{"0":"post-4598","1":"product","2":"type-product","3":"status-publish","4":"has-post-thumbnail","6":"product_cat-1032-vasel-vinc-c-profil-kablo-tasima-sistemleri-crane-cable-festoon-system-c-rail-c-profil-c-track","7":"product_cat-vasel-vinc-c-profil-kablo-tasima-sistemleri-crane-cable-festoon-system-c-rail-c-profil-c-track","9":"first","10":"instock","11":"shipping-taxable","12":"product-type-simple"},"_links":{"self":[{"href":"https:\/\/yeni.vasel.com.tr\/de\/wp-json\/wp\/v2\/product\/4598","targetHints":{"allow":["GET"]}}],"collection":[{"href":"https:\/\/yeni.vasel.com.tr\/de\/wp-json\/wp\/v2\/product"}],"about":[{"href":"https:\/\/yeni.vasel.com.tr\/de\/wp-json\/wp\/v2\/types\/product"}],"replies":[{"embeddable":true,"href":"https:\/\/yeni.vasel.com.tr\/de\/wp-json\/wp\/v2\/comments?post=4598"}],"wp:featuredmedia":[{"embeddable":true,"href":"https:\/\/yeni.vasel.com.tr\/de\/wp-json\/wp\/v2\/media\/4550"}],"wp:attachment":[{"href":"https:\/\/yeni.vasel.com.tr\/de\/wp-json\/wp\/v2\/media?parent=4598"}],"wp:term":[{"taxonomy":"product_brand","embeddable":true,"href":"https:\/\/yeni.vasel.com.tr\/de\/wp-json\/wp\/v2\/product_brand?post=4598"},{"taxonomy":"product_cat","embeddable":true,"href":"https:\/\/yeni.vasel.com.tr\/de\/wp-json\/wp\/v2\/product_cat?post=4598"},{"taxonomy":"product_tag","embeddable":true,"href":"https:\/\/yeni.vasel.com.tr\/de\/wp-json\/wp\/v2\/product_tag?post=4598"}],"curies":[{"name":"wp","href":"https:\/\/api.w.org\/{rel}","templated":true}]}}