{"id":4485,"date":"2023-06-24T12:32:23","date_gmt":"2023-06-24T09:32:23","guid":{"rendered":"https:\/\/yeni.vasel.com.tr\/?post_type=product&#038;p=4485"},"modified":"2023-06-24T12:32:23","modified_gmt":"2023-06-24T09:32:23","slug":"820-vs1006l28-vasel-vinc-crane-cable-festoon-system-rope-eye-with-end-stop","status":"publish","type":"product","link":"https:\/\/yeni.vasel.com.tr\/de\/820-vs1006l28-vasel-vinc-crane-cable-festoon-system-rope-eye-with-end-stop\/","title":{"rendered":"Sonland\u0131r\u0131c\u0131l\u0131 Karabina Ask\u0131 Halkas\u0131 (1028 serisi i\u00e7in uygun)"},"content":{"rendered":"<table width=\"270\">\n<tbody>\n<tr>\n<td width=\"96\">Material<\/td>\n<td width=\"174\">\u00c7elik<\/td>\n<\/tr>\n<tr>\n<td>A\u011f\u0131rl\u0131k(kg)<\/td>\n<td>0,1<\/td>\n<\/tr>\n<\/tbody>\n<\/table>","protected":false},"excerpt":{"rendered":"<table style=\"border-collapse: collapse;width: 144pt\" border=\"0\" width=\"192\" cellspacing=\"0\" cellpadding=\"0\">\n<tbody>\n<tr style=\"height: 15.0pt\">\n<td class=\"xl65\" style=\"height: 15.0pt;width: 48pt\" width=\"64\" height=\"20\">a<\/td>\n<td class=\"xl65\" style=\"border-left: none;width: 48pt\" width=\"64\">b<\/td>\n<td class=\"xl65\" style=\"border-left: none;width: 48pt\" width=\"64\">h<\/td>\n<\/tr>\n<tr style=\"height: 15.0pt\">\n<td class=\"xl66\" style=\"height: 15.0pt;border-top: none\" height=\"20\">20<\/td>\n<td class=\"xl66\" style=\"border-top: none;border-left: none\">22<\/td>\n<td class=\"xl66\" style=\"border-top: none;border-left: none\">22<\/td>\n<\/tr>\n<\/tbody>\n<\/table>","protected":false},"featured_media":4486,"comment_status":"closed","ping_status":"closed","template":"","meta":{"_et_pb_use_builder":"","_et_pb_old_content":"","_et_gb_content_width":""},"product_brand":[],"product_cat":[219,218],"product_tag":[],"class_list":{"0":"post-4485","1":"product","2":"type-product","3":"status-publish","4":"has-post-thumbnail","6":"product_cat-1028-vasel-vinc-c-profil-kablo-tasima-sistemleri-crane-cable-festoon-system-c-rail-c-profil-c-track","7":"product_cat-vasel-vinc-c-profil-kablo-tasima-sistemleri-crane-cable-festoon-system-c-rail-c-profil-c-track","9":"first","10":"instock","11":"shipping-taxable","12":"product-type-simple"},"_links":{"self":[{"href":"https:\/\/yeni.vasel.com.tr\/de\/wp-json\/wp\/v2\/product\/4485","targetHints":{"allow":["GET"]}}],"collection":[{"href":"https:\/\/yeni.vasel.com.tr\/de\/wp-json\/wp\/v2\/product"}],"about":[{"href":"https:\/\/yeni.vasel.com.tr\/de\/wp-json\/wp\/v2\/types\/product"}],"replies":[{"embeddable":true,"href":"https:\/\/yeni.vasel.com.tr\/de\/wp-json\/wp\/v2\/comments?post=4485"}],"wp:featuredmedia":[{"embeddable":true,"href":"https:\/\/yeni.vasel.com.tr\/de\/wp-json\/wp\/v2\/media\/4486"}],"wp:attachment":[{"href":"https:\/\/yeni.vasel.com.tr\/de\/wp-json\/wp\/v2\/media?parent=4485"}],"wp:term":[{"taxonomy":"product_brand","embeddable":true,"href":"https:\/\/yeni.vasel.com.tr\/de\/wp-json\/wp\/v2\/product_brand?post=4485"},{"taxonomy":"product_cat","embeddable":true,"href":"https:\/\/yeni.vasel.com.tr\/de\/wp-json\/wp\/v2\/product_cat?post=4485"},{"taxonomy":"product_tag","embeddable":true,"href":"https:\/\/yeni.vasel.com.tr\/de\/wp-json\/wp\/v2\/product_tag?post=4485"}],"curies":[{"name":"wp","href":"https:\/\/api.w.org\/{rel}","templated":true}]}}