{"id":4477,"date":"2023-06-24T12:09:09","date_gmt":"2023-06-24T09:09:09","guid":{"rendered":"https:\/\/yeni.vasel.com.tr\/?post_type=product&#038;p=4477"},"modified":"2023-07-19T15:03:26","modified_gmt":"2023-07-19T12:03:26","slug":"800-vs1006k5-vasel-vinc-crane-cable-festoon-system-karabina-hook","status":"publish","type":"product","link":"https:\/\/yeni.vasel.com.tr\/de\/800-vs1006k5-vasel-vinc-crane-cable-festoon-system-karabina-hook\/","title":{"rendered":"Kablo Emniyet Halat Karabinas\u0131"},"content":{"rendered":"<table width=\"235\">\n<tbody>\n<tr>\n<td width=\"82\">Material<\/td>\n<td width=\"153\">\u00c7elik (galvanizli)<\/td>\n<\/tr>\n<tr>\n<td>A\u011f\u0131rl\u0131k(kg)<\/td>\n<td>0,02<\/td>\n<\/tr>\n<\/tbody>\n<\/table>","protected":false},"excerpt":{"rendered":"<table width=\"96\">\n<tbody>\n<tr>\n<td width=\"32\">a<\/td>\n<td width=\"32\">b<\/td>\n<td width=\"32\">t<\/td>\n<\/tr>\n<tr>\n<td>50<\/td>\n<td>25<\/td>\n<td>5<\/td>\n<\/tr>\n<\/tbody>\n<\/table>","protected":false},"featured_media":4478,"comment_status":"closed","ping_status":"closed","template":"","meta":{"_et_pb_use_builder":"","_et_pb_old_content":"","_et_gb_content_width":""},"product_brand":[],"product_cat":[219,220,218],"product_tag":[],"class_list":{"0":"post-4477","1":"product","2":"type-product","3":"status-publish","4":"has-post-thumbnail","6":"product_cat-1028-vasel-vinc-c-profil-kablo-tasima-sistemleri-crane-cable-festoon-system-c-rail-c-profil-c-track","7":"product_cat-1032-vasel-vinc-c-profil-kablo-tasima-sistemleri-crane-cable-festoon-system-c-rail-c-profil-c-track","8":"product_cat-vasel-vinc-c-profil-kablo-tasima-sistemleri-crane-cable-festoon-system-c-rail-c-profil-c-track","10":"first","11":"instock","12":"shipping-taxable","13":"product-type-simple"},"_links":{"self":[{"href":"https:\/\/yeni.vasel.com.tr\/de\/wp-json\/wp\/v2\/product\/4477","targetHints":{"allow":["GET"]}}],"collection":[{"href":"https:\/\/yeni.vasel.com.tr\/de\/wp-json\/wp\/v2\/product"}],"about":[{"href":"https:\/\/yeni.vasel.com.tr\/de\/wp-json\/wp\/v2\/types\/product"}],"replies":[{"embeddable":true,"href":"https:\/\/yeni.vasel.com.tr\/de\/wp-json\/wp\/v2\/comments?post=4477"}],"wp:featuredmedia":[{"embeddable":true,"href":"https:\/\/yeni.vasel.com.tr\/de\/wp-json\/wp\/v2\/media\/4478"}],"wp:attachment":[{"href":"https:\/\/yeni.vasel.com.tr\/de\/wp-json\/wp\/v2\/media?parent=4477"}],"wp:term":[{"taxonomy":"product_brand","embeddable":true,"href":"https:\/\/yeni.vasel.com.tr\/de\/wp-json\/wp\/v2\/product_brand?post=4477"},{"taxonomy":"product_cat","embeddable":true,"href":"https:\/\/yeni.vasel.com.tr\/de\/wp-json\/wp\/v2\/product_cat?post=4477"},{"taxonomy":"product_tag","embeddable":true,"href":"https:\/\/yeni.vasel.com.tr\/de\/wp-json\/wp\/v2\/product_tag?post=4477"}],"curies":[{"name":"wp","href":"https:\/\/api.w.org\/{rel}","templated":true}]}}